{"id":1912,"date":"2022-11-21T16:59:27","date_gmt":"2022-11-21T16:59:27","guid":{"rendered":"https:\/\/parsi-tours.com\/?page_id=1912"},"modified":"2022-11-21T17:03:06","modified_gmt":"2022-11-21T17:03:06","slug":"nomaden","status":"publish","type":"page","link":"https:\/\/parsi-tours.com\/de\/nomaden\/","title":{"rendered":"Nomaden"},"content":{"rendered":"<div id=\"v1AppleMailSignature\" dir=\"ltr\">\n<h1 dir=\"ltr\"><strong><span style=\"color: #dab34e;\">NOMADEN:<\/span><\/strong><\/h1>\n<\/div>\n<div dir=\"ltr\"><\/div>\n<div dir=\"ltr\"><\/div>\n<div dir=\"ltr\"><\/div>\n<div dir=\"ltr\"><\/div>\n<div dir=\"ltr\"><\/div>\n<div dir=\"ltr\"><\/div>\n<div dir=\"ltr\"><\/div>\n<div dir=\"ltr\"><\/div>\n<div dir=\"ltr\"><\/div>\n<div dir=\"ltr\"><\/div>\n<div id=\"v1AppleMailSignature\" dir=\"ltr\">Das Nomadenleben ist die \u00e4lteste Form des menschlichen Lebens, eine Lebensform, die auch heute noch von einer Minderheit der menschlichen Gesellschaft gelebt wird. \u00a0 Das Festhalten an den Traditionen und Gebr\u00e4uchen und die Bem\u00fchungen um deren Erhaltung sind in der Tat sehr wichtig und haben in der Tourismusbranche zunehmend an Attraktivit\u00e4t gewonnen. Die besonderen Merkmale der Nomaden, wie ihre Sprache, Musik, lokale Speisen, Kunsthandwerk, lokale Kleidung, lokale T\u00e4nze, besondere Rituale und Wohnsitze, werden aufgrund ihrer Einzigartigkeit hoch geachtet. Das wichtigste Merkmal der Nomaden ist ihre Lebensweise: Sie sind mit ihren Herden und Zelten st\u00e4ndig in Bewegung.<\/div>\n<div id=\"v1AppleMailSignature\" dir=\"ltr\"><\/div>\n<div id=\"v1AppleMailSignature\" dir=\"ltr\">Geografisch gesehen ist der Iran eine der bemerkenswertesten Regionen der Welt, um Nomadenst\u00e4mme und ihre Kultur zu beobachten, da es im ganzen Land zahlreiche Nomadenst\u00e4mme gibt. Im Norden, Nordosten, Nordwesten, Westen, S\u00fcdwesten, S\u00fcden, Osten und S\u00fcdosten und schlie\u00dflich im Zentraliran hat die Ausbreitung der Nomaden ein nomadisches Leben und eine nomadische Wirtschaft hervorgebracht, die auf dem geeigneten Standort und den nat\u00fcrlichen geografischen Bedingungen basieren. Kurden, Bachtiarier, Luren, Gilaks, Belutschen. Araber, Gaschgai, Turkmenen, Schahsevan, Afschar und andere sind iranische Nomaden, von denen die gr\u00f6\u00dfte Stammesgruppe die Kurden sind, die in Kurdistan und der n\u00f6rdlichen Zagros-Region leben. \u00a0Gefolgt von den Luren und Bachtiari in den s\u00fcdlichen Zagros-Regionen, den Gaschgai in Fars, den Turkmenen im Nordosten und den Belutschen im S\u00fcdosten.<\/div>\n<div id=\"v1AppleMailSignature\" dir=\"ltr\">Die Gaschgai, die ber\u00fchmten Nomaden Irans, sind ein \u00fcberwiegend t\u00fcrkischsprachiger Stamm, dessen Lebensmittelpunkt in Fars liegt und der durch seine langfristige Wanderung die Region Isfahan mit dem Persischen Golf verbindet.<\/div>\n<div id=\"v1AppleMailSignature\" dir=\"ltr\"><\/div>\n<div id=\"v1AppleMailSignature\" dir=\"ltr\">Bachtiari, einer der \u00e4ltesten und urspr\u00fcnglichsten St\u00e4mme Irans, der auch eine der gr\u00f6\u00dften Gruppen von Nomaden ist, einschlie\u00dflich Chaharmahal Bachtiari, Kohkiloyeh und Boyer Ahmad, Isfahan, Fars, Lorestan und Khuzestan.<\/div>\n<div id=\"v1AppleMailSignature\" dir=\"ltr\"><\/div>\n<div id=\"v1AppleMailSignature\" dir=\"ltr\">Die Kurden mit ihrer gro\u00dfen Bedeutung verbreiten sich vom n\u00f6rdlichen Zagros bis nach West-Aserbaidschan, Kurdistan und Kermanshah. Mit ihrer bedeutenden Kulturgeschichte wie Sprache, Gedichten, T\u00e4nzen, Musik und wertvollen Br\u00e4uchen haben die kurdischen Nomaden eine lange Geschichte im Land Iran.<\/div>\n<div id=\"v1AppleMailSignature\" dir=\"ltr\"><\/div>\n<div id=\"v1AppleMailSignature\" dir=\"ltr\">Belutschen, die Nomaden im \u00e4u\u00dfersten S\u00fcdosten des Iran, in der Region Mokran und im \u00e4u\u00dfersten Westen Pakistans, einer W\u00fcstenregion. Sie haben einen speziellen Dialekt, der als Baluchi bekannt ist, und glauben meist an den sunnitischen Islam.<\/div>\n<div id=\"v1AppleMailSignature\" dir=\"ltr\"><\/div>\n<div id=\"v1AppleMailSignature\" dir=\"ltr\">Die Araber leben haupts\u00e4chlich in der Provinz Khuzestan und in anderen Teilen des S\u00fcdens des Iran in Fars, Hormozgan, Bushehr und an der K\u00fcste des Persischen Golfs.<\/div>\n<div id=\"v1AppleMailSignature\" dir=\"ltr\"><\/div>\n<div id=\"v1AppleMailSignature\" dir=\"ltr\">Luren, unterteilt in Luren und Laks, die in Lorestan, Kermanshah, Ilam, Chharmahal Bkhtiari, Bushehr und Fars verstreut leben.<\/div>\n<div id=\"v1AppleMailSignature\" dir=\"ltr\"><\/div>\n<div id=\"v1AppleMailSignature\" dir=\"ltr\">\u00a0Shahsevan, die gr\u00f6\u00dften Nomaden Aserbaidschans, leben haupts\u00e4chlich in der Moghan-Ebene, in Meshkinshahr und an den H\u00e4ngen des Sabalan-Gebirges.<\/div>\n<div id=\"v1AppleMailSignature\" dir=\"ltr\"><\/div>\n<div id=\"v1AppleMailSignature\" dir=\"ltr\">Afshar ist ein weiterer Nomadenstamm, der \u00fcber den Iran, die T\u00fcrkei und die Republik Aserbaidschan verstreut ist. Ihr Hauptwohnsitz befindet sich jedoch in West-Aserbaidschan, Zanjan, Chorasan, Kerman und Fars.<\/div>\n","protected":false},"excerpt":{"rendered":"<p>NOMADEN: Das Nomadenleben ist die \u00e4lteste Form des menschlichen Lebens, eine Lebensform, die auch heute noch von einer Minderheit der menschlichen Gesellschaft gelebt wird. \u00a0 Das Festhalten an den Traditionen und Gebr\u00e4uchen und die Bem\u00fchungen um deren Erhaltung sind in der Tat sehr wichtig und haben in der Tourismusbranche zunehmend an Attraktivit\u00e4t gewonnen. Die besonderen [&hellip;]<\/p>\n","protected":false},"author":1,"featured_media":0,"parent":0,"menu_order":0,"comment_status":"closed","ping_status":"closed","template":"","meta":{"footnotes":""},"acf":[],"yoast_head":"<!-- This site is optimized with the Yoast SEO Premium plugin v22.0 (Yoast SEO v22.1) - https:\/\/yoast.com\/wordpress\/plugins\/seo\/ -->\n<title>Nomaden | Parsi Tours<\/title>\n<meta name=\"robots\" content=\"index, follow, max-snippet:-1, max-image-preview:large, max-video-preview:-1\" \/>\n<link rel=\"canonical\" href=\"https:\/\/parsi-tours.com\/de\/nomaden\/\" \/>\n<meta property=\"og:locale\" content=\"de_DE\" \/>\n<meta property=\"og:type\" content=\"article\" \/>\n<meta property=\"og:title\" content=\"Nomaden | Parsi Tours\" \/>\n<meta property=\"og:description\" content=\"NOMADEN: Das Nomadenleben ist die \u00e4lteste Form des menschlichen Lebens, eine Lebensform, die auch heute noch von einer Minderheit der menschlichen Gesellschaft gelebt wird. \u00a0 Das Festhalten an den Traditionen und Gebr\u00e4uchen und die Bem\u00fchungen um deren Erhaltung sind in der Tat sehr wichtig und haben in der Tourismusbranche zunehmend an Attraktivit\u00e4t gewonnen. Die besonderen [&hellip;]\" \/>\n<meta property=\"og:url\" content=\"https:\/\/parsi-tours.com\/de\/nomaden\/\" \/>\n<meta property=\"og:site_name\" content=\"Parsi Tours\" \/>\n<meta property=\"article:modified_time\" content=\"2022-11-21T17:03:06+00:00\" \/>\n<meta name=\"twitter:card\" content=\"summary_large_image\" \/>\n<meta name=\"twitter:label1\" content=\"Est. reading time\" \/>\n\t<meta name=\"twitter:data1\" content=\"2 minutes\" \/>\n<script type=\"application\/ld+json\" class=\"yoast-schema-graph\">{\"@context\":\"https:\/\/schema.org\",\"@graph\":[{\"@type\":\"WebPage\",\"@id\":\"https:\/\/parsi-tours.com\/de\/nomaden\/\",\"url\":\"https:\/\/parsi-tours.com\/de\/nomaden\/\",\"name\":\"Nomaden | Parsi Tours\",\"isPartOf\":{\"@id\":\"https:\/\/parsi-tours.com\/#website\"},\"datePublished\":\"2022-11-21T16:59:27+00:00\",\"dateModified\":\"2022-11-21T17:03:06+00:00\",\"breadcrumb\":{\"@id\":\"https:\/\/parsi-tours.com\/de\/nomaden\/#breadcrumb\"},\"inLanguage\":\"de-DE\",\"potentialAction\":[{\"@type\":\"ReadAction\",\"target\":[\"https:\/\/parsi-tours.com\/de\/nomaden\/\"]}]},{\"@type\":\"BreadcrumbList\",\"@id\":\"https:\/\/parsi-tours.com\/de\/nomaden\/#breadcrumb\",\"itemListElement\":[{\"@type\":\"ListItem\",\"position\":1,\"name\":\"Hauptseite\",\"item\":\"https:\/\/parsi-tours.com\/de\/\"},{\"@type\":\"ListItem\",\"position\":2,\"name\":\"Nomaden\"}]},{\"@type\":\"WebSite\",\"@id\":\"https:\/\/parsi-tours.com\/#website\",\"url\":\"https:\/\/parsi-tours.com\/\",\"name\":\"Parsi Tours\",\"description\":\"Tour &amp; Travel Operator in Iran\",\"publisher\":{\"@id\":\"https:\/\/parsi-tours.com\/#organization\"},\"potentialAction\":[{\"@type\":\"SearchAction\",\"target\":{\"@type\":\"EntryPoint\",\"urlTemplate\":\"https:\/\/parsi-tours.com\/?s={search_term_string}\"},\"query-input\":\"required name=search_term_string\"}],\"inLanguage\":\"de-DE\"},{\"@type\":\"Organization\",\"@id\":\"https:\/\/parsi-tours.com\/#organization\",\"name\":\"Parsi Tours Iran Travel Agency: Tour & Travel Operator in Iran\",\"url\":\"https:\/\/parsi-tours.com\/\",\"logo\":{\"@type\":\"ImageObject\",\"inLanguage\":\"de-DE\",\"@id\":\"https:\/\/parsi-tours.com\/#\/schema\/logo\/image\/\",\"url\":\"https:\/\/parsi-tours.com\/wp-content\/uploads\/2022\/08\/logo.png\",\"contentUrl\":\"https:\/\/parsi-tours.com\/wp-content\/uploads\/2022\/08\/logo.png\",\"width\":245,\"height\":200,\"caption\":\"Parsi Tours Iran Travel Agency: Tour & Travel Operator in Iran\"},\"image\":{\"@id\":\"https:\/\/parsi-tours.com\/#\/schema\/logo\/image\/\"},\"sameAs\":[\"https:\/\/www.instagram.com\/parsi_tours\/\"]}]}<\/script>\n<!-- \/ Yoast SEO Premium plugin. -->","yoast_head_json":{"title":"Nomaden | Parsi Tours","robots":{"index":"index","follow":"follow","max-snippet":"max-snippet:-1","max-image-preview":"max-image-preview:large","max-video-preview":"max-video-preview:-1"},"canonical":"https:\/\/parsi-tours.com\/de\/nomaden\/","og_locale":"de_DE","og_type":"article","og_title":"Nomaden | Parsi Tours","og_description":"NOMADEN: Das Nomadenleben ist die \u00e4lteste Form des menschlichen Lebens, eine Lebensform, die auch heute noch von einer Minderheit der menschlichen Gesellschaft gelebt wird. \u00a0 Das Festhalten an den Traditionen und Gebr\u00e4uchen und die Bem\u00fchungen um deren Erhaltung sind in der Tat sehr wichtig und haben in der Tourismusbranche zunehmend an Attraktivit\u00e4t gewonnen. Die besonderen [&hellip;]","og_url":"https:\/\/parsi-tours.com\/de\/nomaden\/","og_site_name":"Parsi Tours","article_modified_time":"2022-11-21T17:03:06+00:00","twitter_card":"summary_large_image","twitter_misc":{"Est. reading time":"2 minutes"},"schema":{"@context":"https:\/\/schema.org","@graph":[{"@type":"WebPage","@id":"https:\/\/parsi-tours.com\/de\/nomaden\/","url":"https:\/\/parsi-tours.com\/de\/nomaden\/","name":"Nomaden | Parsi Tours","isPartOf":{"@id":"https:\/\/parsi-tours.com\/#website"},"datePublished":"2022-11-21T16:59:27+00:00","dateModified":"2022-11-21T17:03:06+00:00","breadcrumb":{"@id":"https:\/\/parsi-tours.com\/de\/nomaden\/#breadcrumb"},"inLanguage":"de-DE","potentialAction":[{"@type":"ReadAction","target":["https:\/\/parsi-tours.com\/de\/nomaden\/"]}]},{"@type":"BreadcrumbList","@id":"https:\/\/parsi-tours.com\/de\/nomaden\/#breadcrumb","itemListElement":[{"@type":"ListItem","position":1,"name":"Hauptseite","item":"https:\/\/parsi-tours.com\/de\/"},{"@type":"ListItem","position":2,"name":"Nomaden"}]},{"@type":"WebSite","@id":"https:\/\/parsi-tours.com\/#website","url":"https:\/\/parsi-tours.com\/","name":"Parsi Tours","description":"Tour &amp; Travel Operator in Iran","publisher":{"@id":"https:\/\/parsi-tours.com\/#organization"},"potentialAction":[{"@type":"SearchAction","target":{"@type":"EntryPoint","urlTemplate":"https:\/\/parsi-tours.com\/?s={search_term_string}"},"query-input":"required name=search_term_string"}],"inLanguage":"de-DE"},{"@type":"Organization","@id":"https:\/\/parsi-tours.com\/#organization","name":"Parsi Tours Iran Travel Agency: Tour & Travel Operator in Iran","url":"https:\/\/parsi-tours.com\/","logo":{"@type":"ImageObject","inLanguage":"de-DE","@id":"https:\/\/parsi-tours.com\/#\/schema\/logo\/image\/","url":"https:\/\/parsi-tours.com\/wp-content\/uploads\/2022\/08\/logo.png","contentUrl":"https:\/\/parsi-tours.com\/wp-content\/uploads\/2022\/08\/logo.png","width":245,"height":200,"caption":"Parsi Tours Iran Travel Agency: Tour & Travel Operator in Iran"},"image":{"@id":"https:\/\/parsi-tours.com\/#\/schema\/logo\/image\/"},"sameAs":["https:\/\/www.instagram.com\/parsi_tours\/"]}]}},"_links":{"self":[{"href":"https:\/\/parsi-tours.com\/de\/wp-json\/wp\/v2\/pages\/1912"}],"collection":[{"href":"https:\/\/parsi-tours.com\/de\/wp-json\/wp\/v2\/pages"}],"about":[{"href":"https:\/\/parsi-tours.com\/de\/wp-json\/wp\/v2\/types\/page"}],"author":[{"embeddable":true,"href":"https:\/\/parsi-tours.com\/de\/wp-json\/wp\/v2\/users\/1"}],"replies":[{"embeddable":true,"href":"https:\/\/parsi-tours.com\/de\/wp-json\/wp\/v2\/comments?post=1912"}],"version-history":[{"count":0,"href":"https:\/\/parsi-tours.com\/de\/wp-json\/wp\/v2\/pages\/1912\/revisions"}],"wp:attachment":[{"href":"https:\/\/parsi-tours.com\/de\/wp-json\/wp\/v2\/media?parent=1912"}],"curies":[{"name":"wp","href":"https:\/\/api.w.org\/{rel}","templated":true}]}}