{"id":1930,"date":"2022-11-21T17:26:10","date_gmt":"2022-11-21T17:26:10","guid":{"rendered":"https:\/\/parsi-tours.com\/?page_id=1930"},"modified":"2022-11-21T17:26:14","modified_gmt":"2022-11-21T17:26:14","slug":"souvenirs","status":"publish","type":"page","link":"https:\/\/parsi-tours.com\/de\/souvenirs\/","title":{"rendered":"Souvenirs"},"content":{"rendered":"<div id=\"v1AppleMailSignature\" dir=\"ltr\">Etwas von unseren Reisen mit nach Hause zu nehmen, etwas, das uns in unvergessliche Erinnerungen an eine ganz besondere Reise eintauchen l\u00e4sst, bietet uns eine greifbare Erinnerung an die wunderbaren Kulturen, Menschen und Erfahrungen, die wir genossen haben.<\/div>\n<div id=\"v1AppleMailSignature\" dir=\"ltr\">Souvenirs spiegeln in der Regel die Essenskultur oder die allgemeinen Br\u00e4uche eines bestimmten Ortes wider und stellen eine Verbindung zwischen diesem Ort und denjenigen her, die ihn besucht haben.<\/div>\n<div id=\"v1AppleMailSignature\" dir=\"ltr\"><\/div>\n<div id=\"v1AppleMailSignature\" dir=\"ltr\">Der Iran bietet hervorragende Souvenirs und ist bei Touristen in aller Welt f\u00fcr die Qualit\u00e4t und das K\u00f6nnen seiner Kunsthandwerker und Hersteller bekannt. Souvenirs aus den iranischen St\u00e4dten sind Symbole f\u00fcr Kultur, Originalit\u00e4t und Tradition. Das iranische Kunsthandwerk genie\u00dft aufgrund des K\u00f6nnens der iranischen K\u00fcnstler und Handwerker weltweites Ansehen. Vieles, was im Iran angeboten wird, ist qualitativ hochwertig und einzigartig, was von ausl\u00e4ndischen Touristen, die Qualit\u00e4t und Individualit\u00e4t zu sch\u00e4tzen wissen, sehr gesch\u00e4tzt wird.<\/div>\n<div id=\"v1AppleMailSignature\" dir=\"ltr\"><\/div>\n<div id=\"v1AppleMailSignature\" dir=\"ltr\">Hier sind einige ber\u00fchmte Souvenirs aus dem Iran, mit denen Sie einen kleinen Teil dieses alten, traditionsreichen Landes mit nach Hause nehmen k\u00f6nnen:<\/div>\n<div id=\"v1AppleMailSignature\" dir=\"ltr\"><\/div>\n<div id=\"v1AppleMailSignature\" dir=\"ltr\">MINAKARI<\/div>\n<div id=\"v1AppleMailSignature\" dir=\"ltr\"><\/div>\n<div id=\"v1AppleMailSignature\" dir=\"ltr\">Minakari ist eine f\u00fcnftausend Jahre alte Kunst, mit der verschiedene Ornamente und Gebrauchsgegenst\u00e4nde versch\u00f6nert werden. Bei dieser Kunst handelt es sich um eine Kombination aus Feuer und Erde, die sich mit der Kunst der Malerei verbindet, um wundersch\u00f6ne Muster zu schaffen. Einigen Experten zufolge entstand diese Kunst im Iran, nachdem byzantinische T\u00f6pferwaren mit iranischen Arbeiten kombiniert worden waren, und gelangte dann in andere L\u00e4nder. Minakari wird meist auf Kupfer ausgef\u00fchrt, kann aber auch auf Gold und Silber ausgef\u00fchrt werden. Gold ist das einzige Metall, das nicht oxidiert, wenn die Emaille schmilzt, was dazu f\u00fchrt, dass ein Muster mit mehr Details und mehr \u00c4hnlichkeit mit dem Smaragd entsteht, w\u00e4hrend Kupfer und Silber diese Eigenschaft nicht haben. Durch die Kombination von Metalloxiden und verschiedenen Salzsorten mit hohen Temperaturen von 750 bis 850 Grad Celsius entsteht Emaille, und die Farben werden im Laufe der Zeit je nach Temperatur erzeugt. Minakari wird haupts\u00e4chlich in Isfahan hergestellt, das als das gro\u00dfe Zentrum f\u00fcr diese beeindruckende persische Kunst gilt.<\/div>\n<div id=\"v1AppleMailSignature\" dir=\"ltr\">Mina bedeutet &#8220;blauer Himmel&#8221; und verweist auf die Tatsache, dass dieses erstaunliche bemalte Gef\u00e4\u00df f\u00fcr uns den sch\u00f6nen blauen Himmel heraufbeschw\u00f6rt.<\/div>\n<div id=\"v1AppleMailSignature\" dir=\"ltr\"><\/div>\n<div id=\"v1AppleMailSignature\" dir=\"ltr\"><\/div>\n<div id=\"v1AppleMailSignature\" dir=\"ltr\">Persischer Teppich<\/div>\n<div id=\"v1AppleMailSignature\" dir=\"ltr\"><\/div>\n<div id=\"v1AppleMailSignature\" dir=\"ltr\">Das wohl ber\u00fchmteste Souvenir des Iran sind handgewebte Teppiche. \u00a0Perserteppiche sind weltber\u00fchmt f\u00fcr ihre fantastischen Muster und ihre bezaubernden Kett- und Wollstoffe, die die einzigartige Kunst des Iran widerspiegeln. Die Teppichweberei im persischen Land geht auf 2500 Jahre zur\u00fcck. Der Pazyryc-Teppich, der aufgrund vieler \u00c4hnlichkeiten mit dem iranischen Design, dem Muster und der ausgiebigen Verwendung von roter Farbe als der \u00e4lteste Teppich der Welt gilt, wird der ach\u00e4menidischen \u00c4ra zugeschrieben. Tats\u00e4chlich waren die Iraner die ersten Menschen auf der Welt, die Teppiche weben konnten, was ein Beweis f\u00fcr die anhaltende Kunst des Teppichwebens im Iran ist. Der Perserteppich ist ein Symbol f\u00fcr Kunst, Genialit\u00e4t, Kultur und Originalit\u00e4t, und viele Touristen sind von seiner Sch\u00f6nheit bezaubert und m\u00f6chten ihn als pr\u00e4chtiges Souvenir mit in ihr Land nehmen. Ein echter Perserteppich ist eine wirklich wunderbare Investition f\u00fcr jeden anspruchsvollen Reisenden.<\/div>\n<div id=\"v1AppleMailSignature\" dir=\"ltr\">Nicht nur Teppiche, sondern auch Kilim, Gabbeh, Jajim und andere gewebte Stoffe sorgen daf\u00fcr, dass es f\u00fcr jede \u00e4sthetische Vorliebe ein hochwertiges Design und einen Stil gibt, der in Ihrem Haus die sch\u00f6ne Erinnerung an eine Reise ins alte Persien wachruft.<\/div>\n<div id=\"v1AppleMailSignature\" dir=\"ltr\"><\/div>\n<div id=\"v1AppleMailSignature\" dir=\"ltr\"><\/div>\n<div id=\"v1AppleMailSignature\" dir=\"ltr\"><\/div>\n<div id=\"v1AppleMailSignature\" dir=\"ltr\">Khatamkari<\/div>\n<div id=\"v1AppleMailSignature\" dir=\"ltr\"><\/div>\n<div id=\"v1AppleMailSignature\" dir=\"ltr\"><\/div>\n<div id=\"v1AppleMailSignature\" dir=\"ltr\">Khatamkari, die Kunst, aus unbelebten Materialien wundervolle Objekte zu schaffen, ist eines der sch\u00f6nsten Kunsthandwerke des Irans, das auf eine tausendj\u00e4hrige Tradition zur\u00fcckgeht. Dabei handelt es sich um die Kunst der Verwendung regelm\u00e4\u00dfiger, sch\u00f6ner und farbenfroher dreieckiger oder polygonaler St\u00fccke, die wie ein Mosaik zusammengesetzt werden, das mit Holzst\u00fccken, Knochen und Metallen, die in winzige Dreiecksformen geschnitten wurden, die Oberfl\u00e4che h\u00f6lzerner Gegenst\u00e4nde ver\u00e4ndert und verziert, um Schmuckk\u00e4stchen, Fotorahmen, Backgammon, Wanduhren usw. zu schaffen. Dar\u00fcber hinaus wurde diese erstaunliche Kunst bei einigen Touristenattraktionen verwendet, darunter die eingelegte Kanzel der Atigh-Moschee in Shiraz, die eingelegten T\u00fcren des Timur-Palastes in Samarkand oder die T\u00fcren der Halle des Golestan-Palastes. Khatamkari ist jedoch in vielen St\u00e4dten Irans zu finden, wobei Isfahan ein Zentrum f\u00fcr diese Kunst ist.<\/div>\n<div id=\"v1AppleMailSignature\" dir=\"ltr\">Sicherlich ist dies eine sehr sch\u00f6ne Reiseerinnerung f\u00fcr Ihr Zuhause.<\/div>\n<div id=\"v1AppleMailSignature\" dir=\"ltr\"><\/div>\n<div id=\"v1AppleMailSignature\" dir=\"ltr\"><\/div>\n<div id=\"v1AppleMailSignature\" dir=\"ltr\">Pistazien, N\u00fcsse, Safran, S\u00fc\u00dfigkeiten und Gew\u00fcrze<\/div>\n<div id=\"v1AppleMailSignature\" dir=\"ltr\"><\/div>\n<div id=\"v1AppleMailSignature\" dir=\"ltr\">Der Iran regt alle Sinne an und bietet einige k\u00f6stliche Souvenirs, die Sie mit nach Hause nehmen k\u00f6nnen, um sie selbst zu genie\u00dfen oder als Geschenk f\u00fcr Familie und Freunde. \u00a0Pistazien und andere N\u00fcsse wie Mandeln, Erdn\u00fcsse, Waln\u00fcsse sowie Trockenfr\u00fcchte gelten als die beliebtesten Souvenirs unter Touristen. Au\u00dferdem verleiht rotgoldener, iranischer Safran jeder Mahlzeit eine besondere Note. Was S\u00fc\u00dfigkeiten betrifft, so gibt es viele k\u00f6stliche Beispiele, die Sie in Versuchung f\u00fchren werden. So sind beispielsweise Gazfahan aus Isfahan, Sohan aus Qom, Kolooche (eine Art Keks) aus den St\u00e4dten an der Kaspischen K\u00fcste oder Nougat aus T\u00e4bris k\u00f6stlich.<\/div>\n<div id=\"v1AppleMailSignature\" dir=\"ltr\"><\/div>\n<div id=\"v1AppleMailSignature\" dir=\"ltr\">K\u00f6stliche Gew\u00fcrze sind wunderbare Mitbringsel: hochwertige Kurkuma, Kreuzk\u00fcmmel, Curry, Oregano, um nur einige zu nennen.<\/div>\n<div id=\"v1AppleMailSignature\" dir=\"ltr\"><\/div>\n<div id=\"v1AppleMailSignature\" dir=\"ltr\"><\/div>\n<div id=\"v1AppleMailSignature\" dir=\"ltr\">Persische T\u00f6pferwaren und Keramiken<\/div>\n<div id=\"v1AppleMailSignature\" dir=\"ltr\"><\/div>\n<div id=\"v1AppleMailSignature\" dir=\"ltr\">Der \u00e4sthetische Genuss, den bunte Gef\u00e4\u00dfe aus Keramik oder Ton bieten, ist wunderbar. Im Iran ist sie eine der \u00e4ltesten Industrien, die Keramikindustrie, die nach arch\u00e4ologischen Ausgrabungen im Iran eine lange Geschichte hat, die mehr als zehntausend Jahre zur\u00fcckreicht. Lalejin in der Provinz Hamedan ist ein Paradies f\u00fcr T\u00f6pfer und Keramikliebhaber, von Tellern und Schalen bis zu Gl\u00e4sern und Vasen. Aber auch Yazd, Natanz und Meybod \u00fcberraschen mit ihren bezaubernden T\u00f6pferarbeiten.<\/div>\n<div id=\"v1AppleMailSignature\" dir=\"ltr\"><\/div>\n<div id=\"v1AppleMailSignature\" dir=\"ltr\"><\/div>\n<div id=\"v1AppleMailSignature\" dir=\"ltr\">Miniatur:<\/div>\n<div id=\"v1AppleMailSignature\" dir=\"ltr\"><\/div>\n<div id=\"v1AppleMailSignature\" dir=\"ltr\">Eine der ausgefeiltesten K\u00fcnste ist die F\u00e4higkeit, eine ganze Szene oder Geschichte im kleinsten Format darzustellen, was eine unglaubliche Liebe zum Detail erfordert. \u00a0Es ist faszinierend, die exquisiten Details in jedem Kunstwerk zu betrachten &#8211; ein wahres Zeugnis f\u00fcr die Kunstfertigkeit seines Sch\u00f6pfers. Miniaturkunstwerke haben im Iran eine lange Geschichte. Sie ist eine der attraktivsten Malereik\u00fcnste des Landes, die die Kultur und Tradition so detailliert darstellt, dass auf den winzigen Gem\u00e4lden religi\u00f6se, nationale, k\u00fcnstlerische und soziale Elemente des Iran zu sehen sind. Dar\u00fcber hinaus sind in einigen F\u00e4llen historische Muster und Fabelwesen zu sehen. Die Isfahan-Miniatur ist nicht nur im Iran, sondern auch in anderen L\u00e4ndern f\u00fcr ihren besonderen Stil bekannt, weshalb Touristen diese wunderbare Kunst gerne als wertvolles Andenken kaufen. Diese Kunst mit ihrer besonderen Sch\u00f6nheit und Eleganz hat die Aufmerksamkeit einer gro\u00dfen Anzahl von Kunstliebhabern sowie von Touristen, die das alte Persien bereisen, auf sich gezogen.<\/div>\n<div id=\"v1AppleMailSignature\" dir=\"ltr\"><\/div>\n<div id=\"v1AppleMailSignature\" dir=\"ltr\"><\/div>\n<div id=\"v1AppleMailSignature\" dir=\"ltr\">T\u00fcrkis:<\/div>\n<div id=\"v1AppleMailSignature\" dir=\"ltr\">Wenn Sie Accessoires wie Halsketten, Armb\u00e4nder, Ringe oder Schmuckst\u00fccke mit sch\u00f6nen Edelsteinen lieben, ist der persische T\u00fcrkis eine wunderbare Wahl f\u00fcr Sie. T\u00fcrkis oder Firoozeh ist einer der wertvollsten Steine, der nicht nur f\u00fcr Schmuck verwendet wird, sondern auch f\u00fcr die Kunst des Einh\u00e4mmerns von kleinen T\u00fcrkisst\u00fccken in Kupfer. Dies wird Firoozeh Koobi genannt, mit dessen Hilfe auff\u00e4llige Gegenst\u00e4nde (Spiegel, Vasen, Tabletts, Teller, Schmuckk\u00e4stchen usw.) hergestellt werden. Neishabur, die Stadt im Iran, ist der Standort von T\u00fcrkisminen, obwohl er in verschiedenen Basaren in verschiedenen St\u00e4dten gefunden werden kann.<\/div>\n<div id=\"v1AppleMailSignature\" dir=\"ltr\"><\/div>\n<div id=\"v1AppleMailSignature\" dir=\"ltr\"><\/div>\n<div id=\"v1AppleMailSignature\" dir=\"ltr\">Handgefertigte T\u00fccher<\/div>\n<div id=\"v1AppleMailSignature\" dir=\"ltr\">Handgefertigte Qualit\u00e4tst\u00fccher sind im Iran von gro\u00dfem Wert; daher gibt es bemerkenswerte Stoffe, die wegen ihrer Feinheit und Handarbeit verehrt werden, darunter Termeh (ein luxuri\u00f6ses, handgewebtes Seidengewebe, f\u00fcr das feine F\u00e4den aus Wolle und Seide ben\u00f6tigt werden), Pateh (ein nat\u00fcrlich gef\u00e4rbtes, handgen\u00e4htes Ziertuch aus Wolle) und Qalamkari (eine Art traditioneller Druck, der auf Textilien aufgebracht wird).<\/div>\n<div id=\"v1AppleMailSignature\" dir=\"ltr\">Yazd ist ber\u00fchmt f\u00fcr Termeh, Kerman ist ein wichtiges Zentrum f\u00fcr Pateh und Qalamkari stammt aus Isfahan.<\/div>\n<div id=\"v1AppleMailSignature\" dir=\"ltr\">Lassen Sie sich diese verf\u00fchrerischen T\u00fccher als Souvenir nicht entgehen.<\/div>\n<div id=\"v1AppleMailSignature\" dir=\"ltr\"><\/div>\n<div id=\"v1AppleMailSignature\" dir=\"ltr\"><\/div>\n<div id=\"v1AppleMailSignature\" dir=\"ltr\">Rosenwasser:<\/div>\n<div id=\"v1AppleMailSignature\" dir=\"ltr\">Wenn die frisch ge\u00f6ffneten Knospen der Rosenbl\u00fcten in den G\u00e4rten dieser sch\u00f6nen Pflanze geerntet werden, werden sie in die Werkst\u00e4tten der Rosenproduktion gebracht, um dieses duftende Produkt w\u00e4hrend der Rosenernte herzustellen. Diese aromatische Produktion hat eine sehr lange Geschichte im Iran, n\u00e4mlich die \u00fcber die wichtigsten Handelswege, also die Seidenstra\u00dfe im 8. und 9. Jahrhundert. Kashan bietet das reinste und hochwertigste Rosenwasser im Iran, und niemand k\u00f6nnte ohne einige Flaschen davon zur\u00fcckkehren. Vergessen Sie es nicht in Ihrem Reisegep\u00e4ck, denn es ist sehr angenehm f\u00fcr Sie, von seinem angenehmen Duft her bis hin zur Hauttherapie.<\/div>\n<div id=\"v1AppleMailSignature\" dir=\"ltr\"><\/div>\n<div id=\"v1AppleMailSignature\" dir=\"ltr\"><\/div>\n<div id=\"v1AppleMailSignature\" dir=\"ltr\">Kaviar:<\/div>\n<div id=\"v1AppleMailSignature\" dir=\"ltr\">Das luxuri\u00f6se, \u00fcppige Lebensmittel aus dem Kaspischen Meer &#8211; Kaviar, der als ein sehr wertvolles iranisches Souvenir gilt. Kaviar ist auch als schwarze Perle bekannt und stammt aus dem 4. Jahrhundert v. Chr. Einige historische Aufzeichnungen deuten darauf hin, dass die Bewohner des persischen Reiches als erste Kaviar probierten, da sie glaubten, er habe viele medizinische Eigenschaften und sei eine Energiequelle. Nahezu 90 Prozent des weltweiten Kaviars werden aus dem Kaspischen Meer im Norden des Irans gewonnen und sind eines der wichtigsten Exportg\u00fcter des Landes.<\/div>\n<div id=\"v1AppleMailSignature\" dir=\"ltr\">Kaviar mit seinem spektakul\u00e4ren Geschmack und Aroma ist sicherlich ein unverwechselbares Souvenir von Ihrer Reise nach Persien.<\/div>\n","protected":false},"excerpt":{"rendered":"<p>Etwas von unseren Reisen mit nach Hause zu nehmen, etwas, das uns in unvergessliche Erinnerungen an eine ganz besondere Reise eintauchen l\u00e4sst, bietet uns eine greifbare Erinnerung an die wunderbaren Kulturen, Menschen und Erfahrungen, die wir genossen haben. Souvenirs spiegeln in der Regel die Essenskultur oder die allgemeinen Br\u00e4uche eines bestimmten Ortes wider und stellen [&hellip;]<\/p>\n","protected":false},"author":1,"featured_media":0,"parent":0,"menu_order":0,"comment_status":"closed","ping_status":"closed","template":"","meta":{"footnotes":""},"acf":[],"yoast_head":"<!-- This site is optimized with the Yoast SEO Premium plugin v22.0 (Yoast SEO v22.1) - https:\/\/yoast.com\/wordpress\/plugins\/seo\/ -->\n<title>Souvenirs | Parsi Tours<\/title>\n<meta name=\"robots\" content=\"index, follow, max-snippet:-1, max-image-preview:large, max-video-preview:-1\" \/>\n<link rel=\"canonical\" href=\"https:\/\/parsi-tours.com\/de\/souvenirs\/\" \/>\n<meta property=\"og:locale\" content=\"de_DE\" \/>\n<meta property=\"og:type\" content=\"article\" \/>\n<meta property=\"og:title\" content=\"Souvenirs | Parsi Tours\" \/>\n<meta property=\"og:description\" content=\"Etwas von unseren Reisen mit nach Hause zu nehmen, etwas, das uns in unvergessliche Erinnerungen an eine ganz besondere Reise eintauchen l\u00e4sst, bietet uns eine greifbare Erinnerung an die wunderbaren Kulturen, Menschen und Erfahrungen, die wir genossen haben. Souvenirs spiegeln in der Regel die Essenskultur oder die allgemeinen Br\u00e4uche eines bestimmten Ortes wider und stellen [&hellip;]\" \/>\n<meta property=\"og:url\" content=\"https:\/\/parsi-tours.com\/de\/souvenirs\/\" \/>\n<meta property=\"og:site_name\" content=\"Parsi Tours\" \/>\n<meta property=\"article:modified_time\" content=\"2022-11-21T17:26:14+00:00\" \/>\n<meta name=\"twitter:card\" content=\"summary_large_image\" \/>\n<meta name=\"twitter:label1\" content=\"Est. reading time\" \/>\n\t<meta name=\"twitter:data1\" content=\"8 minutes\" \/>\n<script type=\"application\/ld+json\" class=\"yoast-schema-graph\">{\"@context\":\"https:\/\/schema.org\",\"@graph\":[{\"@type\":\"WebPage\",\"@id\":\"https:\/\/parsi-tours.com\/de\/souvenirs\/\",\"url\":\"https:\/\/parsi-tours.com\/de\/souvenirs\/\",\"name\":\"Souvenirs | Parsi Tours\",\"isPartOf\":{\"@id\":\"https:\/\/parsi-tours.com\/#website\"},\"datePublished\":\"2022-11-21T17:26:10+00:00\",\"dateModified\":\"2022-11-21T17:26:14+00:00\",\"breadcrumb\":{\"@id\":\"https:\/\/parsi-tours.com\/de\/souvenirs\/#breadcrumb\"},\"inLanguage\":\"de-DE\",\"potentialAction\":[{\"@type\":\"ReadAction\",\"target\":[\"https:\/\/parsi-tours.com\/de\/souvenirs\/\"]}]},{\"@type\":\"BreadcrumbList\",\"@id\":\"https:\/\/parsi-tours.com\/de\/souvenirs\/#breadcrumb\",\"itemListElement\":[{\"@type\":\"ListItem\",\"position\":1,\"name\":\"Hauptseite\",\"item\":\"https:\/\/parsi-tours.com\/de\/\"},{\"@type\":\"ListItem\",\"position\":2,\"name\":\"Souvenirs\"}]},{\"@type\":\"WebSite\",\"@id\":\"https:\/\/parsi-tours.com\/#website\",\"url\":\"https:\/\/parsi-tours.com\/\",\"name\":\"Parsi Tours\",\"description\":\"Tour &amp; Travel Operator in Iran\",\"publisher\":{\"@id\":\"https:\/\/parsi-tours.com\/#organization\"},\"potentialAction\":[{\"@type\":\"SearchAction\",\"target\":{\"@type\":\"EntryPoint\",\"urlTemplate\":\"https:\/\/parsi-tours.com\/?s={search_term_string}\"},\"query-input\":\"required name=search_term_string\"}],\"inLanguage\":\"de-DE\"},{\"@type\":\"Organization\",\"@id\":\"https:\/\/parsi-tours.com\/#organization\",\"name\":\"Parsi Tours Iran Travel Agency: Tour & Travel Operator in Iran\",\"url\":\"https:\/\/parsi-tours.com\/\",\"logo\":{\"@type\":\"ImageObject\",\"inLanguage\":\"de-DE\",\"@id\":\"https:\/\/parsi-tours.com\/#\/schema\/logo\/image\/\",\"url\":\"https:\/\/parsi-tours.com\/wp-content\/uploads\/2022\/08\/logo.png\",\"contentUrl\":\"https:\/\/parsi-tours.com\/wp-content\/uploads\/2022\/08\/logo.png\",\"width\":245,\"height\":200,\"caption\":\"Parsi Tours Iran Travel Agency: Tour & Travel Operator in Iran\"},\"image\":{\"@id\":\"https:\/\/parsi-tours.com\/#\/schema\/logo\/image\/\"},\"sameAs\":[\"https:\/\/www.instagram.com\/parsi_tours\/\"]}]}<\/script>\n<!-- \/ Yoast SEO Premium plugin. -->","yoast_head_json":{"title":"Souvenirs | Parsi Tours","robots":{"index":"index","follow":"follow","max-snippet":"max-snippet:-1","max-image-preview":"max-image-preview:large","max-video-preview":"max-video-preview:-1"},"canonical":"https:\/\/parsi-tours.com\/de\/souvenirs\/","og_locale":"de_DE","og_type":"article","og_title":"Souvenirs | Parsi Tours","og_description":"Etwas von unseren Reisen mit nach Hause zu nehmen, etwas, das uns in unvergessliche Erinnerungen an eine ganz besondere Reise eintauchen l\u00e4sst, bietet uns eine greifbare Erinnerung an die wunderbaren Kulturen, Menschen und Erfahrungen, die wir genossen haben. Souvenirs spiegeln in der Regel die Essenskultur oder die allgemeinen Br\u00e4uche eines bestimmten Ortes wider und stellen [&hellip;]","og_url":"https:\/\/parsi-tours.com\/de\/souvenirs\/","og_site_name":"Parsi Tours","article_modified_time":"2022-11-21T17:26:14+00:00","twitter_card":"summary_large_image","twitter_misc":{"Est. reading time":"8 minutes"},"schema":{"@context":"https:\/\/schema.org","@graph":[{"@type":"WebPage","@id":"https:\/\/parsi-tours.com\/de\/souvenirs\/","url":"https:\/\/parsi-tours.com\/de\/souvenirs\/","name":"Souvenirs | Parsi Tours","isPartOf":{"@id":"https:\/\/parsi-tours.com\/#website"},"datePublished":"2022-11-21T17:26:10+00:00","dateModified":"2022-11-21T17:26:14+00:00","breadcrumb":{"@id":"https:\/\/parsi-tours.com\/de\/souvenirs\/#breadcrumb"},"inLanguage":"de-DE","potentialAction":[{"@type":"ReadAction","target":["https:\/\/parsi-tours.com\/de\/souvenirs\/"]}]},{"@type":"BreadcrumbList","@id":"https:\/\/parsi-tours.com\/de\/souvenirs\/#breadcrumb","itemListElement":[{"@type":"ListItem","position":1,"name":"Hauptseite","item":"https:\/\/parsi-tours.com\/de\/"},{"@type":"ListItem","position":2,"name":"Souvenirs"}]},{"@type":"WebSite","@id":"https:\/\/parsi-tours.com\/#website","url":"https:\/\/parsi-tours.com\/","name":"Parsi Tours","description":"Tour &amp; Travel Operator in Iran","publisher":{"@id":"https:\/\/parsi-tours.com\/#organization"},"potentialAction":[{"@type":"SearchAction","target":{"@type":"EntryPoint","urlTemplate":"https:\/\/parsi-tours.com\/?s={search_term_string}"},"query-input":"required name=search_term_string"}],"inLanguage":"de-DE"},{"@type":"Organization","@id":"https:\/\/parsi-tours.com\/#organization","name":"Parsi Tours Iran Travel Agency: Tour & Travel Operator in Iran","url":"https:\/\/parsi-tours.com\/","logo":{"@type":"ImageObject","inLanguage":"de-DE","@id":"https:\/\/parsi-tours.com\/#\/schema\/logo\/image\/","url":"https:\/\/parsi-tours.com\/wp-content\/uploads\/2022\/08\/logo.png","contentUrl":"https:\/\/parsi-tours.com\/wp-content\/uploads\/2022\/08\/logo.png","width":245,"height":200,"caption":"Parsi Tours Iran Travel Agency: Tour & Travel Operator in Iran"},"image":{"@id":"https:\/\/parsi-tours.com\/#\/schema\/logo\/image\/"},"sameAs":["https:\/\/www.instagram.com\/parsi_tours\/"]}]}},"_links":{"self":[{"href":"https:\/\/parsi-tours.com\/de\/wp-json\/wp\/v2\/pages\/1930"}],"collection":[{"href":"https:\/\/parsi-tours.com\/de\/wp-json\/wp\/v2\/pages"}],"about":[{"href":"https:\/\/parsi-tours.com\/de\/wp-json\/wp\/v2\/types\/page"}],"author":[{"embeddable":true,"href":"https:\/\/parsi-tours.com\/de\/wp-json\/wp\/v2\/users\/1"}],"replies":[{"embeddable":true,"href":"https:\/\/parsi-tours.com\/de\/wp-json\/wp\/v2\/comments?post=1930"}],"version-history":[{"count":0,"href":"https:\/\/parsi-tours.com\/de\/wp-json\/wp\/v2\/pages\/1930\/revisions"}],"wp:attachment":[{"href":"https:\/\/parsi-tours.com\/de\/wp-json\/wp\/v2\/media?parent=1930"}],"curies":[{"name":"wp","href":"https:\/\/api.w.org\/{rel}","templated":true}]}}