{"id":2038,"date":"2022-11-01T07:50:50","date_gmt":"2022-11-01T07:50:50","guid":{"rendered":"https:\/\/parsi-tours.com\/?page_id=2038"},"modified":"2023-09-26T10:35:09","modified_gmt":"2023-09-26T09:35:09","slug":"staedte-im-iran","status":"publish","type":"page","link":"https:\/\/parsi-tours.com\/de\/staedte-im-iran\/","title":{"rendered":"St\u00e4dte im Iran"},"content":{"rendered":"<p>Die St\u00e4dte im Iran sind im Vergleich zu einander unterschiedlich. Die St\u00e4dte im Iran sind Teil der Geschichte des Iran. Erfahren Sie mehr.<\/p>\n<h2>Der Iran hat aufgrund der geographischen Lage vielf\u00e4ltige St\u00e4dte. Es wird jedem Reisenden auffallen, dass die die Architektur und Struktur von denen, einen wichtigen Teil der Kultur im Iran zeigen.<\/h2>\n<p>Die W\u00fcstenst\u00e4dte im Iran haben meist aufgrund des Klimas eine Lehm-Archtikteur, ein Beispiel zu einer Lehmstadt im Iran ist\u00a0 Yazd, dort ist die Altstadt zur UNESCO-Weltkulturerbe registriert worden:\u00a0 <a href=\"https:\/\/en.wikipedia.org\/wiki\/Yazd\">https:\/\/en.wikipedia.org\/wiki\/Yazd.\u00a0<\/a><\/p>\n<p>Neben den traditionelle Orten wie Yazd, gibt es aber viele moderne St\u00e4dte mit westlichem Stiel und Architektur wie die\u00a0 Teheran , die heutzutage kaum noch die alte persische\u00a0 Architektur darstellen k\u00f6nnen.<\/p>\n<h2>Die wichtigen Gro\u00dfst\u00e4dte im Iran lauten:<\/h2>\n<p>Teheran mit ca. 12 Millionen Einwohnern.<\/p>\n<p>T\u00e4bris mit ca. 4 Millionen Einwohnern.<\/p>\n<p>Mashhad, die zweitgr\u00f6\u00dfte Stadt im Iran mit 6 Millionen Einwohnern.<\/p>\n<h2><\/h2>\n","protected":false},"excerpt":{"rendered":"<p>Die St\u00e4dte im Iran sind im Vergleich zu einander unterschiedlich. Die St\u00e4dte im Iran sind Teil der Geschichte des Iran. Erfahren Sie mehr. Der Iran hat aufgrund der geographischen Lage vielf\u00e4ltige St\u00e4dte. Es wird jedem Reisenden auffallen, dass die die Architektur und Struktur von denen, einen wichtigen Teil der Kultur im Iran zeigen. Die W\u00fcstenst\u00e4dte [&hellip;]<\/p>\n","protected":false},"author":1,"featured_media":2336,"parent":0,"menu_order":0,"comment_status":"closed","ping_status":"closed","template":"page.php","meta":{"footnotes":""},"acf":[],"yoast_head":"<!-- This site is optimized with the Yoast SEO Premium plugin v22.0 (Yoast SEO v22.1) - https:\/\/yoast.com\/wordpress\/plugins\/seo\/ -->\n<title>St\u00e4dte im Iran | Parsi Tours<\/title>\n<meta name=\"robots\" content=\"index, follow, max-snippet:-1, max-image-preview:large, max-video-preview:-1\" \/>\n<link rel=\"canonical\" href=\"https:\/\/parsi-tours.com\/de\/staedte-im-iran\/\" \/>\n<meta property=\"og:locale\" content=\"de_DE\" \/>\n<meta property=\"og:type\" content=\"article\" \/>\n<meta property=\"og:title\" content=\"St\u00e4dte im Iran | Parsi Tours\" \/>\n<meta property=\"og:description\" content=\"Die St\u00e4dte im Iran sind im Vergleich zu einander unterschiedlich. Die St\u00e4dte im Iran sind Teil der Geschichte des Iran. Erfahren Sie mehr. Der Iran hat aufgrund der geographischen Lage vielf\u00e4ltige St\u00e4dte. Es wird jedem Reisenden auffallen, dass die die Architektur und Struktur von denen, einen wichtigen Teil der Kultur im Iran zeigen. Die W\u00fcstenst\u00e4dte [&hellip;]\" \/>\n<meta property=\"og:url\" content=\"https:\/\/parsi-tours.com\/de\/staedte-im-iran\/\" \/>\n<meta property=\"og:site_name\" content=\"Parsi Tours\" \/>\n<meta property=\"article:modified_time\" content=\"2023-09-26T09:35:09+00:00\" \/>\n<meta property=\"og:image\" content=\"https:\/\/parsi-tours.com\/wp-content\/uploads\/2022\/11\/YAZD-1.jpg\" \/>\n\t<meta property=\"og:image:width\" content=\"800\" \/>\n\t<meta property=\"og:image:height\" content=\"600\" \/>\n\t<meta property=\"og:image:type\" content=\"image\/jpeg\" \/>\n<meta name=\"twitter:card\" content=\"summary_large_image\" \/>\n<script type=\"application\/ld+json\" class=\"yoast-schema-graph\">{\"@context\":\"https:\/\/schema.org\",\"@graph\":[{\"@type\":\"WebPage\",\"@id\":\"https:\/\/parsi-tours.com\/de\/staedte-im-iran\/\",\"url\":\"https:\/\/parsi-tours.com\/de\/staedte-im-iran\/\",\"name\":\"St\u00e4dte im Iran | Parsi Tours\",\"isPartOf\":{\"@id\":\"https:\/\/parsi-tours.com\/#website\"},\"datePublished\":\"2022-11-01T07:50:50+00:00\",\"dateModified\":\"2023-09-26T09:35:09+00:00\",\"breadcrumb\":{\"@id\":\"https:\/\/parsi-tours.com\/de\/staedte-im-iran\/#breadcrumb\"},\"inLanguage\":\"de-DE\",\"potentialAction\":[{\"@type\":\"ReadAction\",\"target\":[\"https:\/\/parsi-tours.com\/de\/staedte-im-iran\/\"]}]},{\"@type\":\"BreadcrumbList\",\"@id\":\"https:\/\/parsi-tours.com\/de\/staedte-im-iran\/#breadcrumb\",\"itemListElement\":[{\"@type\":\"ListItem\",\"position\":1,\"name\":\"Hauptseite\",\"item\":\"https:\/\/parsi-tours.com\/de\/\"},{\"@type\":\"ListItem\",\"position\":2,\"name\":\"St\u00e4dte im Iran\"}]},{\"@type\":\"WebSite\",\"@id\":\"https:\/\/parsi-tours.com\/#website\",\"url\":\"https:\/\/parsi-tours.com\/\",\"name\":\"Parsi Tours\",\"description\":\"Tour &amp; Travel Operator in Iran\",\"publisher\":{\"@id\":\"https:\/\/parsi-tours.com\/#organization\"},\"potentialAction\":[{\"@type\":\"SearchAction\",\"target\":{\"@type\":\"EntryPoint\",\"urlTemplate\":\"https:\/\/parsi-tours.com\/?s={search_term_string}\"},\"query-input\":\"required name=search_term_string\"}],\"inLanguage\":\"de-DE\"},{\"@type\":\"Organization\",\"@id\":\"https:\/\/parsi-tours.com\/#organization\",\"name\":\"Parsi Tours Iran Travel Agency: Tour & Travel Operator in Iran\",\"url\":\"https:\/\/parsi-tours.com\/\",\"logo\":{\"@type\":\"ImageObject\",\"inLanguage\":\"de-DE\",\"@id\":\"https:\/\/parsi-tours.com\/#\/schema\/logo\/image\/\",\"url\":\"https:\/\/parsi-tours.com\/wp-content\/uploads\/2022\/08\/logo.png\",\"contentUrl\":\"https:\/\/parsi-tours.com\/wp-content\/uploads\/2022\/08\/logo.png\",\"width\":245,\"height\":200,\"caption\":\"Parsi Tours Iran Travel Agency: Tour & Travel Operator in Iran\"},\"image\":{\"@id\":\"https:\/\/parsi-tours.com\/#\/schema\/logo\/image\/\"},\"sameAs\":[\"https:\/\/www.instagram.com\/parsi_tours\/\"]}]}<\/script>\n<!-- \/ Yoast SEO Premium plugin. -->","yoast_head_json":{"title":"St\u00e4dte im Iran | Parsi Tours","robots":{"index":"index","follow":"follow","max-snippet":"max-snippet:-1","max-image-preview":"max-image-preview:large","max-video-preview":"max-video-preview:-1"},"canonical":"https:\/\/parsi-tours.com\/de\/staedte-im-iran\/","og_locale":"de_DE","og_type":"article","og_title":"St\u00e4dte im Iran | Parsi Tours","og_description":"Die St\u00e4dte im Iran sind im Vergleich zu einander unterschiedlich. Die St\u00e4dte im Iran sind Teil der Geschichte des Iran. Erfahren Sie mehr. Der Iran hat aufgrund der geographischen Lage vielf\u00e4ltige St\u00e4dte. Es wird jedem Reisenden auffallen, dass die die Architektur und Struktur von denen, einen wichtigen Teil der Kultur im Iran zeigen. Die W\u00fcstenst\u00e4dte [&hellip;]","og_url":"https:\/\/parsi-tours.com\/de\/staedte-im-iran\/","og_site_name":"Parsi Tours","article_modified_time":"2023-09-26T09:35:09+00:00","og_image":[{"width":800,"height":600,"url":"https:\/\/parsi-tours.com\/wp-content\/uploads\/2022\/11\/YAZD-1.jpg","type":"image\/jpeg"}],"twitter_card":"summary_large_image","schema":{"@context":"https:\/\/schema.org","@graph":[{"@type":"WebPage","@id":"https:\/\/parsi-tours.com\/de\/staedte-im-iran\/","url":"https:\/\/parsi-tours.com\/de\/staedte-im-iran\/","name":"St\u00e4dte im Iran | Parsi Tours","isPartOf":{"@id":"https:\/\/parsi-tours.com\/#website"},"datePublished":"2022-11-01T07:50:50+00:00","dateModified":"2023-09-26T09:35:09+00:00","breadcrumb":{"@id":"https:\/\/parsi-tours.com\/de\/staedte-im-iran\/#breadcrumb"},"inLanguage":"de-DE","potentialAction":[{"@type":"ReadAction","target":["https:\/\/parsi-tours.com\/de\/staedte-im-iran\/"]}]},{"@type":"BreadcrumbList","@id":"https:\/\/parsi-tours.com\/de\/staedte-im-iran\/#breadcrumb","itemListElement":[{"@type":"ListItem","position":1,"name":"Hauptseite","item":"https:\/\/parsi-tours.com\/de\/"},{"@type":"ListItem","position":2,"name":"St\u00e4dte im Iran"}]},{"@type":"WebSite","@id":"https:\/\/parsi-tours.com\/#website","url":"https:\/\/parsi-tours.com\/","name":"Parsi Tours","description":"Tour &amp; Travel Operator in Iran","publisher":{"@id":"https:\/\/parsi-tours.com\/#organization"},"potentialAction":[{"@type":"SearchAction","target":{"@type":"EntryPoint","urlTemplate":"https:\/\/parsi-tours.com\/?s={search_term_string}"},"query-input":"required name=search_term_string"}],"inLanguage":"de-DE"},{"@type":"Organization","@id":"https:\/\/parsi-tours.com\/#organization","name":"Parsi Tours Iran Travel Agency: Tour & Travel Operator in Iran","url":"https:\/\/parsi-tours.com\/","logo":{"@type":"ImageObject","inLanguage":"de-DE","@id":"https:\/\/parsi-tours.com\/#\/schema\/logo\/image\/","url":"https:\/\/parsi-tours.com\/wp-content\/uploads\/2022\/08\/logo.png","contentUrl":"https:\/\/parsi-tours.com\/wp-content\/uploads\/2022\/08\/logo.png","width":245,"height":200,"caption":"Parsi Tours Iran Travel Agency: Tour & Travel Operator in Iran"},"image":{"@id":"https:\/\/parsi-tours.com\/#\/schema\/logo\/image\/"},"sameAs":["https:\/\/www.instagram.com\/parsi_tours\/"]}]}},"_links":{"self":[{"href":"https:\/\/parsi-tours.com\/de\/wp-json\/wp\/v2\/pages\/2038"}],"collection":[{"href":"https:\/\/parsi-tours.com\/de\/wp-json\/wp\/v2\/pages"}],"about":[{"href":"https:\/\/parsi-tours.com\/de\/wp-json\/wp\/v2\/types\/page"}],"author":[{"embeddable":true,"href":"https:\/\/parsi-tours.com\/de\/wp-json\/wp\/v2\/users\/1"}],"replies":[{"embeddable":true,"href":"https:\/\/parsi-tours.com\/de\/wp-json\/wp\/v2\/comments?post=2038"}],"version-history":[{"count":0,"href":"https:\/\/parsi-tours.com\/de\/wp-json\/wp\/v2\/pages\/2038\/revisions"}],"wp:featuredmedia":[{"embeddable":true,"href":"https:\/\/parsi-tours.com\/de\/wp-json\/wp\/v2\/media\/2336"}],"wp:attachment":[{"href":"https:\/\/parsi-tours.com\/de\/wp-json\/wp\/v2\/media?parent=2038"}],"curies":[{"name":"wp","href":"https:\/\/api.w.org\/{rel}","templated":true}]}}