{"id":1646,"date":"2022-10-31T07:23:04","date_gmt":"2022-10-31T07:23:04","guid":{"rendered":"https:\/\/parsi-tours.com\/?page_id=1646"},"modified":"2022-10-31T07:23:07","modified_gmt":"2022-10-31T07:23:07","slug":"nomades","status":"publish","type":"page","link":"https:\/\/parsi-tours.com\/es\/nomades\/","title":{"rendered":"N\u00f4mades"},"content":{"rendered":"<h2><span style=\"color: #ff0000;\">N\u00d4MADES<\/span><strong><span style=\"color: #ff0000;\">:<\/span><\/strong><\/h2>\n<p>Viver uma vida n\u00f4made \u00e9 a forma de vida humana mais antiga, que ao longo de muitos anos, foi considerada como uma das maiores atra\u00e7\u00f5es tur\u00edsticas.<\/p>\n<p>De fato, seguir tradi\u00e7\u00f5es e costumes e se esfor\u00e7ar para preserv\u00e1-los durante s\u00e9culos \u00e9 a raz\u00e3o pela qual esse estilo da vida se tornou cada vez mais atraente na ind\u00fastria do turismo.<\/p>\n<p>As caracter\u00edsticas particulares dos n\u00f4mades, incluindo sua l\u00edngua, m\u00fasica, comidas locais, artesanato, roupas locais, dan\u00e7as locais, rituais especiais, resid\u00eancia, s\u00e3o altamente respeitadas devido \u00e0 sua singularidade.<\/p>\n<p>Al\u00e9m disso, a caracter\u00edstica mais significativa dos n\u00f4mades \u00e9 verdadeiramente seu modo da vida.<\/p>\n<p>Em vez da vida rural, eles constantemente est\u00e3o sempre em movimento com seus rebanhos e tendas.<\/p>\n<p>Geograficamente, o Ir\u00e3o \u00e9 uma das regi\u00f5es not\u00e1veis \u200b\u200bdo mundo que abriga in\u00fameras tribos n\u00f4mades em diferentes partes. No norte, nordeste e noroeste, oeste, sudoeste, sul, leste e sudeste e, finalmente na parte central do Ir\u00e3o.<\/p>\n<p>Voc\u00ea pode ver facilmente a dispers\u00e3o dos n\u00f4mades.<\/p>\n<p>As condi\u00e7\u00f5es da geografia natural s\u00e3o a causa de uma economia n\u00f4made baseada na localiza\u00e7\u00e3o adequada. Curdos, Bakhtiaris, Lurs, Gilaks, Baluchs, \u00c1rabes, Qashqai, Turkmen, Shahsevan, Afshar, etc. S\u00e3o os n\u00f4mades iranianos, cujos maiores grupos tribais s\u00e3o os Curdos, que vivem no Curdist\u00e3o e na regi\u00e3o norte de Zagros, seguidos pelos Lurs e Bakhtiari nas regi\u00f5es sul de Zagros, os Qashqai em Fars, os turcomanos em nordeste e os Baluch em sudeste.<\/p>\n<p>Qashqai, o famoso n\u00f4made do Ir\u00e3o, \u00e9 uma tribo de l\u00edngua turca que principalmente est\u00e3o no centro da prov\u00edncia de Fars, conectado \u00e0 regi\u00e3o de Isfahan em dire\u00e7\u00e3o ao Golfo P\u00e9rsico com sua migra\u00e7\u00e3o de longo prazo.<\/p>\n<p>&nbsp;<\/p>\n<p>Bakhtiari, \u00e9 uma das maiores tribos mais antigas e originais do Ir\u00e3o, localizada nas prov\u00edncias de Chaharmahal Bakhtiari, Kohkiloyeh e Boyer Ahmad, Isfahan, Fars, Lorestan e Khuzestan.<\/p>\n<p>Os Curdos, com sua grande import\u00e2ncia, est\u00e3o localizados do norte de Zagros ao oeste do Azerbaij\u00e3o, Curdist\u00e3o e Kermanshah.<\/p>\n<p>Com uma hist\u00f3ria cultural significativa como seu idioma, poemas, dan\u00e7a, m\u00fasica e costumes preciosos, os n\u00f4mades Curdos desfrutam de uma longa hist\u00f3ria na terra do Ir\u00e3o.<\/p>\n<p>&nbsp;<\/p>\n<p>Baluch, os n\u00f4mades do extremo sudeste do Ir\u00e3o, da regi\u00e3o de Mokran e do extremo oeste do Paquist\u00e3o, que \u00e9 uma regi\u00e3o des\u00e9rtica. Eles t\u00eam um dialeto especial conhecido como Baluchi, que acreditam principalmente no islamismo sunita.<\/p>\n<p>Os \u00e1rabes, em sua maioria, vivem na prov\u00edncia de Khuzist\u00e3o e em outras partes do sul do Ir\u00e3o e em Fars, Hormozgan, Bushehr e na costa do Golfo P\u00e9rsico.<\/p>\n<p>&nbsp;<\/p>\n<p>Lurs, \u00e9 dividido em Lurs e Laks que est\u00e3o espalhados em Lorestan, Kermanshah, Ilam, Chharmahal Bkhtiari, Bushehr e Fars.<\/p>\n<p>Shahsevan, \u00e9 o maior n\u00f4made do Azerbaij\u00e3o que vive principalmente na Plan\u00edcie Moghan, Meshkinshahr e nas encostas da Montanha Sabalan.<\/p>\n<p>&nbsp;<\/p>\n<p>Afshar \u00e9 outro n\u00f4made que est\u00e1 espalhado pelo Ir\u00e3o, Turquia e Rep\u00fablica do Azerbaij\u00e3o.<\/p>\n<p>No entanto, o principal centro de sua resid\u00eancia est\u00e1 no oeste do Azerbaij\u00e3o, Zanjan, Khorasan, Kerman e Fars.<\/p>\n","protected":false},"excerpt":{"rendered":"<p>N\u00d4MADES: Viver uma vida n\u00f4made \u00e9 a forma de vida humana mais antiga, que ao longo de muitos anos, foi considerada como uma das maiores atra\u00e7\u00f5es tur\u00edsticas. De fato, seguir tradi\u00e7\u00f5es e costumes e se esfor\u00e7ar para preserv\u00e1-los durante s\u00e9culos \u00e9 a raz\u00e3o pela qual esse estilo da vida se tornou cada vez mais atraente [&hellip;]<\/p>\n","protected":false},"author":1,"featured_media":0,"parent":0,"menu_order":0,"comment_status":"closed","ping_status":"closed","template":"","meta":{"footnotes":""},"acf":[],"yoast_head":"<!-- This site is optimized with the Yoast SEO Premium plugin v22.0 (Yoast SEO v22.1) - https:\/\/yoast.com\/wordpress\/plugins\/seo\/ -->\n<title>N\u00f4mades | Parsi Tours<\/title>\n<meta name=\"robots\" content=\"index, follow, max-snippet:-1, max-image-preview:large, max-video-preview:-1\" \/>\n<link rel=\"canonical\" href=\"https:\/\/parsi-tours.com\/es\/nomades\/\" \/>\n<meta property=\"og:locale\" content=\"es_ES\" \/>\n<meta property=\"og:type\" content=\"article\" \/>\n<meta property=\"og:title\" content=\"N\u00f4mades | Parsi Tours\" \/>\n<meta property=\"og:description\" content=\"N\u00d4MADES: Viver uma vida n\u00f4made \u00e9 a forma de vida humana mais antiga, que ao longo de muitos anos, foi considerada como uma das maiores atra\u00e7\u00f5es tur\u00edsticas. De fato, seguir tradi\u00e7\u00f5es e costumes e se esfor\u00e7ar para preserv\u00e1-los durante s\u00e9culos \u00e9 a raz\u00e3o pela qual esse estilo da vida se tornou cada vez mais atraente [&hellip;]\" \/>\n<meta property=\"og:url\" content=\"https:\/\/parsi-tours.com\/es\/nomades\/\" \/>\n<meta property=\"og:site_name\" content=\"Parsi Tours\" \/>\n<meta property=\"article:modified_time\" content=\"2022-10-31T07:23:07+00:00\" \/>\n<meta name=\"twitter:card\" content=\"summary_large_image\" \/>\n<meta name=\"twitter:label1\" content=\"Est. reading time\" \/>\n\t<meta name=\"twitter:data1\" content=\"3 minutes\" \/>\n<script type=\"application\/ld+json\" class=\"yoast-schema-graph\">{\"@context\":\"https:\/\/schema.org\",\"@graph\":[{\"@type\":\"WebPage\",\"@id\":\"https:\/\/parsi-tours.com\/es\/nomades\/\",\"url\":\"https:\/\/parsi-tours.com\/es\/nomades\/\",\"name\":\"N\u00f4mades | Parsi Tours\",\"isPartOf\":{\"@id\":\"https:\/\/parsi-tours.com\/#website\"},\"datePublished\":\"2022-10-31T07:23:04+00:00\",\"dateModified\":\"2022-10-31T07:23:07+00:00\",\"breadcrumb\":{\"@id\":\"https:\/\/parsi-tours.com\/es\/nomades\/#breadcrumb\"},\"inLanguage\":\"es-ES\",\"potentialAction\":[{\"@type\":\"ReadAction\",\"target\":[\"https:\/\/parsi-tours.com\/es\/nomades\/\"]}]},{\"@type\":\"BreadcrumbList\",\"@id\":\"https:\/\/parsi-tours.com\/es\/nomades\/#breadcrumb\",\"itemListElement\":[{\"@type\":\"ListItem\",\"position\":1,\"name\":\"Inicio\",\"item\":\"https:\/\/parsi-tours.com\/es\/\"},{\"@type\":\"ListItem\",\"position\":2,\"name\":\"N\u00f4mades\"}]},{\"@type\":\"WebSite\",\"@id\":\"https:\/\/parsi-tours.com\/#website\",\"url\":\"https:\/\/parsi-tours.com\/\",\"name\":\"Parsi Tours\",\"description\":\"Tour &amp; Travel Operator in Iran\",\"publisher\":{\"@id\":\"https:\/\/parsi-tours.com\/#organization\"},\"potentialAction\":[{\"@type\":\"SearchAction\",\"target\":{\"@type\":\"EntryPoint\",\"urlTemplate\":\"https:\/\/parsi-tours.com\/?s={search_term_string}\"},\"query-input\":\"required name=search_term_string\"}],\"inLanguage\":\"es-ES\"},{\"@type\":\"Organization\",\"@id\":\"https:\/\/parsi-tours.com\/#organization\",\"name\":\"Parsi Tours Iran Travel Agency: Tour & Travel Operator in Iran\",\"url\":\"https:\/\/parsi-tours.com\/\",\"logo\":{\"@type\":\"ImageObject\",\"inLanguage\":\"es-ES\",\"@id\":\"https:\/\/parsi-tours.com\/#\/schema\/logo\/image\/\",\"url\":\"https:\/\/parsi-tours.com\/wp-content\/uploads\/2022\/08\/logo.png\",\"contentUrl\":\"https:\/\/parsi-tours.com\/wp-content\/uploads\/2022\/08\/logo.png\",\"width\":245,\"height\":200,\"caption\":\"Parsi Tours Iran Travel Agency: Tour & Travel Operator in Iran\"},\"image\":{\"@id\":\"https:\/\/parsi-tours.com\/#\/schema\/logo\/image\/\"},\"sameAs\":[\"https:\/\/www.instagram.com\/parsi_tours\/\"]}]}<\/script>\n<!-- \/ Yoast SEO Premium plugin. -->","yoast_head_json":{"title":"N\u00f4mades | Parsi Tours","robots":{"index":"index","follow":"follow","max-snippet":"max-snippet:-1","max-image-preview":"max-image-preview:large","max-video-preview":"max-video-preview:-1"},"canonical":"https:\/\/parsi-tours.com\/es\/nomades\/","og_locale":"es_ES","og_type":"article","og_title":"N\u00f4mades | Parsi Tours","og_description":"N\u00d4MADES: Viver uma vida n\u00f4made \u00e9 a forma de vida humana mais antiga, que ao longo de muitos anos, foi considerada como uma das maiores atra\u00e7\u00f5es tur\u00edsticas. De fato, seguir tradi\u00e7\u00f5es e costumes e se esfor\u00e7ar para preserv\u00e1-los durante s\u00e9culos \u00e9 a raz\u00e3o pela qual esse estilo da vida se tornou cada vez mais atraente [&hellip;]","og_url":"https:\/\/parsi-tours.com\/es\/nomades\/","og_site_name":"Parsi Tours","article_modified_time":"2022-10-31T07:23:07+00:00","twitter_card":"summary_large_image","twitter_misc":{"Est. reading time":"3 minutes"},"schema":{"@context":"https:\/\/schema.org","@graph":[{"@type":"WebPage","@id":"https:\/\/parsi-tours.com\/es\/nomades\/","url":"https:\/\/parsi-tours.com\/es\/nomades\/","name":"N\u00f4mades | Parsi Tours","isPartOf":{"@id":"https:\/\/parsi-tours.com\/#website"},"datePublished":"2022-10-31T07:23:04+00:00","dateModified":"2022-10-31T07:23:07+00:00","breadcrumb":{"@id":"https:\/\/parsi-tours.com\/es\/nomades\/#breadcrumb"},"inLanguage":"es-ES","potentialAction":[{"@type":"ReadAction","target":["https:\/\/parsi-tours.com\/es\/nomades\/"]}]},{"@type":"BreadcrumbList","@id":"https:\/\/parsi-tours.com\/es\/nomades\/#breadcrumb","itemListElement":[{"@type":"ListItem","position":1,"name":"Inicio","item":"https:\/\/parsi-tours.com\/es\/"},{"@type":"ListItem","position":2,"name":"N\u00f4mades"}]},{"@type":"WebSite","@id":"https:\/\/parsi-tours.com\/#website","url":"https:\/\/parsi-tours.com\/","name":"Parsi Tours","description":"Tour &amp; Travel Operator in Iran","publisher":{"@id":"https:\/\/parsi-tours.com\/#organization"},"potentialAction":[{"@type":"SearchAction","target":{"@type":"EntryPoint","urlTemplate":"https:\/\/parsi-tours.com\/?s={search_term_string}"},"query-input":"required name=search_term_string"}],"inLanguage":"es-ES"},{"@type":"Organization","@id":"https:\/\/parsi-tours.com\/#organization","name":"Parsi Tours Iran Travel Agency: Tour & Travel Operator in Iran","url":"https:\/\/parsi-tours.com\/","logo":{"@type":"ImageObject","inLanguage":"es-ES","@id":"https:\/\/parsi-tours.com\/#\/schema\/logo\/image\/","url":"https:\/\/parsi-tours.com\/wp-content\/uploads\/2022\/08\/logo.png","contentUrl":"https:\/\/parsi-tours.com\/wp-content\/uploads\/2022\/08\/logo.png","width":245,"height":200,"caption":"Parsi Tours Iran Travel Agency: Tour & Travel Operator in Iran"},"image":{"@id":"https:\/\/parsi-tours.com\/#\/schema\/logo\/image\/"},"sameAs":["https:\/\/www.instagram.com\/parsi_tours\/"]}]}},"_links":{"self":[{"href":"https:\/\/parsi-tours.com\/es\/wp-json\/wp\/v2\/pages\/1646"}],"collection":[{"href":"https:\/\/parsi-tours.com\/es\/wp-json\/wp\/v2\/pages"}],"about":[{"href":"https:\/\/parsi-tours.com\/es\/wp-json\/wp\/v2\/types\/page"}],"author":[{"embeddable":true,"href":"https:\/\/parsi-tours.com\/es\/wp-json\/wp\/v2\/users\/1"}],"replies":[{"embeddable":true,"href":"https:\/\/parsi-tours.com\/es\/wp-json\/wp\/v2\/comments?post=1646"}],"version-history":[{"count":0,"href":"https:\/\/parsi-tours.com\/es\/wp-json\/wp\/v2\/pages\/1646\/revisions"}],"wp:attachment":[{"href":"https:\/\/parsi-tours.com\/es\/wp-json\/wp\/v2\/media?parent=1646"}],"curies":[{"name":"wp","href":"https:\/\/api.w.org\/{rel}","templated":true}]}}