{"id":1704,"date":"2022-10-31T08:54:26","date_gmt":"2022-10-31T08:54:26","guid":{"rendered":"https:\/\/parsi-tours.com\/?page_id=1704"},"modified":"2024-01-08T11:24:48","modified_gmt":"2024-01-08T11:24:48","slug":"as-festas-do-irao","status":"publish","type":"page","link":"https:\/\/parsi-tours.com\/es\/as-festas-do-irao\/","title":{"rendered":"As festas do Ir\u00e3o"},"content":{"rendered":"<p>NOWRUZ:<\/p>\n<p>Durante a chegada da primavera, quando a natureza revive e as flores desabrocham, os iranianos celebram o in\u00edcio do renascimento da terra, Nowruz, que \u00e9 considerado o festival mais antigo e importante do Ir\u00e3o. O ritual persa de boas-vindas \u00e0 esta\u00e7\u00e3o verde do ano, Nowruz, \u00e9 celebrado em muitos pa\u00edses ao redor do mundo, incluindo Afeganist\u00e3o, Azerbaij\u00e3o, Tadjiquist\u00e3o, \u00cdndia, Quirguist\u00e3o, Paquist\u00e3o, Uzbequist\u00e3o e Turquia.<\/p>\n<p>Em 13 dias consecutivos, os iranianos celebram o Nowruz com costumes particulares, como colocar a mesa Haft Seen, que consiste em 7 elementos que evocam conceitos diferentes, como crescimento, nascimento, fertilidade, abund\u00e2ncia, sa\u00fade, b\u00ean\u00e7\u00e3o. comer algum alimento especial, como arroz com legumes com peixe, visitar parentes, dar presentes a outras pessoas, especialmente os velhos d\u00e3o presentes para as crian\u00e7as e vestir se roupas novas como sinal da renova\u00e7\u00e3o da terra.<\/p>\n<p>Esta importante celebra\u00e7\u00e3o est\u00e1 registrada como Patrim\u00f4nio Cultural Intang\u00edvel da UNESCO.<\/p>\n<p>&nbsp;<\/p>\n<p>Sizdah-Be-Dar (dia da natureza):<\/p>\n<p>Um antigo ritual, Sizdeh-Be-Dar, \u00e9 o 13\u00ba dia de Nowruz, que \u00e9 reconhecido como o dia da natureza. Neste dia, os iranianos desejam fazer a excurs\u00e3o para tornar um dia memor\u00e1vel no \u00faltimo dia de Nowruz.<\/p>\n<p>Como feriado, as pessoas passam grande parte do tempo na natureza neste dia no sentido de respeitar a natureza, acreditando que honrar a natureza, trar_ lhes_ \u00e1 felicidade e um ano cheio das b\u00ean\u00e7\u00e3os.<\/p>\n<p>Noite de Yalda:<\/p>\n<p>&nbsp;<\/p>\n<p>Uma das noites not\u00e1veis \u200b\u200bdo mundo antigo dos persas. \u00c9 a \u00faltima noite de outono chamada Yalda. Os iranianos celebraram a noite mais longa do ano para celebrar a vit\u00f3ria da luz sobre as trevas.<\/p>\n<p>Esta noite \u00e9 acompanhada por reuni\u00f5es familiares e algumas tradi\u00e7\u00f5es, como a leitura de poemas de Hafiz e Ferdowsi (dois poetas persas proeminentes), comer nozes e doces, al\u00e9m de frutas, principalmente rom\u00e3 e melancia. A primeira \u00e9 s\u00edmbolo de b\u00ean\u00e7\u00e3o e fertilidade, acreditando que traz felicidade por causa de sua cor vermelha. Al\u00e9m disso, a outra como uma fruta do ver\u00e3o, \u00e9 s\u00edmbolo do ver\u00e3o e seu calor, acreditando que durante o inverno, o frio e a doen\u00e7a n\u00e3o o derrotar\u00e3o comendo-o.<\/p>\n<p>Chaharshanbeh Soori:<\/p>\n<p>&nbsp;<\/p>\n<p>Chaharshanbeh soori tem sido considerada a ilustre celebra\u00e7\u00e3o iraniana que acontece na noite da \u00faltima ter\u00e7a-feira do ano, apenas alguns dias antes de Nowruz.<\/p>\n<p>Nesse antigo ritual, o fogo desempenha um papel crucial, que as pessoas acendam um fogo para pular sobre ele, acreditando que com essa a\u00e7\u00e3o poder\u00e3o evitar doen\u00e7as, garantindo bem-estar e sa\u00fade durante o ano novo.<\/p>\n<p>De fato, o fogo na hist\u00f3ria do antigo Ir\u00e3o \u00e9 um s\u00edmbolo de rel\u00e2mpago, pureza e vida. Al\u00e9m disso, a palavra Chaharshanbeh Soori tem duas partes, Chaharshnbeh significa quarta-feira e Soori significa o fogo que realmente merece o nome de festival do fogo.<\/p>\n<p>Este festival emocionante \u00e9 um primeiro passo para dar as boas-vindas \u00e0 primavera com a promessa de um novo ano cheio de alegria e a vida.<\/p>\n<p>Festa da \u00e1gua de rosas:<\/p>\n<p>O cultivo das belas e perfumadas flores, a rosa (flor Mohammadi) no cora\u00e7\u00e3o da cidade deserta, Kashan, pode ser considerada uma das maravilhas do Ir\u00e3o. Kashan e suas cidades mais pr\u00f3ximas, como Ghamsar ou Niasar, hospedam este maravilhoso festival que acontece anualmente desde meio de maio a meio de junho.<\/p>\n<p>A \u00e1gua de rosas ou Golab \u00e9 o produto final que atrai um grande n\u00famero de turistas para visitar o processo de convers\u00e3o de flores de rosas em \u00e1gua de rosas (Golab). De fato, quando os bot\u00f5es de rosa rec\u00e9m-abertos s\u00e3o colhidos nos jardins desta bela planta, eles s\u00e3o levados para as oficinas de produ\u00e7\u00e3o de rosas para preparar este produto perfumado. Este festival e a \u00e1gua de rosas de alta qualidade produzida tem uma reputa\u00e7\u00e3o mundial. Vale ressaltar que a cidade de Qamsar \u00e9 conhecida como o centro da melhor \u00e1gua de rosas do mundo. Este produto tamb\u00e9m \u00e9 usado para lavar a Caaba (MECCA), o primeiro e mais significativo local religioso dos mu\u00e7ulmanos.<\/p>\n","protected":false},"excerpt":{"rendered":"<p>NOWRUZ: Durante a chegada da primavera, quando a natureza revive e as flores desabrocham, os iranianos celebram o in\u00edcio do renascimento da terra, Nowruz, que \u00e9 considerado o festival mais antigo e importante do Ir\u00e3o. O ritual persa de boas-vindas \u00e0 esta\u00e7\u00e3o verde do ano, Nowruz, \u00e9 celebrado em muitos pa\u00edses ao redor do mundo, [&hellip;]<\/p>\n","protected":false},"author":1,"featured_media":0,"parent":0,"menu_order":0,"comment_status":"closed","ping_status":"closed","template":"template\/sheet.php","meta":{"footnotes":""},"acf":[],"yoast_head":"<!-- This site is optimized with the Yoast SEO Premium plugin v22.0 (Yoast SEO v22.1) - https:\/\/yoast.com\/wordpress\/plugins\/seo\/ -->\n<title>As festas do Ir\u00e3o | Parsi Tours<\/title>\n<meta name=\"robots\" content=\"index, follow, max-snippet:-1, max-image-preview:large, max-video-preview:-1\" \/>\n<link rel=\"canonical\" href=\"https:\/\/parsi-tours.com\/es\/as-festas-do-irao\/\" \/>\n<meta property=\"og:locale\" content=\"es_ES\" \/>\n<meta property=\"og:type\" content=\"article\" \/>\n<meta property=\"og:title\" content=\"As festas do Ir\u00e3o | Parsi Tours\" \/>\n<meta property=\"og:description\" content=\"NOWRUZ: Durante a chegada da primavera, quando a natureza revive e as flores desabrocham, os iranianos celebram o in\u00edcio do renascimento da terra, Nowruz, que \u00e9 considerado o festival mais antigo e importante do Ir\u00e3o. O ritual persa de boas-vindas \u00e0 esta\u00e7\u00e3o verde do ano, Nowruz, \u00e9 celebrado em muitos pa\u00edses ao redor do mundo, [&hellip;]\" \/>\n<meta property=\"og:url\" content=\"https:\/\/parsi-tours.com\/es\/as-festas-do-irao\/\" \/>\n<meta property=\"og:site_name\" content=\"Parsi Tours\" \/>\n<meta property=\"article:modified_time\" content=\"2024-01-08T11:24:48+00:00\" \/>\n<meta name=\"twitter:card\" content=\"summary_large_image\" \/>\n<meta name=\"twitter:label1\" content=\"Est. reading time\" \/>\n\t<meta name=\"twitter:data1\" content=\"3 minutes\" \/>\n<script type=\"application\/ld+json\" class=\"yoast-schema-graph\">{\"@context\":\"https:\/\/schema.org\",\"@graph\":[{\"@type\":\"WebPage\",\"@id\":\"https:\/\/parsi-tours.com\/es\/as-festas-do-irao\/\",\"url\":\"https:\/\/parsi-tours.com\/es\/as-festas-do-irao\/\",\"name\":\"As festas do Ir\u00e3o | Parsi Tours\",\"isPartOf\":{\"@id\":\"https:\/\/parsi-tours.com\/#website\"},\"datePublished\":\"2022-10-31T08:54:26+00:00\",\"dateModified\":\"2024-01-08T11:24:48+00:00\",\"breadcrumb\":{\"@id\":\"https:\/\/parsi-tours.com\/es\/as-festas-do-irao\/#breadcrumb\"},\"inLanguage\":\"es-ES\",\"potentialAction\":[{\"@type\":\"ReadAction\",\"target\":[\"https:\/\/parsi-tours.com\/es\/as-festas-do-irao\/\"]}]},{\"@type\":\"BreadcrumbList\",\"@id\":\"https:\/\/parsi-tours.com\/es\/as-festas-do-irao\/#breadcrumb\",\"itemListElement\":[{\"@type\":\"ListItem\",\"position\":1,\"name\":\"Inicio\",\"item\":\"https:\/\/parsi-tours.com\/es\/\"},{\"@type\":\"ListItem\",\"position\":2,\"name\":\"As festas do Ir\u00e3o\"}]},{\"@type\":\"WebSite\",\"@id\":\"https:\/\/parsi-tours.com\/#website\",\"url\":\"https:\/\/parsi-tours.com\/\",\"name\":\"Parsi Tours\",\"description\":\"Tour &amp; Travel Operator in Iran\",\"publisher\":{\"@id\":\"https:\/\/parsi-tours.com\/#organization\"},\"potentialAction\":[{\"@type\":\"SearchAction\",\"target\":{\"@type\":\"EntryPoint\",\"urlTemplate\":\"https:\/\/parsi-tours.com\/?s={search_term_string}\"},\"query-input\":\"required name=search_term_string\"}],\"inLanguage\":\"es-ES\"},{\"@type\":\"Organization\",\"@id\":\"https:\/\/parsi-tours.com\/#organization\",\"name\":\"Parsi Tours Iran Travel Agency: Tour & Travel Operator in Iran\",\"url\":\"https:\/\/parsi-tours.com\/\",\"logo\":{\"@type\":\"ImageObject\",\"inLanguage\":\"es-ES\",\"@id\":\"https:\/\/parsi-tours.com\/#\/schema\/logo\/image\/\",\"url\":\"https:\/\/parsi-tours.com\/wp-content\/uploads\/2022\/08\/logo.png\",\"contentUrl\":\"https:\/\/parsi-tours.com\/wp-content\/uploads\/2022\/08\/logo.png\",\"width\":245,\"height\":200,\"caption\":\"Parsi Tours Iran Travel Agency: Tour & Travel Operator in Iran\"},\"image\":{\"@id\":\"https:\/\/parsi-tours.com\/#\/schema\/logo\/image\/\"},\"sameAs\":[\"https:\/\/www.instagram.com\/parsi_tours\/\"]}]}<\/script>\n<!-- \/ Yoast SEO Premium plugin. -->","yoast_head_json":{"title":"As festas do Ir\u00e3o | Parsi Tours","robots":{"index":"index","follow":"follow","max-snippet":"max-snippet:-1","max-image-preview":"max-image-preview:large","max-video-preview":"max-video-preview:-1"},"canonical":"https:\/\/parsi-tours.com\/es\/as-festas-do-irao\/","og_locale":"es_ES","og_type":"article","og_title":"As festas do Ir\u00e3o | Parsi Tours","og_description":"NOWRUZ: Durante a chegada da primavera, quando a natureza revive e as flores desabrocham, os iranianos celebram o in\u00edcio do renascimento da terra, Nowruz, que \u00e9 considerado o festival mais antigo e importante do Ir\u00e3o. O ritual persa de boas-vindas \u00e0 esta\u00e7\u00e3o verde do ano, Nowruz, \u00e9 celebrado em muitos pa\u00edses ao redor do mundo, [&hellip;]","og_url":"https:\/\/parsi-tours.com\/es\/as-festas-do-irao\/","og_site_name":"Parsi Tours","article_modified_time":"2024-01-08T11:24:48+00:00","twitter_card":"summary_large_image","twitter_misc":{"Est. reading time":"3 minutes"},"schema":{"@context":"https:\/\/schema.org","@graph":[{"@type":"WebPage","@id":"https:\/\/parsi-tours.com\/es\/as-festas-do-irao\/","url":"https:\/\/parsi-tours.com\/es\/as-festas-do-irao\/","name":"As festas do Ir\u00e3o | Parsi Tours","isPartOf":{"@id":"https:\/\/parsi-tours.com\/#website"},"datePublished":"2022-10-31T08:54:26+00:00","dateModified":"2024-01-08T11:24:48+00:00","breadcrumb":{"@id":"https:\/\/parsi-tours.com\/es\/as-festas-do-irao\/#breadcrumb"},"inLanguage":"es-ES","potentialAction":[{"@type":"ReadAction","target":["https:\/\/parsi-tours.com\/es\/as-festas-do-irao\/"]}]},{"@type":"BreadcrumbList","@id":"https:\/\/parsi-tours.com\/es\/as-festas-do-irao\/#breadcrumb","itemListElement":[{"@type":"ListItem","position":1,"name":"Inicio","item":"https:\/\/parsi-tours.com\/es\/"},{"@type":"ListItem","position":2,"name":"As festas do Ir\u00e3o"}]},{"@type":"WebSite","@id":"https:\/\/parsi-tours.com\/#website","url":"https:\/\/parsi-tours.com\/","name":"Parsi Tours","description":"Tour &amp; Travel Operator in Iran","publisher":{"@id":"https:\/\/parsi-tours.com\/#organization"},"potentialAction":[{"@type":"SearchAction","target":{"@type":"EntryPoint","urlTemplate":"https:\/\/parsi-tours.com\/?s={search_term_string}"},"query-input":"required name=search_term_string"}],"inLanguage":"es-ES"},{"@type":"Organization","@id":"https:\/\/parsi-tours.com\/#organization","name":"Parsi Tours Iran Travel Agency: Tour & Travel Operator in Iran","url":"https:\/\/parsi-tours.com\/","logo":{"@type":"ImageObject","inLanguage":"es-ES","@id":"https:\/\/parsi-tours.com\/#\/schema\/logo\/image\/","url":"https:\/\/parsi-tours.com\/wp-content\/uploads\/2022\/08\/logo.png","contentUrl":"https:\/\/parsi-tours.com\/wp-content\/uploads\/2022\/08\/logo.png","width":245,"height":200,"caption":"Parsi Tours Iran Travel Agency: Tour & Travel Operator in Iran"},"image":{"@id":"https:\/\/parsi-tours.com\/#\/schema\/logo\/image\/"},"sameAs":["https:\/\/www.instagram.com\/parsi_tours\/"]}]}},"_links":{"self":[{"href":"https:\/\/parsi-tours.com\/es\/wp-json\/wp\/v2\/pages\/1704"}],"collection":[{"href":"https:\/\/parsi-tours.com\/es\/wp-json\/wp\/v2\/pages"}],"about":[{"href":"https:\/\/parsi-tours.com\/es\/wp-json\/wp\/v2\/types\/page"}],"author":[{"embeddable":true,"href":"https:\/\/parsi-tours.com\/es\/wp-json\/wp\/v2\/users\/1"}],"replies":[{"embeddable":true,"href":"https:\/\/parsi-tours.com\/es\/wp-json\/wp\/v2\/comments?post=1704"}],"version-history":[{"count":0,"href":"https:\/\/parsi-tours.com\/es\/wp-json\/wp\/v2\/pages\/1704\/revisions"}],"wp:attachment":[{"href":"https:\/\/parsi-tours.com\/es\/wp-json\/wp\/v2\/media?parent=1704"}],"curies":[{"name":"wp","href":"https:\/\/api.w.org\/{rel}","templated":true}]}}