{"id":1784,"date":"2022-10-31T11:00:37","date_gmt":"2022-10-31T11:00:37","guid":{"rendered":"https:\/\/parsi-tours.com\/?page_id=1784"},"modified":"2022-11-28T07:35:12","modified_gmt":"2022-11-28T07:35:12","slug":"1784-2","status":"publish","type":"page","link":"https:\/\/parsi-tours.com\/es\/1784-2\/","title":{"rendered":"Las fiestas de Ir\u00e1n"},"content":{"rendered":"<h1><span style=\"color: #dab34e;\">Las fiestas en Ir\u00e1n<\/span><\/h1>\n<p>&nbsp;<\/p>\n<h2><span style=\"color: #0091b5;\"> NOWRUZ:<\/span><\/h2>\n<p>Durante la llegada de primavera en que revive la naturaleza y brotan las flores, los iran\u00edes celebran el comienzo del renacimiento de la tierra, Nowruz, que se considera el festival m\u00e1s antiguo y destacado de Ir\u00e1n. El ritual persa de dar la bienvenida a la estaci\u00f3n verde del a\u00f1o. Nowruz, se celebra en muchos pa\u00edses del mundo, incluidos Afganist\u00e1n, Azerbaiy\u00e1n, Tayikist\u00e1n, India, Kirguist\u00e1n, Pakist\u00e1n, Uzbekist\u00e1n y Turqu\u00eda.<\/p>\n<p>En 13 d\u00edas consecutivos, los iran\u00edes celebran Nowruz con costumbres particulares como poner la mesa de Haft Seen que consta de 7 elementos que cada uno evoca diferentes conceptos como crecimiento, nacimiento, fertilidad, abundancia, salud y bendici\u00f3n.<\/p>\n<p>comiendo alg\u00fan alimento especial como arroz con vegetales con pescado, visitar parientes, entregarse regalos que normalmente los ancianos dan a los ni\u00f1os y usar ropa nueva como un signo de la renovaci\u00f3n de la tierra. Esta importante celebraci\u00f3n est\u00e1 registrada como Patrimonio Cultural Intangible de la UNESCO.<\/p>\n<p>&nbsp;<\/p>\n<h2><span style=\"color: #0091b5;\">Sizdah-Be-Dar (d\u00eda de la naturaleza):<\/span><\/h2>\n<p>&nbsp;<\/p>\n<p>Un ritual de la antig\u00fcedad, Sizdeh-Be-Dar, es el d\u00eda 13 de Nowruz que se reconoce como el d\u00eda de la naturaleza. En este d\u00eda, los iran\u00edes desean ir a la excursi\u00f3n para hacer un d\u00eda memorable en el \u00faltimo d\u00eda de Nowruz.<\/p>\n<p>Como d\u00eda festivo, las personas pasan gran parte del tiempo de este d\u00eda en la naturaleza con el sentido de respetar la, creyendo que honrar la naturaleza, les traer\u00e1 felicidad y un a\u00f1o lleno de bendiciones.<\/p>\n<p>&nbsp;<\/p>\n<h2><span style=\"color: #0091b5;\">\u00a0Noche de Yalda:<\/span><\/h2>\n<p>&nbsp;<\/p>\n<p>Una de las noches notables del mundo antiguo de los persas. Es la \u00faltima noche de oto\u00f1o que se llama Yalda. Los iran\u00edes han celebrado la noche m\u00e1s larga del a\u00f1o para celebrar la victoria de la luz sobre la oscuridad.<\/p>\n<p>Esta noche se acompa\u00f1a de reuniones familiares y algunas tradiciones, como leer poemas de Hafiz y Ferdowsi (dos destacados poetas persas), comer nueces y dulces, as\u00ed como frutas, en particular granada y sand\u00eda. La primera es s\u00edmbolo de bendici\u00f3n y fertilidad, crey\u00e9ndose que trae felicidad por su color rojo. Adem\u00e1s, la otra como fruta de verano, recuerda el verano y su calor, creyendo que durante el invierno, el fr\u00edo y la enfermedad no te vencer\u00e1n al comerlo.<\/p>\n<h2><span style=\"color: #0091b5;\">\u00a0Chaharshanbeh Soori:<\/span><\/h2>\n<p>&nbsp;<\/p>\n<p>Chaharshanbeh soori ha sido considerada la celebraci\u00f3n iran\u00ed distinguida que se lleva a cabo el \u00faltimo martes del a\u00f1o por la noche, solo unos d\u00edas antes de Nowruz.<\/p>\n<p>En este antiguo ritual, el fuego juega un papel crucial, que las personas encienden un fuego para saltar sobre \u00e9l, Teniendo fe que con esta acci\u00f3n podr\u00edan evitar las enfermedades, garantizando el bienestar y la salud durante el a\u00f1o nuevo. De hecho, el fuego en la historia del antiguo Ir\u00e1n es s\u00edmbolo de rel\u00e1mpago, pureza y la vida. Adem\u00e1s, la palabra Chaharshanbeh Soori tiene dos partes, Chaharshnbeh significa mi\u00e9rcoles y Soori significa fuego que realmente merece el nombre de festival del fuego. Esta emocionante fiesta es un primer paso para dar la bienvenida a la primavera con la promesa de un nuevo a\u00f1o lleno de alegr\u00eda y la vida.<\/p>\n<h2><\/h2>\n<h2><span style=\"color: #0091b5;\">Fiesta del agua de rosas:<\/span><\/h2>\n<p>&nbsp;<\/p>\n<p>El cultivo de las flores bellas y fragantes, la rosa (flor de Mohammadi) en el coraz\u00f3n de la ciudad del desierto, Kashan, podr\u00eda considerarse como una de las maravillas de Ir\u00e1n. Kashan y su pueblo m\u00e1s cercano, como Ghamsar o Niasar, albergan este maravilloso festival que se lleva a cabo anualmente desde mediados de mayo hasta mediados de junio. El agua de rosas o Golab es el producto final que atrae a un gran n\u00famero de turistas para visitar el proceso de conversi\u00f3n de flores de rosas en agua de rosas (Golab). De hecho, cuando los capullos de rosa reci\u00e9n abiertos se cosechan de los jardines de esta hermosa planta, se llevan a los talleres de producci\u00f3n de rosas para preparar este fragante producto. Este festival y el agua de rosas producida de alta calidad tiene una reputaci\u00f3n mundial.<\/p>\n<p>Cabe mencionar que la ciudad de Qamsar es conocida como el centro de la mejor agua de rosas del mundo. Tambi\u00e9n se utiliza este producto para lavar a Kaaba (MECCA), el primer y m\u00e1s significativo lugar religioso de los musulmanes.<\/p>\n","protected":false},"excerpt":{"rendered":"<p>Las fiestas en Ir\u00e1n &nbsp; NOWRUZ: Durante la llegada de primavera en que revive la naturaleza y brotan las flores, los iran\u00edes celebran el comienzo del renacimiento de la tierra, Nowruz, que se considera el festival m\u00e1s antiguo y destacado de Ir\u00e1n. El ritual persa de dar la bienvenida a la estaci\u00f3n verde del a\u00f1o. [&hellip;]<\/p>\n","protected":false},"author":1,"featured_media":0,"parent":0,"menu_order":0,"comment_status":"closed","ping_status":"closed","template":"","meta":{"footnotes":""},"acf":[],"yoast_head":"<!-- This site is optimized with the Yoast SEO Premium plugin v22.0 (Yoast SEO v22.1) - https:\/\/yoast.com\/wordpress\/plugins\/seo\/ -->\n<title>Las fiestas de Ir\u00e1n | Parsi Tours<\/title>\n<meta name=\"robots\" content=\"index, follow, max-snippet:-1, max-image-preview:large, max-video-preview:-1\" \/>\n<link rel=\"canonical\" href=\"https:\/\/parsi-tours.com\/es\/1784-2\/\" \/>\n<meta property=\"og:locale\" content=\"es_ES\" \/>\n<meta property=\"og:type\" content=\"article\" \/>\n<meta property=\"og:title\" content=\"Las fiestas de Ir\u00e1n | Parsi Tours\" \/>\n<meta property=\"og:description\" content=\"Las fiestas en Ir\u00e1n &nbsp; NOWRUZ: Durante la llegada de primavera en que revive la naturaleza y brotan las flores, los iran\u00edes celebran el comienzo del renacimiento de la tierra, Nowruz, que se considera el festival m\u00e1s antiguo y destacado de Ir\u00e1n. El ritual persa de dar la bienvenida a la estaci\u00f3n verde del a\u00f1o. [&hellip;]\" \/>\n<meta property=\"og:url\" content=\"https:\/\/parsi-tours.com\/es\/1784-2\/\" \/>\n<meta property=\"og:site_name\" content=\"Parsi Tours\" \/>\n<meta property=\"article:modified_time\" content=\"2022-11-28T07:35:12+00:00\" \/>\n<meta name=\"twitter:card\" content=\"summary_large_image\" \/>\n<meta name=\"twitter:label1\" content=\"Est. reading time\" \/>\n\t<meta name=\"twitter:data1\" content=\"4 minutes\" \/>\n<script type=\"application\/ld+json\" class=\"yoast-schema-graph\">{\"@context\":\"https:\/\/schema.org\",\"@graph\":[{\"@type\":\"WebPage\",\"@id\":\"https:\/\/parsi-tours.com\/es\/1784-2\/\",\"url\":\"https:\/\/parsi-tours.com\/es\/1784-2\/\",\"name\":\"Las fiestas de Ir\u00e1n | Parsi Tours\",\"isPartOf\":{\"@id\":\"https:\/\/parsi-tours.com\/#website\"},\"datePublished\":\"2022-10-31T11:00:37+00:00\",\"dateModified\":\"2022-11-28T07:35:12+00:00\",\"breadcrumb\":{\"@id\":\"https:\/\/parsi-tours.com\/es\/1784-2\/#breadcrumb\"},\"inLanguage\":\"es-ES\",\"potentialAction\":[{\"@type\":\"ReadAction\",\"target\":[\"https:\/\/parsi-tours.com\/es\/1784-2\/\"]}]},{\"@type\":\"BreadcrumbList\",\"@id\":\"https:\/\/parsi-tours.com\/es\/1784-2\/#breadcrumb\",\"itemListElement\":[{\"@type\":\"ListItem\",\"position\":1,\"name\":\"Inicio\",\"item\":\"https:\/\/parsi-tours.com\/es\/\"},{\"@type\":\"ListItem\",\"position\":2,\"name\":\"Las fiestas de Ir\u00e1n\"}]},{\"@type\":\"WebSite\",\"@id\":\"https:\/\/parsi-tours.com\/#website\",\"url\":\"https:\/\/parsi-tours.com\/\",\"name\":\"Parsi Tours\",\"description\":\"Tour &amp; Travel Operator in Iran\",\"publisher\":{\"@id\":\"https:\/\/parsi-tours.com\/#organization\"},\"potentialAction\":[{\"@type\":\"SearchAction\",\"target\":{\"@type\":\"EntryPoint\",\"urlTemplate\":\"https:\/\/parsi-tours.com\/?s={search_term_string}\"},\"query-input\":\"required name=search_term_string\"}],\"inLanguage\":\"es-ES\"},{\"@type\":\"Organization\",\"@id\":\"https:\/\/parsi-tours.com\/#organization\",\"name\":\"Parsi Tours Iran Travel Agency: Tour & Travel Operator in Iran\",\"url\":\"https:\/\/parsi-tours.com\/\",\"logo\":{\"@type\":\"ImageObject\",\"inLanguage\":\"es-ES\",\"@id\":\"https:\/\/parsi-tours.com\/#\/schema\/logo\/image\/\",\"url\":\"https:\/\/parsi-tours.com\/wp-content\/uploads\/2022\/08\/logo.png\",\"contentUrl\":\"https:\/\/parsi-tours.com\/wp-content\/uploads\/2022\/08\/logo.png\",\"width\":245,\"height\":200,\"caption\":\"Parsi Tours Iran Travel Agency: Tour & Travel Operator in Iran\"},\"image\":{\"@id\":\"https:\/\/parsi-tours.com\/#\/schema\/logo\/image\/\"},\"sameAs\":[\"https:\/\/www.instagram.com\/parsi_tours\/\"]}]}<\/script>\n<!-- \/ Yoast SEO Premium plugin. -->","yoast_head_json":{"title":"Las fiestas de Ir\u00e1n | Parsi Tours","robots":{"index":"index","follow":"follow","max-snippet":"max-snippet:-1","max-image-preview":"max-image-preview:large","max-video-preview":"max-video-preview:-1"},"canonical":"https:\/\/parsi-tours.com\/es\/1784-2\/","og_locale":"es_ES","og_type":"article","og_title":"Las fiestas de Ir\u00e1n | Parsi Tours","og_description":"Las fiestas en Ir\u00e1n &nbsp; NOWRUZ: Durante la llegada de primavera en que revive la naturaleza y brotan las flores, los iran\u00edes celebran el comienzo del renacimiento de la tierra, Nowruz, que se considera el festival m\u00e1s antiguo y destacado de Ir\u00e1n. El ritual persa de dar la bienvenida a la estaci\u00f3n verde del a\u00f1o. [&hellip;]","og_url":"https:\/\/parsi-tours.com\/es\/1784-2\/","og_site_name":"Parsi Tours","article_modified_time":"2022-11-28T07:35:12+00:00","twitter_card":"summary_large_image","twitter_misc":{"Est. reading time":"4 minutes"},"schema":{"@context":"https:\/\/schema.org","@graph":[{"@type":"WebPage","@id":"https:\/\/parsi-tours.com\/es\/1784-2\/","url":"https:\/\/parsi-tours.com\/es\/1784-2\/","name":"Las fiestas de Ir\u00e1n | Parsi Tours","isPartOf":{"@id":"https:\/\/parsi-tours.com\/#website"},"datePublished":"2022-10-31T11:00:37+00:00","dateModified":"2022-11-28T07:35:12+00:00","breadcrumb":{"@id":"https:\/\/parsi-tours.com\/es\/1784-2\/#breadcrumb"},"inLanguage":"es-ES","potentialAction":[{"@type":"ReadAction","target":["https:\/\/parsi-tours.com\/es\/1784-2\/"]}]},{"@type":"BreadcrumbList","@id":"https:\/\/parsi-tours.com\/es\/1784-2\/#breadcrumb","itemListElement":[{"@type":"ListItem","position":1,"name":"Inicio","item":"https:\/\/parsi-tours.com\/es\/"},{"@type":"ListItem","position":2,"name":"Las fiestas de Ir\u00e1n"}]},{"@type":"WebSite","@id":"https:\/\/parsi-tours.com\/#website","url":"https:\/\/parsi-tours.com\/","name":"Parsi Tours","description":"Tour &amp; Travel Operator in Iran","publisher":{"@id":"https:\/\/parsi-tours.com\/#organization"},"potentialAction":[{"@type":"SearchAction","target":{"@type":"EntryPoint","urlTemplate":"https:\/\/parsi-tours.com\/?s={search_term_string}"},"query-input":"required name=search_term_string"}],"inLanguage":"es-ES"},{"@type":"Organization","@id":"https:\/\/parsi-tours.com\/#organization","name":"Parsi Tours Iran Travel Agency: Tour & Travel Operator in Iran","url":"https:\/\/parsi-tours.com\/","logo":{"@type":"ImageObject","inLanguage":"es-ES","@id":"https:\/\/parsi-tours.com\/#\/schema\/logo\/image\/","url":"https:\/\/parsi-tours.com\/wp-content\/uploads\/2022\/08\/logo.png","contentUrl":"https:\/\/parsi-tours.com\/wp-content\/uploads\/2022\/08\/logo.png","width":245,"height":200,"caption":"Parsi Tours Iran Travel Agency: Tour & Travel Operator in Iran"},"image":{"@id":"https:\/\/parsi-tours.com\/#\/schema\/logo\/image\/"},"sameAs":["https:\/\/www.instagram.com\/parsi_tours\/"]}]}},"_links":{"self":[{"href":"https:\/\/parsi-tours.com\/es\/wp-json\/wp\/v2\/pages\/1784"}],"collection":[{"href":"https:\/\/parsi-tours.com\/es\/wp-json\/wp\/v2\/pages"}],"about":[{"href":"https:\/\/parsi-tours.com\/es\/wp-json\/wp\/v2\/types\/page"}],"author":[{"embeddable":true,"href":"https:\/\/parsi-tours.com\/es\/wp-json\/wp\/v2\/users\/1"}],"replies":[{"embeddable":true,"href":"https:\/\/parsi-tours.com\/es\/wp-json\/wp\/v2\/comments?post=1784"}],"version-history":[{"count":0,"href":"https:\/\/parsi-tours.com\/es\/wp-json\/wp\/v2\/pages\/1784\/revisions"}],"wp:attachment":[{"href":"https:\/\/parsi-tours.com\/es\/wp-json\/wp\/v2\/media?parent=1784"}],"curies":[{"name":"wp","href":"https:\/\/api.w.org\/{rel}","templated":true}]}}