{"id":1789,"date":"2022-10-31T11:11:08","date_gmt":"2022-10-31T11:11:08","guid":{"rendered":"https:\/\/parsi-tours.com\/?page_id=1789"},"modified":"2022-12-05T09:15:39","modified_gmt":"2022-12-05T09:15:39","slug":"los-requisitos-para-el-visado-de-iran","status":"publish","type":"page","link":"https:\/\/parsi-tours.com\/es\/los-requisitos-para-el-visado-de-iran\/","title":{"rendered":"Los requisitos para el visado de Ir\u00e1n"},"content":{"rendered":"<h2><span style=\"color: #dab34e;\"><strong>Los requisitos para el visado de Ir\u00e1n<\/strong><\/span><\/h2>\n<p>Usted para viajar a Ir\u00e1n necesita pedir el visado. Para conseguir el visado de Ir\u00e1n f\u00e1cilmente y garantizado, nuestra empresa \u00a0\u00a0Parsi-Tours\u00a0\u00a0 pedir\u00e1 para usted una carta de presentaci\u00f3n al Ministerio de Asuntos Exteriores.\u00a0 Para hacer\u00a0 \u00a0esta carta\u00a0 \u00a0de\u00a0 \u00a0presentaci\u00f3n. \u00a0Por favor env\u00edenos siguientes documentos:<\/p>\n<p>1- Formulario de datos personales que enviamos para usted.<\/p>\n<p>2- Una foto escaneada de la primera p\u00e1gina de su pasaporte. Formato (JPG\/JPEG)<\/p>\n<p>3- Una nueva foto escaneada tipo carnet. Formato (JPG\/JPEG)<\/p>\n<p>Una vez que nuestra empresa reciba sus documentos, EL Ministerio de Asuntos Exteriores har\u00e1 su solicitud del visado tur\u00edstico y normalmente despu\u00e9s de pasar una semana de su solicitud, nos enviaran el resultado.<\/p>\n<p style=\"text-align: left;\">\u00a0Usted env\u00ede este resultado para la Embajada o el Consulado de Ir\u00e1n por el correo o acudir personalmente y usted recibir\u00e1 su visa tur\u00edstica.\u00a0 \u00a0 \u00a0 \u00a0 \u00a0 \u00a0 \u00a0 \u00a0 \u00a0 \u00a0 \u00a0 \u00a0 \u00a0 \u00a0 \u00a0 \u00a0 \u00a0 \u00a0 \u00a0 \u00a0 \u00a0 \u00a0 \u00a0 \u00a0 \u00a0 \u00a0 \u00a0 \u00a0 \u00a0 \u00a0 \u00a0 \u00a0 \u00a0 \u00a0 \u00a0 \u00a0 \u00a0 \u00a0 \u00a0 \u00a0 \u00a0 \u00a0 \u00a0 \u00a0 \u00a0 \u00a0 \u00a0 \u00a0 \u00a0 \u00a0 \u00a0 \u00a0 \u00a0 \u00a0Los ciudadanos de La Rep\u00fablica Bolivariana de Venezuela y de La Rep\u00fablica de Bolivia no necesitan el visado para viajar a Ir\u00e1n.<\/p>\n<p style=\"text-align: left;\">\u00a0La direcci\u00f3n de la embajada de Ir\u00e1n en Espa\u00f1a\u00a0\u00a0 en internet:\u00a0 https:\/\/spain.mfa.gov.ir\/es<\/p>\n<p>La direcci\u00f3n de la embajada de Ir\u00e1n en \u00a0\u00a0M\u00e9xico en internet:\u00a0 https:\/\/mexico.mfa.gov.ir\/es<\/p>\n<p>La direcci\u00f3n de la embajada de Ir\u00e1n en Colombia:<\/p>\n<p>https:\/\/bogota.mfa.ir\/<\/p>\n","protected":false},"excerpt":{"rendered":"<p>Los requisitos para el visado de Ir\u00e1n Usted para viajar a Ir\u00e1n necesita pedir el visado. Para conseguir el visado de Ir\u00e1n f\u00e1cilmente y garantizado, nuestra empresa \u00a0\u00a0Parsi-Tours\u00a0\u00a0 pedir\u00e1 para usted una carta de presentaci\u00f3n al Ministerio de Asuntos Exteriores.\u00a0 Para hacer\u00a0 \u00a0esta carta\u00a0 \u00a0de\u00a0 \u00a0presentaci\u00f3n. \u00a0Por favor env\u00edenos siguientes documentos: 1- Formulario de datos [&hellip;]<\/p>\n","protected":false},"author":1,"featured_media":0,"parent":0,"menu_order":0,"comment_status":"closed","ping_status":"closed","template":"template\/sheet.php","meta":{"footnotes":""},"acf":[],"yoast_head":"<!-- This site is optimized with the Yoast SEO Premium plugin v22.0 (Yoast SEO v22.1) - https:\/\/yoast.com\/wordpress\/plugins\/seo\/ -->\n<title>Los requisitos para el visado de Ir\u00e1n | Parsi Tours<\/title>\n<meta name=\"robots\" content=\"index, follow, max-snippet:-1, max-image-preview:large, max-video-preview:-1\" \/>\n<link rel=\"canonical\" href=\"https:\/\/parsi-tours.com\/es\/los-requisitos-para-el-visado-de-iran\/\" \/>\n<meta property=\"og:locale\" content=\"es_ES\" \/>\n<meta property=\"og:type\" content=\"article\" \/>\n<meta property=\"og:title\" content=\"Los requisitos para el visado de Ir\u00e1n | Parsi Tours\" \/>\n<meta property=\"og:description\" content=\"Los requisitos para el visado de Ir\u00e1n Usted para viajar a Ir\u00e1n necesita pedir el visado. Para conseguir el visado de Ir\u00e1n f\u00e1cilmente y garantizado, nuestra empresa \u00a0\u00a0Parsi-Tours\u00a0\u00a0 pedir\u00e1 para usted una carta de presentaci\u00f3n al Ministerio de Asuntos Exteriores.\u00a0 Para hacer\u00a0 \u00a0esta carta\u00a0 \u00a0de\u00a0 \u00a0presentaci\u00f3n. \u00a0Por favor env\u00edenos siguientes documentos: 1- Formulario de datos [&hellip;]\" \/>\n<meta property=\"og:url\" content=\"https:\/\/parsi-tours.com\/es\/los-requisitos-para-el-visado-de-iran\/\" \/>\n<meta property=\"og:site_name\" content=\"Parsi Tours\" \/>\n<meta property=\"article:modified_time\" content=\"2022-12-05T09:15:39+00:00\" \/>\n<meta name=\"twitter:card\" content=\"summary_large_image\" \/>\n<meta name=\"twitter:label1\" content=\"Est. reading time\" \/>\n\t<meta name=\"twitter:data1\" content=\"1 minute\" \/>\n<script type=\"application\/ld+json\" class=\"yoast-schema-graph\">{\"@context\":\"https:\/\/schema.org\",\"@graph\":[{\"@type\":\"WebPage\",\"@id\":\"https:\/\/parsi-tours.com\/es\/los-requisitos-para-el-visado-de-iran\/\",\"url\":\"https:\/\/parsi-tours.com\/es\/los-requisitos-para-el-visado-de-iran\/\",\"name\":\"Los requisitos para el visado de Ir\u00e1n | Parsi Tours\",\"isPartOf\":{\"@id\":\"https:\/\/parsi-tours.com\/#website\"},\"datePublished\":\"2022-10-31T11:11:08+00:00\",\"dateModified\":\"2022-12-05T09:15:39+00:00\",\"breadcrumb\":{\"@id\":\"https:\/\/parsi-tours.com\/es\/los-requisitos-para-el-visado-de-iran\/#breadcrumb\"},\"inLanguage\":\"es-ES\",\"potentialAction\":[{\"@type\":\"ReadAction\",\"target\":[\"https:\/\/parsi-tours.com\/es\/los-requisitos-para-el-visado-de-iran\/\"]}]},{\"@type\":\"BreadcrumbList\",\"@id\":\"https:\/\/parsi-tours.com\/es\/los-requisitos-para-el-visado-de-iran\/#breadcrumb\",\"itemListElement\":[{\"@type\":\"ListItem\",\"position\":1,\"name\":\"Inicio\",\"item\":\"https:\/\/parsi-tours.com\/es\/\"},{\"@type\":\"ListItem\",\"position\":2,\"name\":\"Los requisitos para el visado de Ir\u00e1n\"}]},{\"@type\":\"WebSite\",\"@id\":\"https:\/\/parsi-tours.com\/#website\",\"url\":\"https:\/\/parsi-tours.com\/\",\"name\":\"Parsi Tours\",\"description\":\"Tour &amp; Travel Operator in Iran\",\"publisher\":{\"@id\":\"https:\/\/parsi-tours.com\/#organization\"},\"potentialAction\":[{\"@type\":\"SearchAction\",\"target\":{\"@type\":\"EntryPoint\",\"urlTemplate\":\"https:\/\/parsi-tours.com\/?s={search_term_string}\"},\"query-input\":\"required name=search_term_string\"}],\"inLanguage\":\"es-ES\"},{\"@type\":\"Organization\",\"@id\":\"https:\/\/parsi-tours.com\/#organization\",\"name\":\"Parsi Tours Iran Travel Agency: Tour & Travel Operator in Iran\",\"url\":\"https:\/\/parsi-tours.com\/\",\"logo\":{\"@type\":\"ImageObject\",\"inLanguage\":\"es-ES\",\"@id\":\"https:\/\/parsi-tours.com\/#\/schema\/logo\/image\/\",\"url\":\"https:\/\/parsi-tours.com\/wp-content\/uploads\/2022\/08\/logo.png\",\"contentUrl\":\"https:\/\/parsi-tours.com\/wp-content\/uploads\/2022\/08\/logo.png\",\"width\":245,\"height\":200,\"caption\":\"Parsi Tours Iran Travel Agency: Tour & Travel Operator in Iran\"},\"image\":{\"@id\":\"https:\/\/parsi-tours.com\/#\/schema\/logo\/image\/\"},\"sameAs\":[\"https:\/\/www.instagram.com\/parsi_tours\/\"]}]}<\/script>\n<!-- \/ Yoast SEO Premium plugin. -->","yoast_head_json":{"title":"Los requisitos para el visado de Ir\u00e1n | Parsi Tours","robots":{"index":"index","follow":"follow","max-snippet":"max-snippet:-1","max-image-preview":"max-image-preview:large","max-video-preview":"max-video-preview:-1"},"canonical":"https:\/\/parsi-tours.com\/es\/los-requisitos-para-el-visado-de-iran\/","og_locale":"es_ES","og_type":"article","og_title":"Los requisitos para el visado de Ir\u00e1n | Parsi Tours","og_description":"Los requisitos para el visado de Ir\u00e1n Usted para viajar a Ir\u00e1n necesita pedir el visado. Para conseguir el visado de Ir\u00e1n f\u00e1cilmente y garantizado, nuestra empresa \u00a0\u00a0Parsi-Tours\u00a0\u00a0 pedir\u00e1 para usted una carta de presentaci\u00f3n al Ministerio de Asuntos Exteriores.\u00a0 Para hacer\u00a0 \u00a0esta carta\u00a0 \u00a0de\u00a0 \u00a0presentaci\u00f3n. \u00a0Por favor env\u00edenos siguientes documentos: 1- Formulario de datos [&hellip;]","og_url":"https:\/\/parsi-tours.com\/es\/los-requisitos-para-el-visado-de-iran\/","og_site_name":"Parsi Tours","article_modified_time":"2022-12-05T09:15:39+00:00","twitter_card":"summary_large_image","twitter_misc":{"Est. reading time":"1 minute"},"schema":{"@context":"https:\/\/schema.org","@graph":[{"@type":"WebPage","@id":"https:\/\/parsi-tours.com\/es\/los-requisitos-para-el-visado-de-iran\/","url":"https:\/\/parsi-tours.com\/es\/los-requisitos-para-el-visado-de-iran\/","name":"Los requisitos para el visado de Ir\u00e1n | Parsi Tours","isPartOf":{"@id":"https:\/\/parsi-tours.com\/#website"},"datePublished":"2022-10-31T11:11:08+00:00","dateModified":"2022-12-05T09:15:39+00:00","breadcrumb":{"@id":"https:\/\/parsi-tours.com\/es\/los-requisitos-para-el-visado-de-iran\/#breadcrumb"},"inLanguage":"es-ES","potentialAction":[{"@type":"ReadAction","target":["https:\/\/parsi-tours.com\/es\/los-requisitos-para-el-visado-de-iran\/"]}]},{"@type":"BreadcrumbList","@id":"https:\/\/parsi-tours.com\/es\/los-requisitos-para-el-visado-de-iran\/#breadcrumb","itemListElement":[{"@type":"ListItem","position":1,"name":"Inicio","item":"https:\/\/parsi-tours.com\/es\/"},{"@type":"ListItem","position":2,"name":"Los requisitos para el visado de Ir\u00e1n"}]},{"@type":"WebSite","@id":"https:\/\/parsi-tours.com\/#website","url":"https:\/\/parsi-tours.com\/","name":"Parsi Tours","description":"Tour &amp; Travel Operator in Iran","publisher":{"@id":"https:\/\/parsi-tours.com\/#organization"},"potentialAction":[{"@type":"SearchAction","target":{"@type":"EntryPoint","urlTemplate":"https:\/\/parsi-tours.com\/?s={search_term_string}"},"query-input":"required name=search_term_string"}],"inLanguage":"es-ES"},{"@type":"Organization","@id":"https:\/\/parsi-tours.com\/#organization","name":"Parsi Tours Iran Travel Agency: Tour & Travel Operator in Iran","url":"https:\/\/parsi-tours.com\/","logo":{"@type":"ImageObject","inLanguage":"es-ES","@id":"https:\/\/parsi-tours.com\/#\/schema\/logo\/image\/","url":"https:\/\/parsi-tours.com\/wp-content\/uploads\/2022\/08\/logo.png","contentUrl":"https:\/\/parsi-tours.com\/wp-content\/uploads\/2022\/08\/logo.png","width":245,"height":200,"caption":"Parsi Tours Iran Travel Agency: Tour & Travel Operator in Iran"},"image":{"@id":"https:\/\/parsi-tours.com\/#\/schema\/logo\/image\/"},"sameAs":["https:\/\/www.instagram.com\/parsi_tours\/"]}]}},"_links":{"self":[{"href":"https:\/\/parsi-tours.com\/es\/wp-json\/wp\/v2\/pages\/1789"}],"collection":[{"href":"https:\/\/parsi-tours.com\/es\/wp-json\/wp\/v2\/pages"}],"about":[{"href":"https:\/\/parsi-tours.com\/es\/wp-json\/wp\/v2\/types\/page"}],"author":[{"embeddable":true,"href":"https:\/\/parsi-tours.com\/es\/wp-json\/wp\/v2\/users\/1"}],"replies":[{"embeddable":true,"href":"https:\/\/parsi-tours.com\/es\/wp-json\/wp\/v2\/comments?post=1789"}],"version-history":[{"count":0,"href":"https:\/\/parsi-tours.com\/es\/wp-json\/wp\/v2\/pages\/1789\/revisions"}],"wp:attachment":[{"href":"https:\/\/parsi-tours.com\/es\/wp-json\/wp\/v2\/media?parent=1789"}],"curies":[{"name":"wp","href":"https:\/\/api.w.org\/{rel}","templated":true}]}}