{"id":18580,"date":"2024-06-20T20:41:57","date_gmt":"2024-06-20T19:41:57","guid":{"rendered":"https:\/\/parsi-tours.com\/iran-mice\/"},"modified":"2024-06-22T09:07:46","modified_gmt":"2024-06-22T08:07:46","slug":"iran-mice","status":"publish","type":"page","link":"https:\/\/parsi-tours.com\/es\/iran-mice\/","title":{"rendered":"Iran MICE"},"content":{"rendered":"<h2>Servicios profesionales MICE (realizar los eventos) en Ir\u00e1n<\/h2>\n<p>Las Exposiciones Internacionales de Ir\u00e1n, principalmente en Tehr\u00e1n, acogen anualmente a expositores, empresarios y comerciantes internacionales de todo el mundo en diversos campos del turismo y la hosteler\u00eda, el petr\u00f3leo, la artesan\u00eda, la joyer\u00eda, la medicina, la agricultura y otras industrias. Muchas de estas personas y empresas buscan un organizador local para organizar viajes Ir\u00e1n MICE en Ir\u00e1n. Nuestro equipo profesional en la agencia de viajes <a href=\"https:\/\/parsi-tours.com\/es\/\">Parsi Tours<\/a> organiza y opera tours y servicios MICE en Ir\u00e1n\u00a0 para empresarios internacionales, ya sea como expositores o visitantes.<\/p>\n<p>Nuestro objetivo es satisfacer los requisitos y la satisfacci\u00f3n de nuestros clientes con servicios de alta calidad. Ofrecemos soluciones a empresas y particulares en funci\u00f3n de sus necesidades y objetivos. Nuestros servicios incluyen viajes de negocios VIP y de primera clase, eventos, ceremonias, reuniones e instalaciones para exposiciones. Le apoyamos en sus negocios para todos los arreglos MICE (Reuniones, Incentivos, Convenciones y Exposiciones) requeridos, desde detalles sobre lugares para conferencias, reuniones y exposiciones con equipos de calidad y asistencia en la selecci\u00f3n adecuada de lugares e instalaciones, hasta ofertas individuales o grupales personalizadas. Gesti\u00f3n de tours y\u00a0 despu\u00e9s de los eventos y las\u00a0 reuniones.<\/p>\n<p>&nbsp;<\/p>\n<p><img fetchpriority=\"high\" decoding=\"async\" class=\" wp-image-488 aligncenter\" src=\"https:\/\/parsi-tours.com\/wp-content\/uploads\/2022\/09\/5-min-3-300x100.jpg\" alt=\"\" width=\"1065\" height=\"355\" srcset=\"https:\/\/parsi-tours.com\/wp-content\/uploads\/2022\/09\/5-min-3-300x100.jpg 300w, https:\/\/parsi-tours.com\/wp-content\/uploads\/2022\/09\/5-min-3-1024x341.jpg 1024w, https:\/\/parsi-tours.com\/wp-content\/uploads\/2022\/09\/5-min-3-768x256.jpg 768w, https:\/\/parsi-tours.com\/wp-content\/uploads\/2022\/09\/5-min-3.jpg 1080w\" sizes=\"(max-width: 1065px) 100vw, 1065px\" \/><\/p>\n<p>&nbsp;<\/p>\n<p>Tambi\u00e9n lo ayudamos con la reserva de hotel y las instalaciones de alojamiento (cerca de la exposici\u00f3n seg\u00fan su solicitud), tr\u00e1mites de visa de negocios, log\u00edstica, servicios de catering y de comida, servicios de traslado y transporte, traductores profesionales, int\u00e9rpretes, gu\u00edas de habla espa\u00f1ol ,inglesa y otros idiomas o multiling\u00fce, conductores\u00a0 y tours de ocio y diarios en grupo o individuales combinando su viaje de negocios durante su <a href=\"https:\/\/parsi-tours.com\/es\/contact-us\/\">estancia en Ir\u00e1n<\/a>.<\/p>\n<p>No dude en <a href=\"https:\/\/parsi-tours.com\/es\/contact-us\/\">contactarno<\/a>s , ya sea una gran corporaci\u00f3n u organizaci\u00f3n, un expositor internacional o un empresario individual que requiera servicios MICE en Ir\u00e1n.<\/p>\n","protected":false},"excerpt":{"rendered":"<p>Servicios profesionales MICE (realizar los eventos) en Ir\u00e1n Las Exposiciones Internacionales de Ir\u00e1n, principalmente en Tehr\u00e1n, acogen anualmente a expositores, empresarios y comerciantes internacionales de todo el mundo en diversos campos del turismo y la hosteler\u00eda, el petr\u00f3leo, la artesan\u00eda, la joyer\u00eda, la medicina, la agricultura y otras industrias. Muchas de estas personas y empresas [&hellip;]<\/p>\n","protected":false},"author":1,"featured_media":18529,"parent":0,"menu_order":0,"comment_status":"closed","ping_status":"closed","template":"","meta":{"footnotes":""},"acf":[],"yoast_head":"<!-- This site is optimized with the Yoast SEO Premium plugin v22.0 (Yoast SEO v22.1) - https:\/\/yoast.com\/wordpress\/plugins\/seo\/ -->\n<title>Iran MICE | Parsi Tours<\/title>\n<meta name=\"description\" content=\"La agencia de viajes Parsi Tours organiza tours y servicios MICE en Ir\u00e1n para empresarios internacionales, ya sea como expositores.\" \/>\n<meta name=\"robots\" content=\"index, follow, max-snippet:-1, max-image-preview:large, max-video-preview:-1\" \/>\n<link rel=\"canonical\" href=\"https:\/\/parsi-tours.com\/es\/iran-mice\/\" \/>\n<meta property=\"og:locale\" content=\"es_ES\" \/>\n<meta property=\"og:type\" content=\"article\" \/>\n<meta property=\"og:title\" content=\"Iran MICE | Parsi Tours\" \/>\n<meta property=\"og:description\" content=\"La agencia de viajes Parsi Tours organiza tours y servicios MICE en Ir\u00e1n para empresarios internacionales, ya sea como expositores.\" \/>\n<meta property=\"og:url\" content=\"https:\/\/parsi-tours.com\/es\/iran-mice\/\" \/>\n<meta property=\"og:site_name\" content=\"Parsi Tours\" \/>\n<meta property=\"article:modified_time\" content=\"2024-06-22T08:07:46+00:00\" \/>\n<meta property=\"og:image\" content=\"https:\/\/parsi-tours.com\/wp-content\/uploads\/2024\/06\/Iran-MICE-Tours-Parsi-Tours-Featured-Image.jpg\" \/>\n\t<meta property=\"og:image:width\" content=\"400\" \/>\n\t<meta property=\"og:image:height\" content=\"400\" \/>\n\t<meta property=\"og:image:type\" content=\"image\/jpeg\" \/>\n<meta name=\"twitter:card\" content=\"summary_large_image\" \/>\n<meta name=\"twitter:label1\" content=\"Est. reading time\" \/>\n\t<meta name=\"twitter:data1\" content=\"2 minutes\" \/>\n<script type=\"application\/ld+json\" class=\"yoast-schema-graph\">{\"@context\":\"https:\/\/schema.org\",\"@graph\":[{\"@type\":\"WebPage\",\"@id\":\"https:\/\/parsi-tours.com\/es\/iran-mice\/\",\"url\":\"https:\/\/parsi-tours.com\/es\/iran-mice\/\",\"name\":\"Iran MICE | Parsi Tours\",\"isPartOf\":{\"@id\":\"https:\/\/parsi-tours.com\/#website\"},\"datePublished\":\"2024-06-20T19:41:57+00:00\",\"dateModified\":\"2024-06-22T08:07:46+00:00\",\"description\":\"La agencia de viajes Parsi Tours organiza tours y servicios MICE en Ir\u00e1n para empresarios internacionales, ya sea como expositores.\",\"breadcrumb\":{\"@id\":\"https:\/\/parsi-tours.com\/es\/iran-mice\/#breadcrumb\"},\"inLanguage\":\"es-ES\",\"potentialAction\":[{\"@type\":\"ReadAction\",\"target\":[\"https:\/\/parsi-tours.com\/es\/iran-mice\/\"]}]},{\"@type\":\"BreadcrumbList\",\"@id\":\"https:\/\/parsi-tours.com\/es\/iran-mice\/#breadcrumb\",\"itemListElement\":[{\"@type\":\"ListItem\",\"position\":1,\"name\":\"Inicio\",\"item\":\"https:\/\/parsi-tours.com\/es\/\"},{\"@type\":\"ListItem\",\"position\":2,\"name\":\"Iran MICE\"}]},{\"@type\":\"WebSite\",\"@id\":\"https:\/\/parsi-tours.com\/#website\",\"url\":\"https:\/\/parsi-tours.com\/\",\"name\":\"Parsi Tours\",\"description\":\"Tour &amp; Travel Operator in Iran\",\"publisher\":{\"@id\":\"https:\/\/parsi-tours.com\/#organization\"},\"potentialAction\":[{\"@type\":\"SearchAction\",\"target\":{\"@type\":\"EntryPoint\",\"urlTemplate\":\"https:\/\/parsi-tours.com\/?s={search_term_string}\"},\"query-input\":\"required name=search_term_string\"}],\"inLanguage\":\"es-ES\"},{\"@type\":\"Organization\",\"@id\":\"https:\/\/parsi-tours.com\/#organization\",\"name\":\"Parsi Tours Iran Travel Agency: Tour & Travel Operator in Iran\",\"url\":\"https:\/\/parsi-tours.com\/\",\"logo\":{\"@type\":\"ImageObject\",\"inLanguage\":\"es-ES\",\"@id\":\"https:\/\/parsi-tours.com\/#\/schema\/logo\/image\/\",\"url\":\"https:\/\/parsi-tours.com\/wp-content\/uploads\/2022\/08\/logo.png\",\"contentUrl\":\"https:\/\/parsi-tours.com\/wp-content\/uploads\/2022\/08\/logo.png\",\"width\":245,\"height\":200,\"caption\":\"Parsi Tours Iran Travel Agency: Tour & Travel Operator in Iran\"},\"image\":{\"@id\":\"https:\/\/parsi-tours.com\/#\/schema\/logo\/image\/\"},\"sameAs\":[\"https:\/\/www.instagram.com\/parsi_tours\/\"]}]}<\/script>\n<!-- \/ Yoast SEO Premium plugin. -->","yoast_head_json":{"title":"Iran MICE | Parsi Tours","description":"La agencia de viajes Parsi Tours organiza tours y servicios MICE en Ir\u00e1n para empresarios internacionales, ya sea como expositores.","robots":{"index":"index","follow":"follow","max-snippet":"max-snippet:-1","max-image-preview":"max-image-preview:large","max-video-preview":"max-video-preview:-1"},"canonical":"https:\/\/parsi-tours.com\/es\/iran-mice\/","og_locale":"es_ES","og_type":"article","og_title":"Iran MICE | Parsi Tours","og_description":"La agencia de viajes Parsi Tours organiza tours y servicios MICE en Ir\u00e1n para empresarios internacionales, ya sea como expositores.","og_url":"https:\/\/parsi-tours.com\/es\/iran-mice\/","og_site_name":"Parsi Tours","article_modified_time":"2024-06-22T08:07:46+00:00","og_image":[{"width":400,"height":400,"url":"https:\/\/parsi-tours.com\/wp-content\/uploads\/2024\/06\/Iran-MICE-Tours-Parsi-Tours-Featured-Image.jpg","type":"image\/jpeg"}],"twitter_card":"summary_large_image","twitter_misc":{"Est. reading time":"2 minutes"},"schema":{"@context":"https:\/\/schema.org","@graph":[{"@type":"WebPage","@id":"https:\/\/parsi-tours.com\/es\/iran-mice\/","url":"https:\/\/parsi-tours.com\/es\/iran-mice\/","name":"Iran MICE | Parsi Tours","isPartOf":{"@id":"https:\/\/parsi-tours.com\/#website"},"datePublished":"2024-06-20T19:41:57+00:00","dateModified":"2024-06-22T08:07:46+00:00","description":"La agencia de viajes Parsi Tours organiza tours y servicios MICE en Ir\u00e1n para empresarios internacionales, ya sea como expositores.","breadcrumb":{"@id":"https:\/\/parsi-tours.com\/es\/iran-mice\/#breadcrumb"},"inLanguage":"es-ES","potentialAction":[{"@type":"ReadAction","target":["https:\/\/parsi-tours.com\/es\/iran-mice\/"]}]},{"@type":"BreadcrumbList","@id":"https:\/\/parsi-tours.com\/es\/iran-mice\/#breadcrumb","itemListElement":[{"@type":"ListItem","position":1,"name":"Inicio","item":"https:\/\/parsi-tours.com\/es\/"},{"@type":"ListItem","position":2,"name":"Iran MICE"}]},{"@type":"WebSite","@id":"https:\/\/parsi-tours.com\/#website","url":"https:\/\/parsi-tours.com\/","name":"Parsi Tours","description":"Tour &amp; Travel Operator in Iran","publisher":{"@id":"https:\/\/parsi-tours.com\/#organization"},"potentialAction":[{"@type":"SearchAction","target":{"@type":"EntryPoint","urlTemplate":"https:\/\/parsi-tours.com\/?s={search_term_string}"},"query-input":"required name=search_term_string"}],"inLanguage":"es-ES"},{"@type":"Organization","@id":"https:\/\/parsi-tours.com\/#organization","name":"Parsi Tours Iran Travel Agency: Tour & Travel Operator in Iran","url":"https:\/\/parsi-tours.com\/","logo":{"@type":"ImageObject","inLanguage":"es-ES","@id":"https:\/\/parsi-tours.com\/#\/schema\/logo\/image\/","url":"https:\/\/parsi-tours.com\/wp-content\/uploads\/2022\/08\/logo.png","contentUrl":"https:\/\/parsi-tours.com\/wp-content\/uploads\/2022\/08\/logo.png","width":245,"height":200,"caption":"Parsi Tours Iran Travel Agency: Tour & Travel Operator in Iran"},"image":{"@id":"https:\/\/parsi-tours.com\/#\/schema\/logo\/image\/"},"sameAs":["https:\/\/www.instagram.com\/parsi_tours\/"]}]}},"_links":{"self":[{"href":"https:\/\/parsi-tours.com\/es\/wp-json\/wp\/v2\/pages\/18580"}],"collection":[{"href":"https:\/\/parsi-tours.com\/es\/wp-json\/wp\/v2\/pages"}],"about":[{"href":"https:\/\/parsi-tours.com\/es\/wp-json\/wp\/v2\/types\/page"}],"author":[{"embeddable":true,"href":"https:\/\/parsi-tours.com\/es\/wp-json\/wp\/v2\/users\/1"}],"replies":[{"embeddable":true,"href":"https:\/\/parsi-tours.com\/es\/wp-json\/wp\/v2\/comments?post=18580"}],"version-history":[{"count":0,"href":"https:\/\/parsi-tours.com\/es\/wp-json\/wp\/v2\/pages\/18580\/revisions"}],"wp:featuredmedia":[{"embeddable":true,"href":"https:\/\/parsi-tours.com\/es\/wp-json\/wp\/v2\/media\/18529"}],"wp:attachment":[{"href":"https:\/\/parsi-tours.com\/es\/wp-json\/wp\/v2\/media?parent=18580"}],"curies":[{"name":"wp","href":"https:\/\/api.w.org\/{rel}","templated":true}]}}