{"id":18590,"date":"2024-06-17T21:27:15","date_gmt":"2024-06-17T20:27:15","guid":{"rendered":"https:\/\/parsi-tours.com\/iran-tailormade-tours\/"},"modified":"2024-06-22T11:18:36","modified_gmt":"2024-06-22T10:18:36","slug":"iran-tours-a-medida","status":"publish","type":"page","link":"https:\/\/parsi-tours.com\/es\/iran-tours-a-medida\/","title":{"rendered":"Iran Tailormade Tours"},"content":{"rendered":"<h2 style=\"text-align: justify;\">Ir\u00e1n Tours a medida<\/h2>\n<h6 style=\"text-align: justify;\">Con enormes avances en tecnolog\u00eda, innovaciones revolucionarias y la llegada de tecnolog\u00edas emergentes como la realidad virtual, la inteligencia artificial y las redes sociales y en consecuencia, las cambiantes tendencias de estilo de vida, los estilos de viaje tambi\u00e9n han cambiado incre\u00edblemente. Hoy en d\u00eda, muchas personas valoran su privacidad y prefieren viajar solas o en grupos m\u00e1s peque\u00f1os para apoyar los principios del turismo sostenible minimizando los impactos negativos en las comunidades locales y el medio ambiente y descubrir el mundo a trav\u00e9s de su experiencia personal en un itinerario flexible, no a trav\u00e9s de tours preempaquetados. . Esto permitir\u00e1 a los viajeros obtener una experiencia aut\u00e9ntica, una comprensi\u00f3n m\u00e1s profunda del destino y conocimientos sobre las comunidades locales para aprovechar al m\u00e1ximo su tiempo. Bas\u00e1ndose en su experiencia de m\u00e1s de una d\u00e9cada, Parsi Tours ofrece viajes a medida en Ir\u00e1n en respuesta al r\u00e1pido ritmo de cambio en el estilo de viaje,Ir\u00e1n Tours a medida.<\/h6>\n\n\t\t<style type=\"text\/css\">\n\t\t\t#gallery-1 {\n\t\t\t\tmargin: auto;\n\t\t\t}\n\t\t\t#gallery-1 .gallery-item {\n\t\t\t\tfloat: left;\n\t\t\t\tmargin-top: 10px;\n\t\t\t\ttext-align: center;\n\t\t\t\twidth: 33%;\n\t\t\t}\n\t\t\t#gallery-1 img {\n\t\t\t\tborder: 2px solid #cfcfcf;\n\t\t\t}\n\t\t\t#gallery-1 .gallery-caption {\n\t\t\t\tmargin-left: 0;\n\t\t\t}\n\t\t\t\/* see gallery_shortcode() in wp-includes\/media.php *\/\n\t\t<\/style>\n\t\t<div id='gallery-1' class='gallery galleryid-18590 gallery-columns-3 gallery-size-full'><dl class='gallery-item'>\n\t\t\t<dt class='gallery-icon landscape'>\n\t\t\t\t<a href='https:\/\/parsi-tours.com\/es\/iran-tours-a-medida\/iran-tailormade-tours-parsi-tours-5-2\/'><img fetchpriority=\"high\" decoding=\"async\" width=\"793\" height=\"447\" src=\"https:\/\/parsi-tours.com\/wp-content\/uploads\/2024\/06\/Iran-Tailormade-Tours-Parsi-Tours-5.jpg\" class=\"attachment-full size-full\" alt=\"Tourists in UNESCO Naqshe Jahan Square\" srcset=\"https:\/\/parsi-tours.com\/wp-content\/uploads\/2024\/06\/Iran-Tailormade-Tours-Parsi-Tours-5.jpg 793w, https:\/\/parsi-tours.com\/wp-content\/uploads\/2024\/06\/Iran-Tailormade-Tours-Parsi-Tours-5-300x169.jpg 300w, https:\/\/parsi-tours.com\/wp-content\/uploads\/2024\/06\/Iran-Tailormade-Tours-Parsi-Tours-5-768x433.jpg 768w\" sizes=\"(max-width: 793px) 100vw, 793px\" \/><\/a>\n\t\t\t<\/dt><\/dl><dl class='gallery-item'>\n\t\t\t<dt class='gallery-icon landscape'>\n\t\t\t\t<a href='https:\/\/parsi-tours.com\/es\/iran-tours-a-medida\/iran-tailormade-tours-parsi-tours-4-2\/'><img decoding=\"async\" width=\"793\" height=\"447\" src=\"https:\/\/parsi-tours.com\/wp-content\/uploads\/2024\/06\/Iran-Tailormade-Tours-Parsi-Tours-4.jpg\" class=\"attachment-full size-full\" alt=\"A Female Tourist in Tekyeh Moaven al-Mulk\" srcset=\"https:\/\/parsi-tours.com\/wp-content\/uploads\/2024\/06\/Iran-Tailormade-Tours-Parsi-Tours-4.jpg 793w, https:\/\/parsi-tours.com\/wp-content\/uploads\/2024\/06\/Iran-Tailormade-Tours-Parsi-Tours-4-300x169.jpg 300w, https:\/\/parsi-tours.com\/wp-content\/uploads\/2024\/06\/Iran-Tailormade-Tours-Parsi-Tours-4-768x433.jpg 768w\" sizes=\"(max-width: 793px) 100vw, 793px\" \/><\/a>\n\t\t\t<\/dt><\/dl><dl class='gallery-item'>\n\t\t\t<dt class='gallery-icon landscape'>\n\t\t\t\t<a href='https:\/\/parsi-tours.com\/es\/iran-tours-a-medida\/iran-tailormade-tours-parsi-tours-6-2\/'><img decoding=\"async\" width=\"793\" height=\"447\" src=\"https:\/\/parsi-tours.com\/wp-content\/uploads\/2024\/06\/Iran-Tailormade-Tours-Parsi-Tours-6.jpg\" class=\"attachment-full size-full\" alt=\"Tourists in UNESCO Persepolis\" srcset=\"https:\/\/parsi-tours.com\/wp-content\/uploads\/2024\/06\/Iran-Tailormade-Tours-Parsi-Tours-6.jpg 793w, https:\/\/parsi-tours.com\/wp-content\/uploads\/2024\/06\/Iran-Tailormade-Tours-Parsi-Tours-6-300x169.jpg 300w, https:\/\/parsi-tours.com\/wp-content\/uploads\/2024\/06\/Iran-Tailormade-Tours-Parsi-Tours-6-768x433.jpg 768w\" sizes=\"(max-width: 793px) 100vw, 793px\" \/><\/a>\n\t\t\t<\/dt><\/dl><br style=\"clear: both\" \/>\n\t\t<\/div>\n\n<h2>Tours privados en Ir\u00e1n, tan \u00fanicos como usted<\/h2>\n<h6>La agencia de viajes <a href=\"https:\/\/parsi-tours.com\/es\/\">Parsi Tours<\/a> organiza varios recorridos para todos los gustos y personalidades: desde recorridos culturales y naturales hasta la antigua tierra de Persia, la cuna de la civilizaci\u00f3n con 25 patrimonios culturales y 2 naturales, as\u00ed como 24 patrimonios culturales inmateriales inscritos en el Patrimonio Mundial de<a href=\"https:\/\/ich.unesco.org\/es\/estado\/iran-republica-islamica-del-IR\"> la UNESCO<\/a>. Lista: recorridos gastron\u00f3micos persas para amantes de la gastronom\u00eda; recorridos de trekking, <a href=\"https:\/\/parsi-tours.com\/es\/tours\/\">desierto<\/a> y<a href=\"https:\/\/parsi-tours.com\/es\/tours\/\"> esqu\u00ed<\/a> para <a href=\"https:\/\/parsi-tours.com\/es\/tours\/\">aventureros<\/a>;\u00a0 y muchos otros para aquellos con gustos diferentes, como recorridos de intereses especiales, caminos fuera de lo com\u00fan en Ir\u00e1n, pueblos de Ir\u00e1n y recorridos n\u00f3madas de Ir\u00e1n , experimentar la famosa hospitalidad iran\u00ed y apoyar el desarrollo sostenible, ya sea de lujo o econ\u00f3mico. amigable o en alg\u00fan punto intermedio.<br \/>\nSi no encuentra su favorito entre nuestros tours y prefiere un itinerario personalizado o un servicio de viaje personalizado solo para usted, \u00a1no dude en contactarnos! Nuestro equipo de expertos puede dise\u00f1ar un recorrido por Ir\u00e1n a su medida. Puedes elegir tu itinerario, actividades, fechas y duraci\u00f3n del viaje a Ir\u00e1n.<\/h6>\n<h6 style=\"text-align: justify;\"><\/h6>\n\n\t\t<style type=\"text\/css\">\n\t\t\t#gallery-2 {\n\t\t\t\tmargin: auto;\n\t\t\t}\n\t\t\t#gallery-2 .gallery-item {\n\t\t\t\tfloat: left;\n\t\t\t\tmargin-top: 10px;\n\t\t\t\ttext-align: center;\n\t\t\t\twidth: 33%;\n\t\t\t}\n\t\t\t#gallery-2 img {\n\t\t\t\tborder: 2px solid #cfcfcf;\n\t\t\t}\n\t\t\t#gallery-2 .gallery-caption {\n\t\t\t\tmargin-left: 0;\n\t\t\t}\n\t\t\t\/* see gallery_shortcode() in wp-includes\/media.php *\/\n\t\t<\/style>\n\t\t<div id='gallery-2' class='gallery galleryid-18590 gallery-columns-3 gallery-size-medium'><dl class='gallery-item'>\n\t\t\t<dt class='gallery-icon portrait'>\n\t\t\t\t<a href='https:\/\/parsi-tours.com\/es\/iran-tours-a-medida\/iran-tailormade-tours-parsi-tours-10-2-2\/'><img loading=\"lazy\" decoding=\"async\" width=\"169\" height=\"300\" src=\"https:\/\/parsi-tours.com\/wp-content\/uploads\/2024\/06\/Iran-Tailormade-Tours-Parsi-Tours-10-1-169x300.jpg\" class=\"attachment-medium size-medium\" alt=\"Chinese Family in UNESCO Fin Garden\" srcset=\"https:\/\/parsi-tours.com\/wp-content\/uploads\/2024\/06\/Iran-Tailormade-Tours-Parsi-Tours-10-1-169x300.jpg 169w, https:\/\/parsi-tours.com\/wp-content\/uploads\/2024\/06\/Iran-Tailormade-Tours-Parsi-Tours-10-1.jpg 447w\" sizes=\"(max-width: 169px) 100vw, 169px\" \/><\/a>\n\t\t\t<\/dt><\/dl><dl class='gallery-item'>\n\t\t\t<dt class='gallery-icon portrait'>\n\t\t\t\t<a href='https:\/\/parsi-tours.com\/es\/iran-tours-a-medida\/iran-tailormade-tours-parsi-tours-2-2\/'><img loading=\"lazy\" decoding=\"async\" width=\"169\" height=\"300\" src=\"https:\/\/parsi-tours.com\/wp-content\/uploads\/2024\/06\/Iran-Tailormade-Tours-Parsi-Tours-2-169x300.jpg\" class=\"attachment-medium size-medium\" alt=\"Tourists in Ganjnameh- Hamedan\" srcset=\"https:\/\/parsi-tours.com\/wp-content\/uploads\/2024\/06\/Iran-Tailormade-Tours-Parsi-Tours-2-169x300.jpg 169w, https:\/\/parsi-tours.com\/wp-content\/uploads\/2024\/06\/Iran-Tailormade-Tours-Parsi-Tours-2.jpg 447w\" sizes=\"(max-width: 169px) 100vw, 169px\" \/><\/a>\n\t\t\t<\/dt><\/dl><dl class='gallery-item'>\n\t\t\t<dt class='gallery-icon portrait'>\n\t\t\t\t<a href='https:\/\/parsi-tours.com\/es\/iran-tours-a-medida\/iran-tailormade-tours-parsi-tours-3-2\/'><img loading=\"lazy\" decoding=\"async\" width=\"169\" height=\"300\" src=\"https:\/\/parsi-tours.com\/wp-content\/uploads\/2024\/06\/Iran-Tailormade-Tours-Parsi-Tours-3-169x300.jpg\" class=\"attachment-medium size-medium\" alt=\"Tourists in a Cave in Iran\" srcset=\"https:\/\/parsi-tours.com\/wp-content\/uploads\/2024\/06\/Iran-Tailormade-Tours-Parsi-Tours-3-169x300.jpg 169w, https:\/\/parsi-tours.com\/wp-content\/uploads\/2024\/06\/Iran-Tailormade-Tours-Parsi-Tours-3.jpg 447w\" sizes=\"(max-width: 169px) 100vw, 169px\" \/><\/a>\n\t\t\t<\/dt><\/dl><br style=\"clear: both\" \/>\n\t\t<\/div>\n\n<h6>Ya sean los restos antiguos de Pers\u00e9polis, los coloridos bazares tradicionales, los espl\u00e9ndidos palacios y los impresionantes lugares de Tabriz, Isfah\u00e1n y Tehr\u00e1n, los fascinantes jardines de Shiraz, la arquitectura de adobe de Yazd, las actividades acu\u00e1ticas en la regi\u00f3n del Golfo P\u00e9rsico, los pintorescos pueblos y bosques en la regi\u00f3n del Mar Caspio o las monta\u00f1as de Zagros, la cocina local en las ciudades creativas de la gastronom\u00eda o los tours gastron\u00f3micos persas, un festival cultural en Kashan, las estaciones de esqu\u00ed en las monta\u00f1as nevadas de Alborz o los vastos paisajes dorados de los desiertos de Ir\u00e1n, nuestro especialistas en viajes con un amplio conocimiento de la geograf\u00eda, la historia y la cultura de Ir\u00e1n y una gran experiencia en el dise\u00f1o de varios tipos de viajes a diferentes regiones de Ir\u00e1n, pueden crear un itinerario exclusivo que se alinee con sus preferencias e intereses espec\u00edficos.<\/h6>\n<p>&nbsp;<\/p>\n<h2>Planifique su viaje a Ir\u00e1n a medida<\/h2>\n<h6>Ya sea que necesite un itinerario inclusivo para un recorrido por Ir\u00e1n, un itinerario para recorridos por la ciudad de Ir\u00e1n o servicios de alta calidad, como traslados y diferentes modos de transporte, tipo de alojamiento, gu\u00eda tur\u00edstico acompa\u00f1ante, gu\u00eda local, etc. !<br \/>\nSimplemente h\u00e1ganos saber sus preferencias, l\u00edmite de tiempo, ritmo y presupuesto y le ofreceremos un recorrido privado adaptado a sus necesidades. Nuestro personal experimentado en la agencia de viajes Parsi Tours le brindar\u00e1 todo lo que necesita a trav\u00e9s de un Tour privado por Ir\u00e1n personalizado solo para usted y basado en sus intereses, presupuesto, cronograma, prioridades, actividades preferidas y destinos.Le apoyaremos en todas las etapas de su viaje a Ir\u00e1n (antes, durante y despu\u00e9s de su viaje) y nos encargaremos de toda la log\u00edstica, desde dise\u00f1ar su itinerario a medida hasta todos los servicios de viaje de calidad durante el viaje, para satisfacer todos sus deseos espec\u00edficos. de la manera m\u00e1s eficiente posible y para garantizar que experimente un viaje memorable en Ir\u00e1n. Todos nuestros paquetes tur\u00edsticos a Ir\u00e1n tambi\u00e9n se pueden personalizar y satisfacer sus expectativas.<\/h6>\n\n\t\t<style type=\"text\/css\">\n\t\t\t#gallery-3 {\n\t\t\t\tmargin: auto;\n\t\t\t}\n\t\t\t#gallery-3 .gallery-item {\n\t\t\t\tfloat: left;\n\t\t\t\tmargin-top: 10px;\n\t\t\t\ttext-align: center;\n\t\t\t\twidth: 33%;\n\t\t\t}\n\t\t\t#gallery-3 img {\n\t\t\t\tborder: 2px solid #cfcfcf;\n\t\t\t}\n\t\t\t#gallery-3 .gallery-caption {\n\t\t\t\tmargin-left: 0;\n\t\t\t}\n\t\t\t\/* see gallery_shortcode() in wp-includes\/media.php *\/\n\t\t<\/style>\n\t\t<div id='gallery-3' class='gallery galleryid-18590 gallery-columns-3 gallery-size-full'><dl class='gallery-item'>\n\t\t\t<dt class='gallery-icon landscape'>\n\t\t\t\t<a href='https:\/\/parsi-tours.com\/es\/iran-tours-a-medida\/iran-tailormade-tours-parsi-tours-9-2\/'><img loading=\"lazy\" decoding=\"async\" width=\"793\" height=\"447\" src=\"https:\/\/parsi-tours.com\/wp-content\/uploads\/2024\/06\/Iran-Tailormade-Tours-Parsi-Tours-9.jpg\" class=\"attachment-full size-full\" alt=\"Tourists in an Iranian Traditional Restaurant\" srcset=\"https:\/\/parsi-tours.com\/wp-content\/uploads\/2024\/06\/Iran-Tailormade-Tours-Parsi-Tours-9.jpg 793w, https:\/\/parsi-tours.com\/wp-content\/uploads\/2024\/06\/Iran-Tailormade-Tours-Parsi-Tours-9-300x169.jpg 300w, https:\/\/parsi-tours.com\/wp-content\/uploads\/2024\/06\/Iran-Tailormade-Tours-Parsi-Tours-9-768x433.jpg 768w\" sizes=\"(max-width: 793px) 100vw, 793px\" \/><\/a>\n\t\t\t<\/dt><\/dl><dl class='gallery-item'>\n\t\t\t<dt class='gallery-icon landscape'>\n\t\t\t\t<a href='https:\/\/parsi-tours.com\/es\/iran-tours-a-medida\/iran-tailormade-tours-parsi-tours-1-2\/'><img loading=\"lazy\" decoding=\"async\" width=\"793\" height=\"447\" src=\"https:\/\/parsi-tours.com\/wp-content\/uploads\/2024\/06\/Iran-Tailormade-Tours-Parsi-Tours-1.jpg\" class=\"attachment-full size-full\" alt=\"Tourists in Iran Desert\" srcset=\"https:\/\/parsi-tours.com\/wp-content\/uploads\/2024\/06\/Iran-Tailormade-Tours-Parsi-Tours-1.jpg 793w, https:\/\/parsi-tours.com\/wp-content\/uploads\/2024\/06\/Iran-Tailormade-Tours-Parsi-Tours-1-300x169.jpg 300w, https:\/\/parsi-tours.com\/wp-content\/uploads\/2024\/06\/Iran-Tailormade-Tours-Parsi-Tours-1-768x433.jpg 768w\" sizes=\"(max-width: 793px) 100vw, 793px\" \/><\/a>\n\t\t\t<\/dt><\/dl><dl class='gallery-item'>\n\t\t\t<dt class='gallery-icon landscape'>\n\t\t\t\t<a href='https:\/\/parsi-tours.com\/es\/iran-tours-a-medida\/iran-tailormade-tours-parsi-tours-7-2\/'><img loading=\"lazy\" decoding=\"async\" width=\"793\" height=\"447\" src=\"https:\/\/parsi-tours.com\/wp-content\/uploads\/2024\/06\/Iran-Tailormade-Tours-Parsi-Tours-7.jpg\" class=\"attachment-full size-full\" alt=\"Solo Tourist in Iran\" srcset=\"https:\/\/parsi-tours.com\/wp-content\/uploads\/2024\/06\/Iran-Tailormade-Tours-Parsi-Tours-7.jpg 793w, https:\/\/parsi-tours.com\/wp-content\/uploads\/2024\/06\/Iran-Tailormade-Tours-Parsi-Tours-7-300x169.jpg 300w, https:\/\/parsi-tours.com\/wp-content\/uploads\/2024\/06\/Iran-Tailormade-Tours-Parsi-Tours-7-768x433.jpg 768w\" sizes=\"(max-width: 793px) 100vw, 793px\" \/><\/a>\n\t\t\t<\/dt><\/dl><br style=\"clear: both\" \/>\n\t\t<\/div>\n\n<h6>Le apoyaremos en todas las etapas de su viaje a Ir\u00e1n (antes, durante y despu\u00e9s de su viaje) y nos encargaremos de toda la log\u00edstica, desde dise\u00f1ar su itinerario a medida hasta todos los servicios de viaje de calidad durante el viaje, para satisfacer todos sus deseos espec\u00edficos. de la manera m\u00e1s eficiente posible y para garantizar que experimente un viaje memorable en Ir\u00e1n. Todos nuestros paquetes tur\u00edsticos a Ir\u00e1n tambi\u00e9n se pueden personalizar y satisfacer sus expectativas.<\/h6>\n<h6><\/h6>\n<h6 style=\"text-align: justify;\"><\/h6>\n","protected":false},"excerpt":{"rendered":"<p>Ir\u00e1n Tours a medida Con enormes avances en tecnolog\u00eda, innovaciones revolucionarias y la llegada de tecnolog\u00edas emergentes como la realidad virtual, la inteligencia artificial y las redes sociales y en consecuencia, las cambiantes tendencias de estilo de vida, los estilos de viaje tambi\u00e9n han cambiado incre\u00edblemente. Hoy en d\u00eda, muchas personas valoran su privacidad y [&hellip;]<\/p>\n","protected":false},"author":1,"featured_media":18376,"parent":0,"menu_order":0,"comment_status":"closed","ping_status":"closed","template":"page.php","meta":{"footnotes":""},"acf":[],"yoast_head":"<!-- This site is optimized with the Yoast SEO Premium plugin v22.0 (Yoast SEO v22.1) - https:\/\/yoast.com\/wordpress\/plugins\/seo\/ -->\n<title>Iran Tailormade Tours | Parsi Tours<\/title>\n<meta name=\"description\" content=\"La agencia de viajes Parsi Tours organiza viajes a medida por Ir\u00e1n a diferentes regiones de Ir\u00e1n para todos los gustos y personalidades.\" \/>\n<meta name=\"robots\" content=\"index, follow, max-snippet:-1, max-image-preview:large, max-video-preview:-1\" \/>\n<link rel=\"canonical\" href=\"https:\/\/parsi-tours.com\/es\/iran-tours-a-medida\/\" \/>\n<meta property=\"og:locale\" content=\"es_ES\" \/>\n<meta property=\"og:type\" content=\"article\" \/>\n<meta property=\"og:title\" content=\"Iran Tailormade Tours | Parsi Tours\" \/>\n<meta property=\"og:description\" content=\"La agencia de viajes Parsi Tours organiza viajes a medida por Ir\u00e1n a diferentes regiones de Ir\u00e1n para todos los gustos y personalidades.\" \/>\n<meta property=\"og:url\" content=\"https:\/\/parsi-tours.com\/es\/iran-tours-a-medida\/\" \/>\n<meta property=\"og:site_name\" content=\"Parsi Tours\" \/>\n<meta property=\"article:modified_time\" content=\"2024-06-22T10:18:36+00:00\" \/>\n<meta property=\"og:image\" content=\"https:\/\/parsi-tours.com\/wp-content\/uploads\/2024\/06\/Iran-Tailormade-Tours-Parsi-Tours-10-Featured-Image.jpg\" \/>\n\t<meta property=\"og:image:width\" content=\"400\" \/>\n\t<meta property=\"og:image:height\" content=\"400\" \/>\n\t<meta property=\"og:image:type\" content=\"image\/jpeg\" \/>\n<meta name=\"twitter:card\" content=\"summary_large_image\" \/>\n<meta name=\"twitter:label1\" content=\"Est. reading time\" \/>\n\t<meta name=\"twitter:data1\" content=\"3 minutes\" \/>\n<script type=\"application\/ld+json\" class=\"yoast-schema-graph\">{\"@context\":\"https:\/\/schema.org\",\"@graph\":[{\"@type\":\"WebPage\",\"@id\":\"https:\/\/parsi-tours.com\/es\/iran-tours-a-medida\/\",\"url\":\"https:\/\/parsi-tours.com\/es\/iran-tours-a-medida\/\",\"name\":\"Iran Tailormade Tours | Parsi Tours\",\"isPartOf\":{\"@id\":\"https:\/\/parsi-tours.com\/#website\"},\"datePublished\":\"2024-06-17T20:27:15+00:00\",\"dateModified\":\"2024-06-22T10:18:36+00:00\",\"description\":\"La agencia de viajes Parsi Tours organiza viajes a medida por Ir\u00e1n a diferentes regiones de Ir\u00e1n para todos los gustos y personalidades.\",\"breadcrumb\":{\"@id\":\"https:\/\/parsi-tours.com\/es\/iran-tours-a-medida\/#breadcrumb\"},\"inLanguage\":\"es-ES\",\"potentialAction\":[{\"@type\":\"ReadAction\",\"target\":[\"https:\/\/parsi-tours.com\/es\/iran-tours-a-medida\/\"]}]},{\"@type\":\"BreadcrumbList\",\"@id\":\"https:\/\/parsi-tours.com\/es\/iran-tours-a-medida\/#breadcrumb\",\"itemListElement\":[{\"@type\":\"ListItem\",\"position\":1,\"name\":\"Inicio\",\"item\":\"https:\/\/parsi-tours.com\/es\/\"},{\"@type\":\"ListItem\",\"position\":2,\"name\":\"Iran Tailormade Tours\"}]},{\"@type\":\"WebSite\",\"@id\":\"https:\/\/parsi-tours.com\/#website\",\"url\":\"https:\/\/parsi-tours.com\/\",\"name\":\"Parsi Tours\",\"description\":\"Tour &amp; Travel Operator in Iran\",\"publisher\":{\"@id\":\"https:\/\/parsi-tours.com\/#organization\"},\"potentialAction\":[{\"@type\":\"SearchAction\",\"target\":{\"@type\":\"EntryPoint\",\"urlTemplate\":\"https:\/\/parsi-tours.com\/?s={search_term_string}\"},\"query-input\":\"required name=search_term_string\"}],\"inLanguage\":\"es-ES\"},{\"@type\":\"Organization\",\"@id\":\"https:\/\/parsi-tours.com\/#organization\",\"name\":\"Parsi Tours Iran Travel Agency: Tour & Travel Operator in Iran\",\"url\":\"https:\/\/parsi-tours.com\/\",\"logo\":{\"@type\":\"ImageObject\",\"inLanguage\":\"es-ES\",\"@id\":\"https:\/\/parsi-tours.com\/#\/schema\/logo\/image\/\",\"url\":\"https:\/\/parsi-tours.com\/wp-content\/uploads\/2022\/08\/logo.png\",\"contentUrl\":\"https:\/\/parsi-tours.com\/wp-content\/uploads\/2022\/08\/logo.png\",\"width\":245,\"height\":200,\"caption\":\"Parsi Tours Iran Travel Agency: Tour & Travel Operator in Iran\"},\"image\":{\"@id\":\"https:\/\/parsi-tours.com\/#\/schema\/logo\/image\/\"},\"sameAs\":[\"https:\/\/www.instagram.com\/parsi_tours\/\"]}]}<\/script>\n<!-- \/ Yoast SEO Premium plugin. -->","yoast_head_json":{"title":"Iran Tailormade Tours | Parsi Tours","description":"La agencia de viajes Parsi Tours organiza viajes a medida por Ir\u00e1n a diferentes regiones de Ir\u00e1n para todos los gustos y personalidades.","robots":{"index":"index","follow":"follow","max-snippet":"max-snippet:-1","max-image-preview":"max-image-preview:large","max-video-preview":"max-video-preview:-1"},"canonical":"https:\/\/parsi-tours.com\/es\/iran-tours-a-medida\/","og_locale":"es_ES","og_type":"article","og_title":"Iran Tailormade Tours | Parsi Tours","og_description":"La agencia de viajes Parsi Tours organiza viajes a medida por Ir\u00e1n a diferentes regiones de Ir\u00e1n para todos los gustos y personalidades.","og_url":"https:\/\/parsi-tours.com\/es\/iran-tours-a-medida\/","og_site_name":"Parsi Tours","article_modified_time":"2024-06-22T10:18:36+00:00","og_image":[{"width":400,"height":400,"url":"https:\/\/parsi-tours.com\/wp-content\/uploads\/2024\/06\/Iran-Tailormade-Tours-Parsi-Tours-10-Featured-Image.jpg","type":"image\/jpeg"}],"twitter_card":"summary_large_image","twitter_misc":{"Est. reading time":"3 minutes"},"schema":{"@context":"https:\/\/schema.org","@graph":[{"@type":"WebPage","@id":"https:\/\/parsi-tours.com\/es\/iran-tours-a-medida\/","url":"https:\/\/parsi-tours.com\/es\/iran-tours-a-medida\/","name":"Iran Tailormade Tours | Parsi Tours","isPartOf":{"@id":"https:\/\/parsi-tours.com\/#website"},"datePublished":"2024-06-17T20:27:15+00:00","dateModified":"2024-06-22T10:18:36+00:00","description":"La agencia de viajes Parsi Tours organiza viajes a medida por Ir\u00e1n a diferentes regiones de Ir\u00e1n para todos los gustos y personalidades.","breadcrumb":{"@id":"https:\/\/parsi-tours.com\/es\/iran-tours-a-medida\/#breadcrumb"},"inLanguage":"es-ES","potentialAction":[{"@type":"ReadAction","target":["https:\/\/parsi-tours.com\/es\/iran-tours-a-medida\/"]}]},{"@type":"BreadcrumbList","@id":"https:\/\/parsi-tours.com\/es\/iran-tours-a-medida\/#breadcrumb","itemListElement":[{"@type":"ListItem","position":1,"name":"Inicio","item":"https:\/\/parsi-tours.com\/es\/"},{"@type":"ListItem","position":2,"name":"Iran Tailormade Tours"}]},{"@type":"WebSite","@id":"https:\/\/parsi-tours.com\/#website","url":"https:\/\/parsi-tours.com\/","name":"Parsi Tours","description":"Tour &amp; Travel Operator in Iran","publisher":{"@id":"https:\/\/parsi-tours.com\/#organization"},"potentialAction":[{"@type":"SearchAction","target":{"@type":"EntryPoint","urlTemplate":"https:\/\/parsi-tours.com\/?s={search_term_string}"},"query-input":"required name=search_term_string"}],"inLanguage":"es-ES"},{"@type":"Organization","@id":"https:\/\/parsi-tours.com\/#organization","name":"Parsi Tours Iran Travel Agency: Tour & Travel Operator in Iran","url":"https:\/\/parsi-tours.com\/","logo":{"@type":"ImageObject","inLanguage":"es-ES","@id":"https:\/\/parsi-tours.com\/#\/schema\/logo\/image\/","url":"https:\/\/parsi-tours.com\/wp-content\/uploads\/2022\/08\/logo.png","contentUrl":"https:\/\/parsi-tours.com\/wp-content\/uploads\/2022\/08\/logo.png","width":245,"height":200,"caption":"Parsi Tours Iran Travel Agency: Tour & Travel Operator in Iran"},"image":{"@id":"https:\/\/parsi-tours.com\/#\/schema\/logo\/image\/"},"sameAs":["https:\/\/www.instagram.com\/parsi_tours\/"]}]}},"_links":{"self":[{"href":"https:\/\/parsi-tours.com\/es\/wp-json\/wp\/v2\/pages\/18590"}],"collection":[{"href":"https:\/\/parsi-tours.com\/es\/wp-json\/wp\/v2\/pages"}],"about":[{"href":"https:\/\/parsi-tours.com\/es\/wp-json\/wp\/v2\/types\/page"}],"author":[{"embeddable":true,"href":"https:\/\/parsi-tours.com\/es\/wp-json\/wp\/v2\/users\/1"}],"replies":[{"embeddable":true,"href":"https:\/\/parsi-tours.com\/es\/wp-json\/wp\/v2\/comments?post=18590"}],"version-history":[{"count":0,"href":"https:\/\/parsi-tours.com\/es\/wp-json\/wp\/v2\/pages\/18590\/revisions"}],"wp:featuredmedia":[{"embeddable":true,"href":"https:\/\/parsi-tours.com\/es\/wp-json\/wp\/v2\/media\/18376"}],"wp:attachment":[{"href":"https:\/\/parsi-tours.com\/es\/wp-json\/wp\/v2\/media?parent=18590"}],"curies":[{"name":"wp","href":"https:\/\/api.w.org\/{rel}","templated":true}]}}