{"id":1651,"date":"2022-10-31T07:33:40","date_gmt":"2022-10-31T07:33:40","guid":{"rendered":"https:\/\/parsi-tours.com\/?page_id=1651"},"modified":"2022-11-28T09:28:36","modified_gmt":"2022-11-28T09:28:36","slug":"cidades-do-irao","status":"publish","type":"page","link":"https:\/\/parsi-tours.com\/pt-pt\/cidades-do-irao\/","title":{"rendered":"Cidades do Ir\u00e3o"},"content":{"rendered":"<h2><span style=\"color: #0091b5;\">SHIRAZ<\/span><\/h2>\n<p>A HIST\u00d3RICA E ANTIGA TERRA DE PARS HERDOU MUITO DA CULTURA E CIVILIZA\u00c7\u00c3O DO IR\u00c3O DA IDADE DA PEDRA AT\u00c9 AGORA.<\/p>\n<p>PARS COMO O LOCAL DE NASCIMENTO DAS DUAS MAIS PODEROSAS DINASTIAS DO IR\u00c3O, AQUEM\u00caNIDAS E SAS\u00c2NIDA, BRILHA NO MUNDO ANTIGO E SHIRAZ COMO O CENTRO FUNDAMENTAL DO IMP\u00c9RIO PERSA QUE SEMPRE ESTA EM FOCO.<\/p>\n<p>PARS E PARSIA.<\/p>\n<p>SHIRAZ, A CIDADE DO SECRETO, \u00c9 CONHECIDA COMO A CIDADE DOS JARDINS INCR\u00cdVEIS, ASSIM COMO SEUS GRANDES POETAS. UMA CIDADE ONDE VOC\u00ca VAI ADORAR OS EXEMPLARES JARDINS PERSAS E A FRAGR\u00c2NCIA DA LARANJA AZEDA.<\/p>\n<p>&nbsp;<\/p>\n<h2><span style=\"color: #0091b5;\">KAHSAN<\/span><\/h2>\n<p>&nbsp;<\/p>\n<p>CAMINHAR NA CIDADE DAS FLORES E \u00c1GUAS DE ROSAS. KASHAN, \u00c9 CONSIDERADO UM MILAGRE NO CORA\u00c7\u00c3O DO DESERTO COM SUA ARQUITETURA, IMPRESSIONANTES EDIF\u00cdCIOS HIST\u00d3RICOS E TAPETES BRILHANTES\u2026<\/p>\n<p>MERGULHE NA P\u00c9RSIA ANTIGA EM KASHAN, OS VISITANTES DESFRUTAR\u00c3O EM UMA DAS CIDADES MAIS ANTIGAS E HIST\u00d3RICAS DO IR\u00c3O.<\/p>\n<p>KASHAN REPRESENTA UMA DAS ARTES SIGNIFICATIVAS NO IR\u00c3O, A ARTE DE AZULEJOS, COMO SEU NOME FOI RETIRADO DO AZULEJO DESTA FABULOSA ARTE.<\/p>\n<p>VOC\u00ca DEFINITIVAMENTE SE SURPREENDER\u00c1 COM A IMPRESSIONANTE QUANTIDADE DE LOCAIS HIST\u00d3RICOS, ANTIGAS CASAS TRADICIONAIS, UM BAZAR CONCENTRADO E SEU JARDIM PERSA PATRIM\u00d4NIO MUNDIAL REGISTRADO PELA UNESCO.<\/p>\n<p>&nbsp;<\/p>\n<h2><span style=\"color: #0091b5;\">ISFAHN<\/span><\/h2>\n<p>&nbsp;<\/p>\n<p>VOC\u00ca EST\u00c1 INTERESSADO EM VISITAR A ARQUITETURA M\u00c1GICA DO IR\u00c3O? SEM D\u00daVIDA, ISFAHN DEVE SER O SEU DESTINO.<\/p>\n<p>ESTA CIDADE FOI ADORADA PELOS VIAJANTES POR SUAS BELEZAS IMPRESSIONANTES E POR SUA HIST\u00d3RIA FASCINANTE.<\/p>\n<p>ISFAHAN VAI_LHE_ SURPREENDER COM SEUS PONTES HIST\u00d3RICAS SOBRE O RUIDOSO RIO ZAYANDEHRUD, MESQUITAS GLORIOSAS E BELAS ARTESANATOS.<\/p>\n<p>ESTA MARAVILHOSA ESTRUTURA DE ARTE E ARQUITETURA DE PAISAGEM PERSA SER\u00c1 IMPRESSIONANTE COM SUAS C\u00daPULAS DA COR DE TURQUESA.<\/p>\n<h2><span style=\"color: #0091b5;\">YAZD<\/span><\/h2>\n<p>FA\u00c7A UMA VIAGEM PELO MEMORIA, VISITANDO UMA DAS MAIORES CIDADES DE ADOBE DO MUNDO, YAZD, CONHECIDA COMO A J\u00d3IA DO DESERTO.<\/p>\n<p>LOCALIZADO NA ROTA DAS ESPECIARIAS E DA SEDA, UMA DAS CIDADES MAIS ANTIGAS DO MUNDO, YAZD, COM UMA HIST\u00d3RIA DE TR\u00caS MIL ANOS.<\/p>\n<p>YAZD ERA CONHECIDO COMO ISSATIS, NO ENTANTO, O NOME ATUAL VEM DE YAZDGERD PRIMEIRO, O IMPERADOR SASS\u00c2NIDA DE P\u00c9RSIA. YAZD FOI CONSIDERADO O CENTRO DOS ZOROASTRIOS COM SEUS TEMPLOS E RITUAIS ANTIGOS.<\/p>\n<p>AS TORRES DE VENTO QUE FOI UMA INVEN\u00c7\u00c3O PARA ARREFECER AS CASAS DE FORMA NATURAL, ATRAV\u00c9S DA FOR\u00c7A DOS VENTOS.<\/p>\n<p>OS INCR\u00cdVEIS QANATS, A CIDADE ADOBE QUE ABRA\u00c7A AS ATRA\u00c7\u00d5ES PR\u00c9-ISL\u00c2MICAS E ISL\u00c2MICAS. FOI INSCRITA NA LISTA DO PATRIM\u00d4NIO MUNDIAL DA UNESCO.<\/p>\n<p>ESTA CIDADE HIST\u00d3RICA CHAMOU A ATEN\u00c7\u00c3O DE MARCOPOLO DURANTE SUA VISITA EM 1272, QUE CHAMOU YAZD DE CIDADE NOBRE.<\/p>\n<h2><span style=\"color: #0091b5;\">\u00a0TABRIZ<\/span><\/h2>\n<p>QUINTA MAIOR CIDADE DO IR\u00c3O, TABRIZ \u00c9 UM DOS PRINCIPAIS CENTROS DA IND\u00daSTRIA E ECONOMIA IRANIA. ESTA CIDADE EXCELENTE FICA NO NOROESTE DO IR\u00c3O E FOI ESCOLHIDA COMO CAPITAL DO TURISMO ISL\u00c2MICO MUNDIAL EM 2018.<\/p>\n<p>LOCALIZADA NA ESTRADA DA SEDA, ESTA CIDADE HIST\u00d3RICA SEMPRE FOI CONSIDERADA O CENTRO COMERCIAL CRUCIAL E FOI O CENTRO IRANIANO MAIS PR\u00d3XIMO DO CONTINENTE EUROPEU NAQUELA EPOCA.<\/p>\n<p>A CIDADE DA BELEZA DORMIDA NAS INCLINA\u00c7\u00d5ES DA MONTANHA SAHAND.<\/p>\n<p>TABRIZ, VOC\u00ca VAI FICAR SUPER ANIMADO, VISITAR O MAIS FAMOSO BAZAR COBERTO DO MUNDO NA LISTA DA UNESCO.<\/p>\n<p>AL\u00c9M DISSO, TEM OS MUSEUS, AS MESQUITAS E OS IMPRESSIONANTES MONUMENTOS.<\/p>\n<p>&nbsp;<\/p>\n<h2><span style=\"color: #0091b5;\">KERMAN<\/span><\/h2>\n<p>KERMAN \u00c9 UM PARA\u00cdSO NO CORA\u00c7\u00c3O DO DESERTO QUENTE E ARDENTE. NESTA PROV\u00cdNCIA H\u00c1 UM PONTO MAIS QUENTE DO MUNDO (GANDOM BERYAN). TAMB\u00c9M COM UMA CURTA DIST\u00c2NCIA H\u00c1 UM INCR\u00cdVEL BELO JARDIM PERSA (SHAZDEH MAHAN) COM SUA BRISA ACARICIANTE.<\/p>\n<p>KERMAN TEM MUITO PARA NOS OFERECER, DESDE O BAZZAR VIVENTE COM SEU POVO GENTIL AT\u00c9 SUAS MARAVILHOSAS MESQUITAS E O TEMPLO DO FOGO ZOROASTRIANO. ESTA PAISAGEM CULTURAL RICA DE HIST\u00d3RIA FASCINOU TODOS OS VISITANTES COM AS SUAS MARAVILHAS.<\/p>\n<p>TEER\u00c3O<\/p>\n<p>TEER\u00c3O, A CAPITAL DO IR\u00c3O COM UM GRAND HIST\u00d3RIA E UMA COMBINA\u00c7\u00c3O DE TRADI\u00c7\u00c3O E MODERNISMO, SEMPRE TEVE MUITO PARA OFERECER. A SEGUNDA MAIOR METROPOLITA DO ORIENTE M\u00c9DIO ABRIGA V\u00c1RIOS LUGARES TUR\u00cdSTICOS E HIST\u00d3RICOS, COMO O MARAVILHOSO PAL\u00c1CIO GOLESTAN, O IMPRESSIONANTE PAL\u00c1CIO DE SAAD ABAD E NIAVARAN, A TORRE AZADI (UM EDIF\u00cdCIO MEMORIAL DA DINASTIA PAHLAVI) E A TORRE MILAD, O SEXTA TORRE MAIS ALTA DO MUNDO.<\/p>\n<p>DE VERDADE, H\u00c1 ATRA\u00c7\u00d5ES TUR\u00cdSTICAS FASCINANTES EM TODOS OS LADOS DESTA GRANDE CIDADE.<\/p>\n<p>SUA RICA HIST\u00d3RIA, MONUMENTOS INESQUEC\u00cdVEIS E BOA LOCALIZA\u00c7\u00c3O GEOGR\u00c1FICA FIZERAM DE TEER\u00c3O UM DESTINO ESSENCIAL PARA TODOS OS VIAJANTES.<\/p>\n","protected":false},"excerpt":{"rendered":"<p>SHIRAZ A HIST\u00d3RICA E ANTIGA TERRA DE PARS HERDOU MUITO DA CULTURA E CIVILIZA\u00c7\u00c3O DO IR\u00c3O DA IDADE DA PEDRA AT\u00c9 AGORA. PARS COMO O LOCAL DE NASCIMENTO DAS DUAS MAIS PODEROSAS DINASTIAS DO IR\u00c3O, AQUEM\u00caNIDAS E SAS\u00c2NIDA, BRILHA NO MUNDO ANTIGO E SHIRAZ COMO O CENTRO FUNDAMENTAL DO IMP\u00c9RIO PERSA QUE SEMPRE ESTA EM [&hellip;]<\/p>\n","protected":false},"author":1,"featured_media":0,"parent":0,"menu_order":0,"comment_status":"closed","ping_status":"closed","template":"","meta":{"footnotes":""},"acf":[],"yoast_head":"<!-- This site is optimized with the Yoast SEO Premium plugin v22.0 (Yoast SEO v22.1) - https:\/\/yoast.com\/wordpress\/plugins\/seo\/ -->\n<title>Cidades do Ir\u00e3o | Parsi Tours<\/title>\n<meta name=\"robots\" content=\"index, follow, max-snippet:-1, max-image-preview:large, max-video-preview:-1\" \/>\n<link rel=\"canonical\" href=\"https:\/\/parsi-tours.com\/pt-pt\/cidades-do-irao\/\" \/>\n<meta property=\"og:locale\" content=\"pt_PT\" \/>\n<meta property=\"og:type\" content=\"article\" \/>\n<meta property=\"og:title\" content=\"Cidades do Ir\u00e3o | Parsi Tours\" \/>\n<meta property=\"og:description\" content=\"SHIRAZ A HIST\u00d3RICA E ANTIGA TERRA DE PARS HERDOU MUITO DA CULTURA E CIVILIZA\u00c7\u00c3O DO IR\u00c3O DA IDADE DA PEDRA AT\u00c9 AGORA. PARS COMO O LOCAL DE NASCIMENTO DAS DUAS MAIS PODEROSAS DINASTIAS DO IR\u00c3O, AQUEM\u00caNIDAS E SAS\u00c2NIDA, BRILHA NO MUNDO ANTIGO E SHIRAZ COMO O CENTRO FUNDAMENTAL DO IMP\u00c9RIO PERSA QUE SEMPRE ESTA EM [&hellip;]\" \/>\n<meta property=\"og:url\" content=\"https:\/\/parsi-tours.com\/pt-pt\/cidades-do-irao\/\" \/>\n<meta property=\"og:site_name\" content=\"Parsi Tours\" \/>\n<meta property=\"article:modified_time\" content=\"2022-11-28T09:28:36+00:00\" \/>\n<meta name=\"twitter:card\" content=\"summary_large_image\" \/>\n<meta name=\"twitter:label1\" content=\"Est. reading time\" \/>\n\t<meta name=\"twitter:data1\" content=\"4 minutes\" \/>\n<script type=\"application\/ld+json\" class=\"yoast-schema-graph\">{\"@context\":\"https:\/\/schema.org\",\"@graph\":[{\"@type\":\"WebPage\",\"@id\":\"https:\/\/parsi-tours.com\/pt-pt\/cidades-do-irao\/\",\"url\":\"https:\/\/parsi-tours.com\/pt-pt\/cidades-do-irao\/\",\"name\":\"Cidades do Ir\u00e3o | Parsi Tours\",\"isPartOf\":{\"@id\":\"https:\/\/parsi-tours.com\/#website\"},\"datePublished\":\"2022-10-31T07:33:40+00:00\",\"dateModified\":\"2022-11-28T09:28:36+00:00\",\"breadcrumb\":{\"@id\":\"https:\/\/parsi-tours.com\/pt-pt\/cidades-do-irao\/#breadcrumb\"},\"inLanguage\":\"pt-PT\",\"potentialAction\":[{\"@type\":\"ReadAction\",\"target\":[\"https:\/\/parsi-tours.com\/pt-pt\/cidades-do-irao\/\"]}]},{\"@type\":\"BreadcrumbList\",\"@id\":\"https:\/\/parsi-tours.com\/pt-pt\/cidades-do-irao\/#breadcrumb\",\"itemListElement\":[{\"@type\":\"ListItem\",\"position\":1,\"name\":\"In\u00edcio\",\"item\":\"https:\/\/parsi-tours.com\/pt-pt\/\"},{\"@type\":\"ListItem\",\"position\":2,\"name\":\"Cidades do Ir\u00e3o\"}]},{\"@type\":\"WebSite\",\"@id\":\"https:\/\/parsi-tours.com\/#website\",\"url\":\"https:\/\/parsi-tours.com\/\",\"name\":\"Parsi Tours\",\"description\":\"Tour &amp; Travel Operator in Iran\",\"publisher\":{\"@id\":\"https:\/\/parsi-tours.com\/#organization\"},\"potentialAction\":[{\"@type\":\"SearchAction\",\"target\":{\"@type\":\"EntryPoint\",\"urlTemplate\":\"https:\/\/parsi-tours.com\/?s={search_term_string}\"},\"query-input\":\"required name=search_term_string\"}],\"inLanguage\":\"pt-PT\"},{\"@type\":\"Organization\",\"@id\":\"https:\/\/parsi-tours.com\/#organization\",\"name\":\"Parsi Tours Iran Travel Agency: Tour & Travel Operator in Iran\",\"url\":\"https:\/\/parsi-tours.com\/\",\"logo\":{\"@type\":\"ImageObject\",\"inLanguage\":\"pt-PT\",\"@id\":\"https:\/\/parsi-tours.com\/#\/schema\/logo\/image\/\",\"url\":\"https:\/\/parsi-tours.com\/wp-content\/uploads\/2022\/08\/logo.png\",\"contentUrl\":\"https:\/\/parsi-tours.com\/wp-content\/uploads\/2022\/08\/logo.png\",\"width\":245,\"height\":200,\"caption\":\"Parsi Tours Iran Travel Agency: Tour & Travel Operator in Iran\"},\"image\":{\"@id\":\"https:\/\/parsi-tours.com\/#\/schema\/logo\/image\/\"},\"sameAs\":[\"https:\/\/www.instagram.com\/parsi_tours\/\"]}]}<\/script>\n<!-- \/ Yoast SEO Premium plugin. -->","yoast_head_json":{"title":"Cidades do Ir\u00e3o | Parsi Tours","robots":{"index":"index","follow":"follow","max-snippet":"max-snippet:-1","max-image-preview":"max-image-preview:large","max-video-preview":"max-video-preview:-1"},"canonical":"https:\/\/parsi-tours.com\/pt-pt\/cidades-do-irao\/","og_locale":"pt_PT","og_type":"article","og_title":"Cidades do Ir\u00e3o | Parsi Tours","og_description":"SHIRAZ A HIST\u00d3RICA E ANTIGA TERRA DE PARS HERDOU MUITO DA CULTURA E CIVILIZA\u00c7\u00c3O DO IR\u00c3O DA IDADE DA PEDRA AT\u00c9 AGORA. PARS COMO O LOCAL DE NASCIMENTO DAS DUAS MAIS PODEROSAS DINASTIAS DO IR\u00c3O, AQUEM\u00caNIDAS E SAS\u00c2NIDA, BRILHA NO MUNDO ANTIGO E SHIRAZ COMO O CENTRO FUNDAMENTAL DO IMP\u00c9RIO PERSA QUE SEMPRE ESTA EM [&hellip;]","og_url":"https:\/\/parsi-tours.com\/pt-pt\/cidades-do-irao\/","og_site_name":"Parsi Tours","article_modified_time":"2022-11-28T09:28:36+00:00","twitter_card":"summary_large_image","twitter_misc":{"Est. reading time":"4 minutes"},"schema":{"@context":"https:\/\/schema.org","@graph":[{"@type":"WebPage","@id":"https:\/\/parsi-tours.com\/pt-pt\/cidades-do-irao\/","url":"https:\/\/parsi-tours.com\/pt-pt\/cidades-do-irao\/","name":"Cidades do Ir\u00e3o | Parsi Tours","isPartOf":{"@id":"https:\/\/parsi-tours.com\/#website"},"datePublished":"2022-10-31T07:33:40+00:00","dateModified":"2022-11-28T09:28:36+00:00","breadcrumb":{"@id":"https:\/\/parsi-tours.com\/pt-pt\/cidades-do-irao\/#breadcrumb"},"inLanguage":"pt-PT","potentialAction":[{"@type":"ReadAction","target":["https:\/\/parsi-tours.com\/pt-pt\/cidades-do-irao\/"]}]},{"@type":"BreadcrumbList","@id":"https:\/\/parsi-tours.com\/pt-pt\/cidades-do-irao\/#breadcrumb","itemListElement":[{"@type":"ListItem","position":1,"name":"In\u00edcio","item":"https:\/\/parsi-tours.com\/pt-pt\/"},{"@type":"ListItem","position":2,"name":"Cidades do Ir\u00e3o"}]},{"@type":"WebSite","@id":"https:\/\/parsi-tours.com\/#website","url":"https:\/\/parsi-tours.com\/","name":"Parsi Tours","description":"Tour &amp; Travel Operator in Iran","publisher":{"@id":"https:\/\/parsi-tours.com\/#organization"},"potentialAction":[{"@type":"SearchAction","target":{"@type":"EntryPoint","urlTemplate":"https:\/\/parsi-tours.com\/?s={search_term_string}"},"query-input":"required name=search_term_string"}],"inLanguage":"pt-PT"},{"@type":"Organization","@id":"https:\/\/parsi-tours.com\/#organization","name":"Parsi Tours Iran Travel Agency: Tour & Travel Operator in Iran","url":"https:\/\/parsi-tours.com\/","logo":{"@type":"ImageObject","inLanguage":"pt-PT","@id":"https:\/\/parsi-tours.com\/#\/schema\/logo\/image\/","url":"https:\/\/parsi-tours.com\/wp-content\/uploads\/2022\/08\/logo.png","contentUrl":"https:\/\/parsi-tours.com\/wp-content\/uploads\/2022\/08\/logo.png","width":245,"height":200,"caption":"Parsi Tours Iran Travel Agency: Tour & Travel Operator in Iran"},"image":{"@id":"https:\/\/parsi-tours.com\/#\/schema\/logo\/image\/"},"sameAs":["https:\/\/www.instagram.com\/parsi_tours\/"]}]}},"_links":{"self":[{"href":"https:\/\/parsi-tours.com\/pt-pt\/wp-json\/wp\/v2\/pages\/1651"}],"collection":[{"href":"https:\/\/parsi-tours.com\/pt-pt\/wp-json\/wp\/v2\/pages"}],"about":[{"href":"https:\/\/parsi-tours.com\/pt-pt\/wp-json\/wp\/v2\/types\/page"}],"author":[{"embeddable":true,"href":"https:\/\/parsi-tours.com\/pt-pt\/wp-json\/wp\/v2\/users\/1"}],"replies":[{"embeddable":true,"href":"https:\/\/parsi-tours.com\/pt-pt\/wp-json\/wp\/v2\/comments?post=1651"}],"version-history":[{"count":0,"href":"https:\/\/parsi-tours.com\/pt-pt\/wp-json\/wp\/v2\/pages\/1651\/revisions"}],"wp:attachment":[{"href":"https:\/\/parsi-tours.com\/pt-pt\/wp-json\/wp\/v2\/media?parent=1651"}],"curies":[{"name":"wp","href":"https:\/\/api.w.org\/{rel}","templated":true}]}}