{"id":1662,"date":"2022-10-31T07:46:25","date_gmt":"2022-10-31T07:46:25","guid":{"rendered":"https:\/\/parsi-tours.com\/?page_id=1662"},"modified":"2022-12-05T07:34:50","modified_gmt":"2022-12-05T07:34:50","slug":"algo-sobre-o-irao","status":"publish","type":"page","link":"https:\/\/parsi-tours.com\/pt-pt\/algo-sobre-o-irao\/","title":{"rendered":"Algo sobre o Ir\u00e3o"},"content":{"rendered":"<h1><span style=\"color: #dab34e;\">Algo sobre o Ir\u00e3o<\/span><\/h1>\n<p>Uma terra montanhosa e semi\u00e1rida, O Ir\u00e3o est\u00e1 localizado na parte ocidental do maior continente do mundo, a \u00c1sia. Com uma \u00e1rea de mais de 1.648.195 quil\u00f4metros quadrados, O Ir\u00e3o est\u00e1 entre os pa\u00edses do Oriente M\u00e9dio. Quase 90 por cento do territ\u00f3rio iraniano est\u00e1 situado no planalto iraniano.<\/p>\n<p>Com uma fronteira mar\u00edtima de 2.700 quil\u00f4metros e uma fronteira terrestre de 6.031 quil\u00f4metros, o Ir\u00e3o compartilha fronteiras ao norte com Turquemenist\u00e3o, Azerbaij\u00e3o, Arm\u00eania e Mar C\u00e1spio, a oeste com Turquia e Iraque, a leste com Paquist\u00e3o e Afeganist\u00e3o e ao sul com o Golfo P\u00e9rsico e o Mar de Om\u00e3.<\/p>\n<p>Com mais de 80 milh\u00f5es de habitantes, o Ir\u00e3o abriga um grande n\u00famero de grupos \u00e9tnicos, incluindo Turcos, Kurdos, Lor, Baluch, bem como Qashqai, Mazani, Gilaki, Shahsavan, Lak e Taleshi.<\/p>\n<p>Tamb\u00e9m ao Turcomano e ao \u00c1rabe, O Ir\u00e3o desfruta n\u00e3o apenas de v\u00e1rias etnias, mas tamb\u00e9m de dezenas de idiomas e dialetos diferentes. A grande maioria das pessoas no Ir\u00e3o fala Farsi, a l\u00edngua oficial e a l\u00edngua materna da maioria dos iranianos.<\/p>\n<p>Al\u00e9m disso, os grupos \u00e9tnicos mencionados falam com seus pr\u00f3prios dialetos, como Gilaki, Turco, Kurdo, etc.<\/p>\n<p>Teer\u00e3o \u00e9 a capital do Ir\u00e3o e a cidade mais habitada do pa\u00eds. Tamb\u00e9m est\u00e1 entre as 24 cidades mais habitadas do mundo. Enquanto isso, \u00e9 reconhecida como uma capital pol\u00edtica, econ\u00f4mica e industrial do Ir\u00e3o.<\/p>\n<p>Esta terceira cidade mais habitada do Oriente M\u00e9dio, tem uma popula\u00e7\u00e3o de mais de 8 milh\u00f5es.<\/p>\n<p>O islamismo \u00e9 a religi\u00e3o dominante, com cerca de 90% da popula\u00e7\u00e3o sendo xiita que \u00e9 a religi\u00e3o oficial do estado, enquanto quase 8% s\u00e3o sunitas. As outras minorias s\u00e3o zoroastrianos, crist\u00e3os e judeus, que representam quase 2%. Essas tr\u00eas religi\u00f5es t\u00eam assento na assembleia nacional isl\u00e2mica e s\u00e3o reconhecidas na constitui\u00e7\u00e3o.<\/p>\n<p>Em termos de clima, parte not\u00e1vel do Ir\u00e3o \u00e9 coberta com deserto seco e devido \u00e0 falta pluviosidade, o Ir\u00e3o \u00e9 considerado um pa\u00eds \u00e1rido e semi\u00e1rido.<\/p>\n<p>No entanto, a exist\u00eancia de in\u00fameras montanhas e duas grandes cordilheiras, Alborz e Zagros, al\u00e9m de algumas plan\u00edcies e florestas verdes (florestas HYRCANIAN que s\u00e3o Patrim\u00f4nio Mundial da UNESCO), traz um clima temperado e um pouco frio em partes do Ir\u00e3o, como norte, oeste e noroeste.<\/p>\n<p>Essa diversidade clim\u00e1tica e localiza\u00e7\u00e3o geogr\u00e1fica fazem do Ir\u00e3o um pa\u00eds de quatro esta\u00e7\u00f5es.<\/p>\n","protected":false},"excerpt":{"rendered":"<p>Algo sobre o Ir\u00e3o Uma terra montanhosa e semi\u00e1rida, O Ir\u00e3o est\u00e1 localizado na parte ocidental do maior continente do mundo, a \u00c1sia. Com uma \u00e1rea de mais de 1.648.195 quil\u00f4metros quadrados, O Ir\u00e3o est\u00e1 entre os pa\u00edses do Oriente M\u00e9dio. Quase 90 por cento do territ\u00f3rio iraniano est\u00e1 situado no planalto iraniano. Com uma [&hellip;]<\/p>\n","protected":false},"author":1,"featured_media":0,"parent":0,"menu_order":0,"comment_status":"closed","ping_status":"closed","template":"template\/sheet.php","meta":{"footnotes":""},"acf":[],"yoast_head":"<!-- This site is optimized with the Yoast SEO Premium plugin v22.0 (Yoast SEO v22.1) - https:\/\/yoast.com\/wordpress\/plugins\/seo\/ -->\n<title>Algo sobre o Ir\u00e3o | Parsi Tours<\/title>\n<meta name=\"robots\" content=\"index, follow, max-snippet:-1, max-image-preview:large, max-video-preview:-1\" \/>\n<link rel=\"canonical\" href=\"https:\/\/parsi-tours.com\/pt-pt\/algo-sobre-o-irao\/\" \/>\n<meta property=\"og:locale\" content=\"pt_PT\" \/>\n<meta property=\"og:type\" content=\"article\" \/>\n<meta property=\"og:title\" content=\"Algo sobre o Ir\u00e3o | Parsi Tours\" \/>\n<meta property=\"og:description\" content=\"Algo sobre o Ir\u00e3o Uma terra montanhosa e semi\u00e1rida, O Ir\u00e3o est\u00e1 localizado na parte ocidental do maior continente do mundo, a \u00c1sia. Com uma \u00e1rea de mais de 1.648.195 quil\u00f4metros quadrados, O Ir\u00e3o est\u00e1 entre os pa\u00edses do Oriente M\u00e9dio. Quase 90 por cento do territ\u00f3rio iraniano est\u00e1 situado no planalto iraniano. Com uma [&hellip;]\" \/>\n<meta property=\"og:url\" content=\"https:\/\/parsi-tours.com\/pt-pt\/algo-sobre-o-irao\/\" \/>\n<meta property=\"og:site_name\" content=\"Parsi Tours\" \/>\n<meta property=\"article:modified_time\" content=\"2022-12-05T07:34:50+00:00\" \/>\n<meta name=\"twitter:card\" content=\"summary_large_image\" \/>\n<meta name=\"twitter:label1\" content=\"Est. reading time\" \/>\n\t<meta name=\"twitter:data1\" content=\"2 minutes\" \/>\n<script type=\"application\/ld+json\" class=\"yoast-schema-graph\">{\"@context\":\"https:\/\/schema.org\",\"@graph\":[{\"@type\":\"WebPage\",\"@id\":\"https:\/\/parsi-tours.com\/pt-pt\/algo-sobre-o-irao\/\",\"url\":\"https:\/\/parsi-tours.com\/pt-pt\/algo-sobre-o-irao\/\",\"name\":\"Algo sobre o Ir\u00e3o | Parsi Tours\",\"isPartOf\":{\"@id\":\"https:\/\/parsi-tours.com\/#website\"},\"datePublished\":\"2022-10-31T07:46:25+00:00\",\"dateModified\":\"2022-12-05T07:34:50+00:00\",\"breadcrumb\":{\"@id\":\"https:\/\/parsi-tours.com\/pt-pt\/algo-sobre-o-irao\/#breadcrumb\"},\"inLanguage\":\"pt-PT\",\"potentialAction\":[{\"@type\":\"ReadAction\",\"target\":[\"https:\/\/parsi-tours.com\/pt-pt\/algo-sobre-o-irao\/\"]}]},{\"@type\":\"BreadcrumbList\",\"@id\":\"https:\/\/parsi-tours.com\/pt-pt\/algo-sobre-o-irao\/#breadcrumb\",\"itemListElement\":[{\"@type\":\"ListItem\",\"position\":1,\"name\":\"In\u00edcio\",\"item\":\"https:\/\/parsi-tours.com\/pt-pt\/\"},{\"@type\":\"ListItem\",\"position\":2,\"name\":\"Algo sobre o Ir\u00e3o\"}]},{\"@type\":\"WebSite\",\"@id\":\"https:\/\/parsi-tours.com\/#website\",\"url\":\"https:\/\/parsi-tours.com\/\",\"name\":\"Parsi Tours\",\"description\":\"Tour &amp; Travel Operator in Iran\",\"publisher\":{\"@id\":\"https:\/\/parsi-tours.com\/#organization\"},\"potentialAction\":[{\"@type\":\"SearchAction\",\"target\":{\"@type\":\"EntryPoint\",\"urlTemplate\":\"https:\/\/parsi-tours.com\/?s={search_term_string}\"},\"query-input\":\"required name=search_term_string\"}],\"inLanguage\":\"pt-PT\"},{\"@type\":\"Organization\",\"@id\":\"https:\/\/parsi-tours.com\/#organization\",\"name\":\"Parsi Tours Iran Travel Agency: Tour & Travel Operator in Iran\",\"url\":\"https:\/\/parsi-tours.com\/\",\"logo\":{\"@type\":\"ImageObject\",\"inLanguage\":\"pt-PT\",\"@id\":\"https:\/\/parsi-tours.com\/#\/schema\/logo\/image\/\",\"url\":\"https:\/\/parsi-tours.com\/wp-content\/uploads\/2022\/08\/logo.png\",\"contentUrl\":\"https:\/\/parsi-tours.com\/wp-content\/uploads\/2022\/08\/logo.png\",\"width\":245,\"height\":200,\"caption\":\"Parsi Tours Iran Travel Agency: Tour & Travel Operator in Iran\"},\"image\":{\"@id\":\"https:\/\/parsi-tours.com\/#\/schema\/logo\/image\/\"},\"sameAs\":[\"https:\/\/www.instagram.com\/parsi_tours\/\"]}]}<\/script>\n<!-- \/ Yoast SEO Premium plugin. -->","yoast_head_json":{"title":"Algo sobre o Ir\u00e3o | Parsi Tours","robots":{"index":"index","follow":"follow","max-snippet":"max-snippet:-1","max-image-preview":"max-image-preview:large","max-video-preview":"max-video-preview:-1"},"canonical":"https:\/\/parsi-tours.com\/pt-pt\/algo-sobre-o-irao\/","og_locale":"pt_PT","og_type":"article","og_title":"Algo sobre o Ir\u00e3o | Parsi Tours","og_description":"Algo sobre o Ir\u00e3o Uma terra montanhosa e semi\u00e1rida, O Ir\u00e3o est\u00e1 localizado na parte ocidental do maior continente do mundo, a \u00c1sia. Com uma \u00e1rea de mais de 1.648.195 quil\u00f4metros quadrados, O Ir\u00e3o est\u00e1 entre os pa\u00edses do Oriente M\u00e9dio. Quase 90 por cento do territ\u00f3rio iraniano est\u00e1 situado no planalto iraniano. Com uma [&hellip;]","og_url":"https:\/\/parsi-tours.com\/pt-pt\/algo-sobre-o-irao\/","og_site_name":"Parsi Tours","article_modified_time":"2022-12-05T07:34:50+00:00","twitter_card":"summary_large_image","twitter_misc":{"Est. reading time":"2 minutes"},"schema":{"@context":"https:\/\/schema.org","@graph":[{"@type":"WebPage","@id":"https:\/\/parsi-tours.com\/pt-pt\/algo-sobre-o-irao\/","url":"https:\/\/parsi-tours.com\/pt-pt\/algo-sobre-o-irao\/","name":"Algo sobre o Ir\u00e3o | Parsi Tours","isPartOf":{"@id":"https:\/\/parsi-tours.com\/#website"},"datePublished":"2022-10-31T07:46:25+00:00","dateModified":"2022-12-05T07:34:50+00:00","breadcrumb":{"@id":"https:\/\/parsi-tours.com\/pt-pt\/algo-sobre-o-irao\/#breadcrumb"},"inLanguage":"pt-PT","potentialAction":[{"@type":"ReadAction","target":["https:\/\/parsi-tours.com\/pt-pt\/algo-sobre-o-irao\/"]}]},{"@type":"BreadcrumbList","@id":"https:\/\/parsi-tours.com\/pt-pt\/algo-sobre-o-irao\/#breadcrumb","itemListElement":[{"@type":"ListItem","position":1,"name":"In\u00edcio","item":"https:\/\/parsi-tours.com\/pt-pt\/"},{"@type":"ListItem","position":2,"name":"Algo sobre o Ir\u00e3o"}]},{"@type":"WebSite","@id":"https:\/\/parsi-tours.com\/#website","url":"https:\/\/parsi-tours.com\/","name":"Parsi Tours","description":"Tour &amp; Travel Operator in Iran","publisher":{"@id":"https:\/\/parsi-tours.com\/#organization"},"potentialAction":[{"@type":"SearchAction","target":{"@type":"EntryPoint","urlTemplate":"https:\/\/parsi-tours.com\/?s={search_term_string}"},"query-input":"required name=search_term_string"}],"inLanguage":"pt-PT"},{"@type":"Organization","@id":"https:\/\/parsi-tours.com\/#organization","name":"Parsi Tours Iran Travel Agency: Tour & Travel Operator in Iran","url":"https:\/\/parsi-tours.com\/","logo":{"@type":"ImageObject","inLanguage":"pt-PT","@id":"https:\/\/parsi-tours.com\/#\/schema\/logo\/image\/","url":"https:\/\/parsi-tours.com\/wp-content\/uploads\/2022\/08\/logo.png","contentUrl":"https:\/\/parsi-tours.com\/wp-content\/uploads\/2022\/08\/logo.png","width":245,"height":200,"caption":"Parsi Tours Iran Travel Agency: Tour & Travel Operator in Iran"},"image":{"@id":"https:\/\/parsi-tours.com\/#\/schema\/logo\/image\/"},"sameAs":["https:\/\/www.instagram.com\/parsi_tours\/"]}]}},"_links":{"self":[{"href":"https:\/\/parsi-tours.com\/pt-pt\/wp-json\/wp\/v2\/pages\/1662"}],"collection":[{"href":"https:\/\/parsi-tours.com\/pt-pt\/wp-json\/wp\/v2\/pages"}],"about":[{"href":"https:\/\/parsi-tours.com\/pt-pt\/wp-json\/wp\/v2\/types\/page"}],"author":[{"embeddable":true,"href":"https:\/\/parsi-tours.com\/pt-pt\/wp-json\/wp\/v2\/users\/1"}],"replies":[{"embeddable":true,"href":"https:\/\/parsi-tours.com\/pt-pt\/wp-json\/wp\/v2\/comments?post=1662"}],"version-history":[{"count":0,"href":"https:\/\/parsi-tours.com\/pt-pt\/wp-json\/wp\/v2\/pages\/1662\/revisions"}],"wp:attachment":[{"href":"https:\/\/parsi-tours.com\/pt-pt\/wp-json\/wp\/v2\/media?parent=1662"}],"curies":[{"name":"wp","href":"https:\/\/api.w.org\/{rel}","templated":true}]}}