{"id":18587,"date":"2024-06-20T20:41:57","date_gmt":"2024-06-20T19:41:57","guid":{"rendered":"https:\/\/parsi-tours.com\/iran-mice\/"},"modified":"2024-06-22T09:16:42","modified_gmt":"2024-06-22T08:16:42","slug":"iran-mice","status":"publish","type":"page","link":"https:\/\/parsi-tours.com\/pt-pt\/iran-mice\/","title":{"rendered":"Iran MICE"},"content":{"rendered":"<h2>Servi\u00e7os profissionais MICE (realiza\u00e7\u00e3o de eventos) no Ir\u00e3o<\/h2>\n<p>As Exposi\u00e7\u00f5es Internacionais do Ir\u00e3o, principalmente em Teer\u00e3o, acolhem anualmente expositores internacionais, empres\u00e1rios e comerciantes de todo o mundo em diversas \u00e1reas do turismo e hotelaria, petr\u00f3leo, artesanato, joalheria, medicina, agricultura e outras ind\u00fastrias. Muitas dessas pessoas e empresas est\u00e3o procurando um organizador local para organizar viagens MICE no Ir\u00e3o. Nossa equipe profissional da ag\u00eancia de viagens <a href=\"https:\/\/parsi-tours.com\/pt-pt\/contact-us\/\">Parsi Tours<\/a> organiza e opera passeios e servi\u00e7os MICE no Ir\u00e3o para empres\u00e1rios internacionais, seja como expositores ou visitantes.<\/p>\n<p>Nosso objetivo \u00e9 atender \u00e0s necessidades e satisfa\u00e7\u00e3o de nossos clientes com servi\u00e7os de alta qualidade. Oferecemos solu\u00e7\u00f5es para empresas e indiv\u00edduos com base em suas necessidades e objetivos. Nossos servi\u00e7os incluem viagens de neg\u00f3cios VIP e de primeira classe, <a href=\"https:\/\/parsi-tours.com\/pt-pt\/contact-us\/\">eventos,<\/a> cerim\u00f4nias, reuni\u00f5es e instala\u00e7\u00f5es para exposi\u00e7\u00f5es. Apoiamos o seu neg\u00f3cio em todos os arranjos MICE (Reuni\u00f5es, Incentivos, Conven\u00e7\u00f5es e Exposi\u00e7\u00f5es) necess\u00e1rios, desde detalhes sobre locais para confer\u00eancias, reuni\u00f5es e exposi\u00e7\u00f5es com equipamentos de qualidade e assist\u00eancia na sele\u00e7\u00e3o adequada de locais e instala\u00e7\u00f5es, at\u00e9 ofertas individuais ou grupos de grupo personalizados. Gest\u00e3o de passeios e p\u00f3s-eventos e reuni\u00f5es.<\/p>\n<p>&nbsp;<\/p>\n<p><img fetchpriority=\"high\" decoding=\"async\" class=\" wp-image-488 aligncenter\" src=\"https:\/\/parsi-tours.com\/wp-content\/uploads\/2022\/09\/5-min-3-300x100.jpg\" alt=\"\" width=\"1065\" height=\"355\" srcset=\"https:\/\/parsi-tours.com\/wp-content\/uploads\/2022\/09\/5-min-3-300x100.jpg 300w, https:\/\/parsi-tours.com\/wp-content\/uploads\/2022\/09\/5-min-3-1024x341.jpg 1024w, https:\/\/parsi-tours.com\/wp-content\/uploads\/2022\/09\/5-min-3-768x256.jpg 768w, https:\/\/parsi-tours.com\/wp-content\/uploads\/2022\/09\/5-min-3.jpg 1080w\" sizes=\"(max-width: 1065px) 100vw, 1065px\" \/><\/p>\n<p>&nbsp;<\/p>\n<p>Tamb\u00e9m ajudamos voc\u00ea com reservas de hot\u00e9is e instala\u00e7\u00f5es de acomoda\u00e7\u00e3o (pr\u00f3ximo \u00e0 exposi\u00e7\u00e3o conforme sua solicita\u00e7\u00e3o), procedimentos de visto de neg\u00f3cios, log\u00edstica, servi\u00e7os de catering e alimenta\u00e7\u00e3o, servi\u00e7os de transfer\u00eancia e transporte, tradutores profissionais, int\u00e9rpretes, guias que falam portugues, espanhol, ingl\u00eas e outros idiomas. \u200bou multil\u00edngue, motoristas e passeios de lazer e di\u00e1rios em grupos ou individuais combinando sua viagem de neg\u00f3cios durante sua estadia no Ir\u00e3o.<\/p>\n<p>N\u00e3o duvide em <a href=\"http:\/\/Tamb\u00e9m ajudamos voc\u00ea com reservas de hot\u00e9is e instala\u00e7\u00f5es de acomoda\u00e7\u00e3o (pr\u00f3ximo \u00e0 exposi\u00e7\u00e3o conforme sua solicita\u00e7\u00e3o), procedimentos de visto de neg\u00f3cios, log\u00edstica, servi\u00e7os de catering e alimenta\u00e7\u00e3o, servi\u00e7os de transfer\u00eancia e transporte, tradutores profissionais, int\u00e9rpretes, guias que falam espanhol, ingl\u00eas e outros idiomas. \u200bou multil\u00edngue, motoristas e passeios de lazer e di\u00e1rios em grupos ou individuais combinando sua viagem de neg\u00f3cios durante sua estadia no Ir\u00e3. Por favor, n\u00e3o hesite em nos contactar, quer seja uma grande empresa ou organiza\u00e7\u00e3o, um expositor internacional ou um empres\u00e1rio individual que necessite de servi\u00e7os MICE no Ir\u00e3o.\">nos contactar<\/a>, quer seja uma grande empresa ou organiza\u00e7\u00e3o, um expositor internacional ou um empres\u00e1rio individual que necessite de servi\u00e7os MICE no Ir\u00e3o.<\/p>\n","protected":false},"excerpt":{"rendered":"<p>Servi\u00e7os profissionais MICE (realiza\u00e7\u00e3o de eventos) no Ir\u00e3o As Exposi\u00e7\u00f5es Internacionais do Ir\u00e3o, principalmente em Teer\u00e3o, acolhem anualmente expositores internacionais, empres\u00e1rios e comerciantes de todo o mundo em diversas \u00e1reas do turismo e hotelaria, petr\u00f3leo, artesanato, joalheria, medicina, agricultura e outras ind\u00fastrias. Muitas dessas pessoas e empresas est\u00e3o procurando um organizador local para organizar viagens [&hellip;]<\/p>\n","protected":false},"author":1,"featured_media":18528,"parent":0,"menu_order":0,"comment_status":"closed","ping_status":"closed","template":"page.php","meta":{"footnotes":""},"acf":[],"yoast_head":"<!-- This site is optimized with the Yoast SEO Premium plugin v22.0 (Yoast SEO v22.1) - https:\/\/yoast.com\/wordpress\/plugins\/seo\/ -->\n<title>Iran MICE | Parsi Tours<\/title>\n<meta name=\"description\" content=\"Parsi Tours Travel Agency organizes Iran MICE tours and services in Iran for international business people either as exhibitors or visitors.\" \/>\n<meta name=\"robots\" content=\"index, follow, max-snippet:-1, max-image-preview:large, max-video-preview:-1\" \/>\n<link rel=\"canonical\" href=\"https:\/\/parsi-tours.com\/pt-pt\/iran-mice\/\" \/>\n<meta property=\"og:locale\" content=\"pt_PT\" \/>\n<meta property=\"og:type\" content=\"article\" \/>\n<meta property=\"og:title\" content=\"Iran MICE | Parsi Tours\" \/>\n<meta property=\"og:description\" content=\"Parsi Tours Travel Agency organizes Iran MICE tours and services in Iran for international business people either as exhibitors or visitors.\" \/>\n<meta property=\"og:url\" content=\"https:\/\/parsi-tours.com\/pt-pt\/iran-mice\/\" \/>\n<meta property=\"og:site_name\" content=\"Parsi Tours\" \/>\n<meta property=\"article:modified_time\" content=\"2024-06-22T08:16:42+00:00\" \/>\n<meta property=\"og:image\" content=\"https:\/\/parsi-tours.com\/wp-content\/uploads\/2024\/06\/Iran-MICE-Tours-Parsi-Tours-Featured-Image.jpg\" \/>\n\t<meta property=\"og:image:width\" content=\"400\" \/>\n\t<meta property=\"og:image:height\" content=\"400\" \/>\n\t<meta property=\"og:image:type\" content=\"image\/jpeg\" \/>\n<meta name=\"twitter:card\" content=\"summary_large_image\" \/>\n<meta name=\"twitter:label1\" content=\"Est. reading time\" \/>\n\t<meta name=\"twitter:data1\" content=\"2 minutes\" \/>\n<script type=\"application\/ld+json\" class=\"yoast-schema-graph\">{\"@context\":\"https:\/\/schema.org\",\"@graph\":[{\"@type\":\"WebPage\",\"@id\":\"https:\/\/parsi-tours.com\/pt-pt\/iran-mice\/\",\"url\":\"https:\/\/parsi-tours.com\/pt-pt\/iran-mice\/\",\"name\":\"Iran MICE | Parsi Tours\",\"isPartOf\":{\"@id\":\"https:\/\/parsi-tours.com\/#website\"},\"datePublished\":\"2024-06-20T19:41:57+00:00\",\"dateModified\":\"2024-06-22T08:16:42+00:00\",\"description\":\"Parsi Tours Travel Agency organizes Iran MICE tours and services in Iran for international business people either as exhibitors or visitors.\",\"breadcrumb\":{\"@id\":\"https:\/\/parsi-tours.com\/pt-pt\/iran-mice\/#breadcrumb\"},\"inLanguage\":\"pt-PT\",\"potentialAction\":[{\"@type\":\"ReadAction\",\"target\":[\"https:\/\/parsi-tours.com\/pt-pt\/iran-mice\/\"]}]},{\"@type\":\"BreadcrumbList\",\"@id\":\"https:\/\/parsi-tours.com\/pt-pt\/iran-mice\/#breadcrumb\",\"itemListElement\":[{\"@type\":\"ListItem\",\"position\":1,\"name\":\"In\u00edcio\",\"item\":\"https:\/\/parsi-tours.com\/pt-pt\/\"},{\"@type\":\"ListItem\",\"position\":2,\"name\":\"Iran MICE\"}]},{\"@type\":\"WebSite\",\"@id\":\"https:\/\/parsi-tours.com\/#website\",\"url\":\"https:\/\/parsi-tours.com\/\",\"name\":\"Parsi Tours\",\"description\":\"Tour &amp; Travel Operator in Iran\",\"publisher\":{\"@id\":\"https:\/\/parsi-tours.com\/#organization\"},\"potentialAction\":[{\"@type\":\"SearchAction\",\"target\":{\"@type\":\"EntryPoint\",\"urlTemplate\":\"https:\/\/parsi-tours.com\/?s={search_term_string}\"},\"query-input\":\"required name=search_term_string\"}],\"inLanguage\":\"pt-PT\"},{\"@type\":\"Organization\",\"@id\":\"https:\/\/parsi-tours.com\/#organization\",\"name\":\"Parsi Tours Iran Travel Agency: Tour & Travel Operator in Iran\",\"url\":\"https:\/\/parsi-tours.com\/\",\"logo\":{\"@type\":\"ImageObject\",\"inLanguage\":\"pt-PT\",\"@id\":\"https:\/\/parsi-tours.com\/#\/schema\/logo\/image\/\",\"url\":\"https:\/\/parsi-tours.com\/wp-content\/uploads\/2022\/08\/logo.png\",\"contentUrl\":\"https:\/\/parsi-tours.com\/wp-content\/uploads\/2022\/08\/logo.png\",\"width\":245,\"height\":200,\"caption\":\"Parsi Tours Iran Travel Agency: Tour & Travel Operator in Iran\"},\"image\":{\"@id\":\"https:\/\/parsi-tours.com\/#\/schema\/logo\/image\/\"},\"sameAs\":[\"https:\/\/www.instagram.com\/parsi_tours\/\"]}]}<\/script>\n<!-- \/ Yoast SEO Premium plugin. -->","yoast_head_json":{"title":"Iran MICE | Parsi Tours","description":"Parsi Tours Travel Agency organizes Iran MICE tours and services in Iran for international business people either as exhibitors or visitors.","robots":{"index":"index","follow":"follow","max-snippet":"max-snippet:-1","max-image-preview":"max-image-preview:large","max-video-preview":"max-video-preview:-1"},"canonical":"https:\/\/parsi-tours.com\/pt-pt\/iran-mice\/","og_locale":"pt_PT","og_type":"article","og_title":"Iran MICE | Parsi Tours","og_description":"Parsi Tours Travel Agency organizes Iran MICE tours and services in Iran for international business people either as exhibitors or visitors.","og_url":"https:\/\/parsi-tours.com\/pt-pt\/iran-mice\/","og_site_name":"Parsi Tours","article_modified_time":"2024-06-22T08:16:42+00:00","og_image":[{"width":400,"height":400,"url":"https:\/\/parsi-tours.com\/wp-content\/uploads\/2024\/06\/Iran-MICE-Tours-Parsi-Tours-Featured-Image.jpg","type":"image\/jpeg"}],"twitter_card":"summary_large_image","twitter_misc":{"Est. reading time":"2 minutes"},"schema":{"@context":"https:\/\/schema.org","@graph":[{"@type":"WebPage","@id":"https:\/\/parsi-tours.com\/pt-pt\/iran-mice\/","url":"https:\/\/parsi-tours.com\/pt-pt\/iran-mice\/","name":"Iran MICE | Parsi Tours","isPartOf":{"@id":"https:\/\/parsi-tours.com\/#website"},"datePublished":"2024-06-20T19:41:57+00:00","dateModified":"2024-06-22T08:16:42+00:00","description":"Parsi Tours Travel Agency organizes Iran MICE tours and services in Iran for international business people either as exhibitors or visitors.","breadcrumb":{"@id":"https:\/\/parsi-tours.com\/pt-pt\/iran-mice\/#breadcrumb"},"inLanguage":"pt-PT","potentialAction":[{"@type":"ReadAction","target":["https:\/\/parsi-tours.com\/pt-pt\/iran-mice\/"]}]},{"@type":"BreadcrumbList","@id":"https:\/\/parsi-tours.com\/pt-pt\/iran-mice\/#breadcrumb","itemListElement":[{"@type":"ListItem","position":1,"name":"In\u00edcio","item":"https:\/\/parsi-tours.com\/pt-pt\/"},{"@type":"ListItem","position":2,"name":"Iran MICE"}]},{"@type":"WebSite","@id":"https:\/\/parsi-tours.com\/#website","url":"https:\/\/parsi-tours.com\/","name":"Parsi Tours","description":"Tour &amp; Travel Operator in Iran","publisher":{"@id":"https:\/\/parsi-tours.com\/#organization"},"potentialAction":[{"@type":"SearchAction","target":{"@type":"EntryPoint","urlTemplate":"https:\/\/parsi-tours.com\/?s={search_term_string}"},"query-input":"required name=search_term_string"}],"inLanguage":"pt-PT"},{"@type":"Organization","@id":"https:\/\/parsi-tours.com\/#organization","name":"Parsi Tours Iran Travel Agency: Tour & Travel Operator in Iran","url":"https:\/\/parsi-tours.com\/","logo":{"@type":"ImageObject","inLanguage":"pt-PT","@id":"https:\/\/parsi-tours.com\/#\/schema\/logo\/image\/","url":"https:\/\/parsi-tours.com\/wp-content\/uploads\/2022\/08\/logo.png","contentUrl":"https:\/\/parsi-tours.com\/wp-content\/uploads\/2022\/08\/logo.png","width":245,"height":200,"caption":"Parsi Tours Iran Travel Agency: Tour & Travel Operator in Iran"},"image":{"@id":"https:\/\/parsi-tours.com\/#\/schema\/logo\/image\/"},"sameAs":["https:\/\/www.instagram.com\/parsi_tours\/"]}]}},"_links":{"self":[{"href":"https:\/\/parsi-tours.com\/pt-pt\/wp-json\/wp\/v2\/pages\/18587"}],"collection":[{"href":"https:\/\/parsi-tours.com\/pt-pt\/wp-json\/wp\/v2\/pages"}],"about":[{"href":"https:\/\/parsi-tours.com\/pt-pt\/wp-json\/wp\/v2\/types\/page"}],"author":[{"embeddable":true,"href":"https:\/\/parsi-tours.com\/pt-pt\/wp-json\/wp\/v2\/users\/1"}],"replies":[{"embeddable":true,"href":"https:\/\/parsi-tours.com\/pt-pt\/wp-json\/wp\/v2\/comments?post=18587"}],"version-history":[{"count":0,"href":"https:\/\/parsi-tours.com\/pt-pt\/wp-json\/wp\/v2\/pages\/18587\/revisions"}],"wp:featuredmedia":[{"embeddable":true,"href":"https:\/\/parsi-tours.com\/pt-pt\/wp-json\/wp\/v2\/media\/18528"}],"wp:attachment":[{"href":"https:\/\/parsi-tours.com\/pt-pt\/wp-json\/wp\/v2\/media?parent=18587"}],"curies":[{"name":"wp","href":"https:\/\/api.w.org\/{rel}","templated":true}]}}