{"id":18593,"date":"2024-06-17T21:27:15","date_gmt":"2024-06-17T20:27:15","guid":{"rendered":"https:\/\/parsi-tours.com\/iran-tailormade-tours\/"},"modified":"2024-06-22T11:30:34","modified_gmt":"2024-06-22T10:30:34","slug":"irao","status":"publish","type":"page","link":"https:\/\/parsi-tours.com\/pt-pt\/irao\/","title":{"rendered":"Iran Tailormade Tours"},"content":{"rendered":"<h2 style=\"text-align: justify;\">Excurs\u00f5es personalizadas no Ir\u00e3o<\/h2>\n<p style=\"text-align: justify;\">Com enormes avan\u00e7os tecnol\u00f3gicos, inova\u00e7\u00f5es revolucion\u00e1rias e o advento de tecnologias emergentes, como realidade virtual, intelig\u00eancia artificial e redes sociais e, consequentemente, mudan\u00e7as nas tend\u00eancias de estilo de vida, os estilos de viagem tamb\u00e9m mudaram incrivelmente. Hoje, muitas pessoas valorizam a sua privacidade e preferem viajar sozinhas ou em grupos mais pequenos para apoiar os princ\u00edpios do turismo sustent\u00e1vel, minimizando os impactos negativos nas comunidades locais e no ambiente e descobrir o mundo atrav\u00e9s da sua experi\u00eancia pessoal num itiner\u00e1rio flex\u00edvel, e n\u00e3o atrav\u00e9s de pr\u00e9-vias. &#8211; passeios embalados. . Isto permitir\u00e1 aos viajantes obter uma experi\u00eancia aut\u00eantica, uma compreens\u00e3o mais profunda do destino e conhecimento sobre as comunidades locais para aproveitar ao m\u00e1ximo o seu tempo. Com base na sua experi\u00eancia de mais de uma d\u00e9cada, a Parsi Tours oferece passeios personalizados no Ir\u00e3o em resposta ao r\u00e1pido ritmo de mudan\u00e7a no estilo de viagem.<\/p>\n\n\t\t<style type=\"text\/css\">\n\t\t\t#gallery-1 {\n\t\t\t\tmargin: auto;\n\t\t\t}\n\t\t\t#gallery-1 .gallery-item {\n\t\t\t\tfloat: left;\n\t\t\t\tmargin-top: 10px;\n\t\t\t\ttext-align: center;\n\t\t\t\twidth: 33%;\n\t\t\t}\n\t\t\t#gallery-1 img {\n\t\t\t\tborder: 2px solid #cfcfcf;\n\t\t\t}\n\t\t\t#gallery-1 .gallery-caption {\n\t\t\t\tmargin-left: 0;\n\t\t\t}\n\t\t\t\/* see gallery_shortcode() in wp-includes\/media.php *\/\n\t\t<\/style>\n\t\t<div id='gallery-1' class='gallery galleryid-18593 gallery-columns-3 gallery-size-full'><dl class='gallery-item'>\n\t\t\t<dt class='gallery-icon landscape'>\n\t\t\t\t<a href='https:\/\/parsi-tours.com\/pt-pt\/irao\/iran-tailormade-tours-parsi-tours-5-2\/'><img fetchpriority=\"high\" decoding=\"async\" width=\"793\" height=\"447\" src=\"https:\/\/parsi-tours.com\/wp-content\/uploads\/2024\/06\/Iran-Tailormade-Tours-Parsi-Tours-5.jpg\" class=\"attachment-full size-full\" alt=\"Tourists in UNESCO Naqshe Jahan Square\" srcset=\"https:\/\/parsi-tours.com\/wp-content\/uploads\/2024\/06\/Iran-Tailormade-Tours-Parsi-Tours-5.jpg 793w, https:\/\/parsi-tours.com\/wp-content\/uploads\/2024\/06\/Iran-Tailormade-Tours-Parsi-Tours-5-300x169.jpg 300w, https:\/\/parsi-tours.com\/wp-content\/uploads\/2024\/06\/Iran-Tailormade-Tours-Parsi-Tours-5-768x433.jpg 768w\" sizes=\"(max-width: 793px) 100vw, 793px\" \/><\/a>\n\t\t\t<\/dt><\/dl><dl class='gallery-item'>\n\t\t\t<dt class='gallery-icon landscape'>\n\t\t\t\t<a href='https:\/\/parsi-tours.com\/pt-pt\/irao\/iran-tailormade-tours-parsi-tours-4-2\/'><img decoding=\"async\" width=\"793\" height=\"447\" src=\"https:\/\/parsi-tours.com\/wp-content\/uploads\/2024\/06\/Iran-Tailormade-Tours-Parsi-Tours-4.jpg\" class=\"attachment-full size-full\" alt=\"A Female Tourist in Tekyeh Moaven al-Mulk\" srcset=\"https:\/\/parsi-tours.com\/wp-content\/uploads\/2024\/06\/Iran-Tailormade-Tours-Parsi-Tours-4.jpg 793w, https:\/\/parsi-tours.com\/wp-content\/uploads\/2024\/06\/Iran-Tailormade-Tours-Parsi-Tours-4-300x169.jpg 300w, https:\/\/parsi-tours.com\/wp-content\/uploads\/2024\/06\/Iran-Tailormade-Tours-Parsi-Tours-4-768x433.jpg 768w\" sizes=\"(max-width: 793px) 100vw, 793px\" \/><\/a>\n\t\t\t<\/dt><\/dl><dl class='gallery-item'>\n\t\t\t<dt class='gallery-icon landscape'>\n\t\t\t\t<a href='https:\/\/parsi-tours.com\/pt-pt\/irao\/iran-tailormade-tours-parsi-tours-6-2\/'><img decoding=\"async\" width=\"793\" height=\"447\" src=\"https:\/\/parsi-tours.com\/wp-content\/uploads\/2024\/06\/Iran-Tailormade-Tours-Parsi-Tours-6.jpg\" class=\"attachment-full size-full\" alt=\"Tourists in UNESCO Persepolis\" srcset=\"https:\/\/parsi-tours.com\/wp-content\/uploads\/2024\/06\/Iran-Tailormade-Tours-Parsi-Tours-6.jpg 793w, https:\/\/parsi-tours.com\/wp-content\/uploads\/2024\/06\/Iran-Tailormade-Tours-Parsi-Tours-6-300x169.jpg 300w, https:\/\/parsi-tours.com\/wp-content\/uploads\/2024\/06\/Iran-Tailormade-Tours-Parsi-Tours-6-768x433.jpg 768w\" sizes=\"(max-width: 793px) 100vw, 793px\" \/><\/a>\n\t\t\t<\/dt><\/dl><br style=\"clear: both\" \/>\n\t\t<\/div>\n\n<h2>Passeios privados no Ir\u00e3o, t\u00e3o \u00fanicos quanto voc\u00ea<\/h2>\n<p style=\"text-align: justify;\">A ag\u00eancia de viagens Parsi Tours organiza v\u00e1rios passeios para todos os gostos e personalidades: desde passeios culturais e naturais \u00e0 antiga terra da P\u00e9rsia, ber\u00e7o da civiliza\u00e7\u00e3o com 25 patrim\u00f3nios culturais e 2 naturais, bem como 24 patrim\u00f3nios culturais intang\u00edveis inscritos no Patrim\u00f3nio Mundial da<a href=\"https:\/\/whc.unesco.org\/fr\/etatsparties\/ir\"> UNESCO<\/a> . Lista: Passeios gastron\u00f4micos persas\u00a0 ; <a href=\"https:\/\/parsi-tours.com\/tours\/\">trekking<\/a>, <a href=\"https:\/\/parsi-tours.com\/tours\/\">deserto<\/a> e passeios de esqui para <a href=\"https:\/\/parsi-tours.com\/tours\/\">aventureiros<\/a>; e muitos outros para quem tem gostos diferentes, como passeios de interesse especial, caminhos pouco conhecidos no Ir\u00e3o, aldeias iranianas e passeios n\u00f3madas no Ir\u00e3o, experimentar a famosa hospitalidade iraniana e apoiar o desenvolvimento sustent\u00e1vel, seja de luxo ou econ\u00f3mico. amig\u00e1vel ou algo intermedi\u00e1rio.<br \/>\nSe n\u00e3o encontrar o seu preferido entre os nossos passeios e preferir um roteiro personalizado ou um servi\u00e7o de viagem personalizado s\u00f3 para voc\u00ea, n\u00e3o duvida em nos contatar! Nossa equipe de especialistas pode planejar um tour pelo Ir\u00e3 adequado a voc\u00ea. Voc\u00ea pode escolher seu itiner\u00e1rio, atividades, datas e dura\u00e7\u00e3o da viagem ao Ir\u00e3o.<\/p>\n<h6 style=\"text-align: justify;\"><\/h6>\n\n\t\t<style type=\"text\/css\">\n\t\t\t#gallery-2 {\n\t\t\t\tmargin: auto;\n\t\t\t}\n\t\t\t#gallery-2 .gallery-item {\n\t\t\t\tfloat: left;\n\t\t\t\tmargin-top: 10px;\n\t\t\t\ttext-align: center;\n\t\t\t\twidth: 33%;\n\t\t\t}\n\t\t\t#gallery-2 img {\n\t\t\t\tborder: 2px solid #cfcfcf;\n\t\t\t}\n\t\t\t#gallery-2 .gallery-caption {\n\t\t\t\tmargin-left: 0;\n\t\t\t}\n\t\t\t\/* see gallery_shortcode() in wp-includes\/media.php *\/\n\t\t<\/style>\n\t\t<div id='gallery-2' class='gallery galleryid-18593 gallery-columns-3 gallery-size-medium'><dl class='gallery-item'>\n\t\t\t<dt class='gallery-icon portrait'>\n\t\t\t\t<a href='https:\/\/parsi-tours.com\/pt-pt\/irao\/iran-tailormade-tours-parsi-tours-10-2-2\/'><img loading=\"lazy\" decoding=\"async\" width=\"169\" height=\"300\" src=\"https:\/\/parsi-tours.com\/wp-content\/uploads\/2024\/06\/Iran-Tailormade-Tours-Parsi-Tours-10-1-169x300.jpg\" class=\"attachment-medium size-medium\" alt=\"Chinese Family in UNESCO Fin Garden\" srcset=\"https:\/\/parsi-tours.com\/wp-content\/uploads\/2024\/06\/Iran-Tailormade-Tours-Parsi-Tours-10-1-169x300.jpg 169w, https:\/\/parsi-tours.com\/wp-content\/uploads\/2024\/06\/Iran-Tailormade-Tours-Parsi-Tours-10-1.jpg 447w\" sizes=\"(max-width: 169px) 100vw, 169px\" \/><\/a>\n\t\t\t<\/dt><\/dl><dl class='gallery-item'>\n\t\t\t<dt class='gallery-icon portrait'>\n\t\t\t\t<a href='https:\/\/parsi-tours.com\/pt-pt\/irao\/iran-tailormade-tours-parsi-tours-2-2\/'><img loading=\"lazy\" decoding=\"async\" width=\"169\" height=\"300\" src=\"https:\/\/parsi-tours.com\/wp-content\/uploads\/2024\/06\/Iran-Tailormade-Tours-Parsi-Tours-2-169x300.jpg\" class=\"attachment-medium size-medium\" alt=\"Tourists in Ganjnameh- Hamedan\" srcset=\"https:\/\/parsi-tours.com\/wp-content\/uploads\/2024\/06\/Iran-Tailormade-Tours-Parsi-Tours-2-169x300.jpg 169w, https:\/\/parsi-tours.com\/wp-content\/uploads\/2024\/06\/Iran-Tailormade-Tours-Parsi-Tours-2.jpg 447w\" sizes=\"(max-width: 169px) 100vw, 169px\" \/><\/a>\n\t\t\t<\/dt><\/dl><dl class='gallery-item'>\n\t\t\t<dt class='gallery-icon portrait'>\n\t\t\t\t<a href='https:\/\/parsi-tours.com\/pt-pt\/irao\/iran-tailormade-tours-parsi-tours-3-2\/'><img loading=\"lazy\" decoding=\"async\" width=\"169\" height=\"300\" src=\"https:\/\/parsi-tours.com\/wp-content\/uploads\/2024\/06\/Iran-Tailormade-Tours-Parsi-Tours-3-169x300.jpg\" class=\"attachment-medium size-medium\" alt=\"Tourists in a Cave in Iran\" srcset=\"https:\/\/parsi-tours.com\/wp-content\/uploads\/2024\/06\/Iran-Tailormade-Tours-Parsi-Tours-3-169x300.jpg 169w, https:\/\/parsi-tours.com\/wp-content\/uploads\/2024\/06\/Iran-Tailormade-Tours-Parsi-Tours-3.jpg 447w\" sizes=\"(max-width: 169px) 100vw, 169px\" \/><\/a>\n\t\t\t<\/dt><\/dl><br style=\"clear: both\" \/>\n\t\t<\/div>\n\n<p style=\"text-align: justify;\">Sejam as antigas ru\u00ednas de Pers\u00e9polis, os coloridos bazares tradicionais, os espl\u00eandidos pal\u00e1cios e locais deslumbrantes de Tabriz, Isfahan e Teer\u00e3, os fascinantes jardins de Shiraz, a arquitetura de adobe de Yazd, as atividades aqu\u00e1ticas na regi\u00e3o do Golfo P\u00e9rsico, as aldeias pitorescas e florestas na regi\u00e3o do Mar C\u00e1spio ou nas Montanhas Zagros, culin\u00e1ria local nas cidades criativas de gastronomia ou passeios gastron\u00f4micos persas, um festival cultural em Kashan, as est\u00e2ncias de esqui nas montanhas cobertas de neve de Alborz ou as vastas paisagens douradas dos desertos do Ir\u00e3o, nossos especialistas em viagens com amplo conhecimento da geografia, hist\u00f3ria e cultura do Ir\u00e3o e ampla experi\u00eancia na concep\u00e7\u00e3o de v\u00e1rios tipos de viagens para diferentes regi\u00f5es do Ir\u00e3, podem criar um itiner\u00e1rio exclusivo que se alinhe com suas prefer\u00eancias e interesses espec\u00edficos.<\/p>\n<p>&nbsp;<\/p>\n<h2>Planeje sua viagem ao Ir\u00e3o de maneira personalizada<\/h2>\n<p style=\"text-align: justify;\">Se voc\u00ea precisa de um itiner\u00e1rio inclusivo para uma viagem ao Ir\u00e3o, um itiner\u00e1rio para passeios pela cidade do Ir\u00e3o ou servi\u00e7os de alta qualidade, como traslados e diferentes meios de transporte, tipo de acomoda\u00e7\u00e3o, guia tur\u00edstico acompanhante, guia local, etc. !<br \/>\nBasta nos informar suas prefer\u00eancias, limite de tempo, ritmo e or\u00e7amento e ofereceremos um tour privado adaptado \u00e0s suas necessidades. Nossa experiente equipe da ag\u00eancia de viagens Parsi Tours fornecer\u00e1 tudo o que voc\u00ea precisa atrav\u00e9s de um Tour Privado ao Ir\u00e3o personalizado apenas para voc\u00ea e com base em seus interesses, or\u00e7amento, hor\u00e1rio, prioridades, atividades preferidas e destinos. etapas da sua viagem ao Ir\u00e3o (antes, durante e depois da viagem) e n\u00f3s cuidaremos de toda a log\u00edstica, desde a elabora\u00e7\u00e3o do seu itiner\u00e1rio sob medida at\u00e9 todos os servi\u00e7os de viagem de qualidade durante a<\/p>\n<p style=\"text-align: justify;\">viagem, para satisfazer todos os seus desejos espec\u00edficos. da maneira mais eficiente poss\u00edvel e para garantir que voc\u00ea experimente uma viagem memor\u00e1vel no Ir\u00e3o.<\/p>\n\n\t\t<style type=\"text\/css\">\n\t\t\t#gallery-3 {\n\t\t\t\tmargin: auto;\n\t\t\t}\n\t\t\t#gallery-3 .gallery-item {\n\t\t\t\tfloat: left;\n\t\t\t\tmargin-top: 10px;\n\t\t\t\ttext-align: center;\n\t\t\t\twidth: 33%;\n\t\t\t}\n\t\t\t#gallery-3 img {\n\t\t\t\tborder: 2px solid #cfcfcf;\n\t\t\t}\n\t\t\t#gallery-3 .gallery-caption {\n\t\t\t\tmargin-left: 0;\n\t\t\t}\n\t\t\t\/* see gallery_shortcode() in wp-includes\/media.php *\/\n\t\t<\/style>\n\t\t<div id='gallery-3' class='gallery galleryid-18593 gallery-columns-3 gallery-size-full'><dl class='gallery-item'>\n\t\t\t<dt class='gallery-icon landscape'>\n\t\t\t\t<a href='https:\/\/parsi-tours.com\/pt-pt\/irao\/iran-tailormade-tours-parsi-tours-9-2\/'><img loading=\"lazy\" decoding=\"async\" width=\"793\" height=\"447\" src=\"https:\/\/parsi-tours.com\/wp-content\/uploads\/2024\/06\/Iran-Tailormade-Tours-Parsi-Tours-9.jpg\" class=\"attachment-full size-full\" alt=\"Tourists in an Iranian Traditional Restaurant\" srcset=\"https:\/\/parsi-tours.com\/wp-content\/uploads\/2024\/06\/Iran-Tailormade-Tours-Parsi-Tours-9.jpg 793w, https:\/\/parsi-tours.com\/wp-content\/uploads\/2024\/06\/Iran-Tailormade-Tours-Parsi-Tours-9-300x169.jpg 300w, https:\/\/parsi-tours.com\/wp-content\/uploads\/2024\/06\/Iran-Tailormade-Tours-Parsi-Tours-9-768x433.jpg 768w\" sizes=\"(max-width: 793px) 100vw, 793px\" \/><\/a>\n\t\t\t<\/dt><\/dl><dl class='gallery-item'>\n\t\t\t<dt class='gallery-icon landscape'>\n\t\t\t\t<a href='https:\/\/parsi-tours.com\/pt-pt\/irao\/iran-tailormade-tours-parsi-tours-1-2\/'><img loading=\"lazy\" decoding=\"async\" width=\"793\" height=\"447\" src=\"https:\/\/parsi-tours.com\/wp-content\/uploads\/2024\/06\/Iran-Tailormade-Tours-Parsi-Tours-1.jpg\" class=\"attachment-full size-full\" alt=\"Tourists in Iran Desert\" srcset=\"https:\/\/parsi-tours.com\/wp-content\/uploads\/2024\/06\/Iran-Tailormade-Tours-Parsi-Tours-1.jpg 793w, https:\/\/parsi-tours.com\/wp-content\/uploads\/2024\/06\/Iran-Tailormade-Tours-Parsi-Tours-1-300x169.jpg 300w, https:\/\/parsi-tours.com\/wp-content\/uploads\/2024\/06\/Iran-Tailormade-Tours-Parsi-Tours-1-768x433.jpg 768w\" sizes=\"(max-width: 793px) 100vw, 793px\" \/><\/a>\n\t\t\t<\/dt><\/dl><dl class='gallery-item'>\n\t\t\t<dt class='gallery-icon landscape'>\n\t\t\t\t<a href='https:\/\/parsi-tours.com\/pt-pt\/irao\/iran-tailormade-tours-parsi-tours-7-2\/'><img loading=\"lazy\" decoding=\"async\" width=\"793\" height=\"447\" src=\"https:\/\/parsi-tours.com\/wp-content\/uploads\/2024\/06\/Iran-Tailormade-Tours-Parsi-Tours-7.jpg\" class=\"attachment-full size-full\" alt=\"Solo Tourist in Iran\" srcset=\"https:\/\/parsi-tours.com\/wp-content\/uploads\/2024\/06\/Iran-Tailormade-Tours-Parsi-Tours-7.jpg 793w, https:\/\/parsi-tours.com\/wp-content\/uploads\/2024\/06\/Iran-Tailormade-Tours-Parsi-Tours-7-300x169.jpg 300w, https:\/\/parsi-tours.com\/wp-content\/uploads\/2024\/06\/Iran-Tailormade-Tours-Parsi-Tours-7-768x433.jpg 768w\" sizes=\"(max-width: 793px) 100vw, 793px\" \/><\/a>\n\t\t\t<\/dt><\/dl><br style=\"clear: both\" \/>\n\t\t<\/div>\n\n<h6><\/h6>\n<h6><\/h6>\n<p style=\"text-align: justify;\">Iremos apoi\u00e1-lo em todas as fases da sua viagem ao Ir\u00e3o (antes, durante e depois da sua viagem) e cuidaremos de toda a log\u00edstica, desde a concep\u00e7\u00e3o do seu itiner\u00e1rio \u00e0 medida at\u00e9 todos os servi\u00e7os de viagem de qualidade durante a viagem, para satisfazer todos. seus desejos espec\u00edficos. da maneira mais eficiente poss\u00edvel e para garantir que voc\u00ea experimente uma viagem memor\u00e1vel no Ir\u00e3. Todos os nossos pacotes tur\u00edsticos para o Ir\u00e3o tamb\u00e9m podem ser personalizados para atender \u00e0s suas expectativas.<\/p>\n<h6 style=\"text-align: justify;\"><\/h6>\n","protected":false},"excerpt":{"rendered":"<p>Excurs\u00f5es personalizadas no Ir\u00e3o Com enormes avan\u00e7os tecnol\u00f3gicos, inova\u00e7\u00f5es revolucion\u00e1rias e o advento de tecnologias emergentes, como realidade virtual, intelig\u00eancia artificial e redes sociais e, consequentemente, mudan\u00e7as nas tend\u00eancias de estilo de vida, os estilos de viagem tamb\u00e9m mudaram incrivelmente. Hoje, muitas pessoas valorizam a sua privacidade e preferem viajar sozinhas ou em grupos mais [&hellip;]<\/p>\n","protected":false},"author":1,"featured_media":18375,"parent":0,"menu_order":0,"comment_status":"closed","ping_status":"closed","template":"page.php","meta":{"footnotes":""},"acf":[],"yoast_head":"<!-- This site is optimized with the Yoast SEO Premium plugin v22.0 (Yoast SEO v22.1) - https:\/\/yoast.com\/wordpress\/plugins\/seo\/ -->\n<title>Iran Tailormade Tours | Parsi Tours<\/title>\n<meta name=\"description\" content=\"A ag\u00eancia de viagens Parsi Tours organiza excurs\u00f5es personalizadas ao Ir\u00e3o para diferentes regi\u00f5es do Ir\u00e3 para todos os gostos\" \/>\n<meta name=\"robots\" content=\"index, follow, max-snippet:-1, max-image-preview:large, max-video-preview:-1\" \/>\n<link rel=\"canonical\" href=\"https:\/\/parsi-tours.com\/pt-pt\/irao\/\" \/>\n<meta property=\"og:locale\" content=\"pt_PT\" \/>\n<meta property=\"og:type\" content=\"article\" \/>\n<meta property=\"og:title\" content=\"Iran Tailormade Tours | Parsi Tours\" \/>\n<meta property=\"og:description\" content=\"A ag\u00eancia de viagens Parsi Tours organiza excurs\u00f5es personalizadas ao Ir\u00e3o para diferentes regi\u00f5es do Ir\u00e3 para todos os gostos\" \/>\n<meta property=\"og:url\" content=\"https:\/\/parsi-tours.com\/pt-pt\/irao\/\" \/>\n<meta property=\"og:site_name\" content=\"Parsi Tours\" \/>\n<meta property=\"article:modified_time\" content=\"2024-06-22T10:30:34+00:00\" \/>\n<meta property=\"og:image\" content=\"https:\/\/parsi-tours.com\/wp-content\/uploads\/2024\/06\/Iran-Tailormade-Tours-Parsi-Tours-10-Featured-Image.jpg\" \/>\n\t<meta property=\"og:image:width\" content=\"400\" \/>\n\t<meta property=\"og:image:height\" content=\"400\" \/>\n\t<meta property=\"og:image:type\" content=\"image\/jpeg\" \/>\n<meta name=\"twitter:card\" content=\"summary_large_image\" \/>\n<meta name=\"twitter:label1\" content=\"Est. reading time\" \/>\n\t<meta name=\"twitter:data1\" content=\"4 minutes\" \/>\n<script type=\"application\/ld+json\" class=\"yoast-schema-graph\">{\"@context\":\"https:\/\/schema.org\",\"@graph\":[{\"@type\":\"WebPage\",\"@id\":\"https:\/\/parsi-tours.com\/pt-pt\/irao\/\",\"url\":\"https:\/\/parsi-tours.com\/pt-pt\/irao\/\",\"name\":\"Iran Tailormade Tours | Parsi Tours\",\"isPartOf\":{\"@id\":\"https:\/\/parsi-tours.com\/#website\"},\"datePublished\":\"2024-06-17T20:27:15+00:00\",\"dateModified\":\"2024-06-22T10:30:34+00:00\",\"description\":\"A ag\u00eancia de viagens Parsi Tours organiza excurs\u00f5es personalizadas ao Ir\u00e3o para diferentes regi\u00f5es do Ir\u00e3 para todos os gostos\",\"breadcrumb\":{\"@id\":\"https:\/\/parsi-tours.com\/pt-pt\/irao\/#breadcrumb\"},\"inLanguage\":\"pt-PT\",\"potentialAction\":[{\"@type\":\"ReadAction\",\"target\":[\"https:\/\/parsi-tours.com\/pt-pt\/irao\/\"]}]},{\"@type\":\"BreadcrumbList\",\"@id\":\"https:\/\/parsi-tours.com\/pt-pt\/irao\/#breadcrumb\",\"itemListElement\":[{\"@type\":\"ListItem\",\"position\":1,\"name\":\"In\u00edcio\",\"item\":\"https:\/\/parsi-tours.com\/pt-pt\/\"},{\"@type\":\"ListItem\",\"position\":2,\"name\":\"Iran Tailormade Tours\"}]},{\"@type\":\"WebSite\",\"@id\":\"https:\/\/parsi-tours.com\/#website\",\"url\":\"https:\/\/parsi-tours.com\/\",\"name\":\"Parsi Tours\",\"description\":\"Tour &amp; Travel Operator in Iran\",\"publisher\":{\"@id\":\"https:\/\/parsi-tours.com\/#organization\"},\"potentialAction\":[{\"@type\":\"SearchAction\",\"target\":{\"@type\":\"EntryPoint\",\"urlTemplate\":\"https:\/\/parsi-tours.com\/?s={search_term_string}\"},\"query-input\":\"required name=search_term_string\"}],\"inLanguage\":\"pt-PT\"},{\"@type\":\"Organization\",\"@id\":\"https:\/\/parsi-tours.com\/#organization\",\"name\":\"Parsi Tours Iran Travel Agency: Tour & Travel Operator in Iran\",\"url\":\"https:\/\/parsi-tours.com\/\",\"logo\":{\"@type\":\"ImageObject\",\"inLanguage\":\"pt-PT\",\"@id\":\"https:\/\/parsi-tours.com\/#\/schema\/logo\/image\/\",\"url\":\"https:\/\/parsi-tours.com\/wp-content\/uploads\/2022\/08\/logo.png\",\"contentUrl\":\"https:\/\/parsi-tours.com\/wp-content\/uploads\/2022\/08\/logo.png\",\"width\":245,\"height\":200,\"caption\":\"Parsi Tours Iran Travel Agency: Tour & Travel Operator in Iran\"},\"image\":{\"@id\":\"https:\/\/parsi-tours.com\/#\/schema\/logo\/image\/\"},\"sameAs\":[\"https:\/\/www.instagram.com\/parsi_tours\/\"]}]}<\/script>\n<!-- \/ Yoast SEO Premium plugin. -->","yoast_head_json":{"title":"Iran Tailormade Tours | Parsi Tours","description":"A ag\u00eancia de viagens Parsi Tours organiza excurs\u00f5es personalizadas ao Ir\u00e3o para diferentes regi\u00f5es do Ir\u00e3 para todos os gostos","robots":{"index":"index","follow":"follow","max-snippet":"max-snippet:-1","max-image-preview":"max-image-preview:large","max-video-preview":"max-video-preview:-1"},"canonical":"https:\/\/parsi-tours.com\/pt-pt\/irao\/","og_locale":"pt_PT","og_type":"article","og_title":"Iran Tailormade Tours | Parsi Tours","og_description":"A ag\u00eancia de viagens Parsi Tours organiza excurs\u00f5es personalizadas ao Ir\u00e3o para diferentes regi\u00f5es do Ir\u00e3 para todos os gostos","og_url":"https:\/\/parsi-tours.com\/pt-pt\/irao\/","og_site_name":"Parsi Tours","article_modified_time":"2024-06-22T10:30:34+00:00","og_image":[{"width":400,"height":400,"url":"https:\/\/parsi-tours.com\/wp-content\/uploads\/2024\/06\/Iran-Tailormade-Tours-Parsi-Tours-10-Featured-Image.jpg","type":"image\/jpeg"}],"twitter_card":"summary_large_image","twitter_misc":{"Est. reading time":"4 minutes"},"schema":{"@context":"https:\/\/schema.org","@graph":[{"@type":"WebPage","@id":"https:\/\/parsi-tours.com\/pt-pt\/irao\/","url":"https:\/\/parsi-tours.com\/pt-pt\/irao\/","name":"Iran Tailormade Tours | Parsi Tours","isPartOf":{"@id":"https:\/\/parsi-tours.com\/#website"},"datePublished":"2024-06-17T20:27:15+00:00","dateModified":"2024-06-22T10:30:34+00:00","description":"A ag\u00eancia de viagens Parsi Tours organiza excurs\u00f5es personalizadas ao Ir\u00e3o para diferentes regi\u00f5es do Ir\u00e3 para todos os gostos","breadcrumb":{"@id":"https:\/\/parsi-tours.com\/pt-pt\/irao\/#breadcrumb"},"inLanguage":"pt-PT","potentialAction":[{"@type":"ReadAction","target":["https:\/\/parsi-tours.com\/pt-pt\/irao\/"]}]},{"@type":"BreadcrumbList","@id":"https:\/\/parsi-tours.com\/pt-pt\/irao\/#breadcrumb","itemListElement":[{"@type":"ListItem","position":1,"name":"In\u00edcio","item":"https:\/\/parsi-tours.com\/pt-pt\/"},{"@type":"ListItem","position":2,"name":"Iran Tailormade Tours"}]},{"@type":"WebSite","@id":"https:\/\/parsi-tours.com\/#website","url":"https:\/\/parsi-tours.com\/","name":"Parsi Tours","description":"Tour &amp; Travel Operator in Iran","publisher":{"@id":"https:\/\/parsi-tours.com\/#organization"},"potentialAction":[{"@type":"SearchAction","target":{"@type":"EntryPoint","urlTemplate":"https:\/\/parsi-tours.com\/?s={search_term_string}"},"query-input":"required name=search_term_string"}],"inLanguage":"pt-PT"},{"@type":"Organization","@id":"https:\/\/parsi-tours.com\/#organization","name":"Parsi Tours Iran Travel Agency: Tour & Travel Operator in Iran","url":"https:\/\/parsi-tours.com\/","logo":{"@type":"ImageObject","inLanguage":"pt-PT","@id":"https:\/\/parsi-tours.com\/#\/schema\/logo\/image\/","url":"https:\/\/parsi-tours.com\/wp-content\/uploads\/2022\/08\/logo.png","contentUrl":"https:\/\/parsi-tours.com\/wp-content\/uploads\/2022\/08\/logo.png","width":245,"height":200,"caption":"Parsi Tours Iran Travel Agency: Tour & Travel Operator in Iran"},"image":{"@id":"https:\/\/parsi-tours.com\/#\/schema\/logo\/image\/"},"sameAs":["https:\/\/www.instagram.com\/parsi_tours\/"]}]}},"_links":{"self":[{"href":"https:\/\/parsi-tours.com\/pt-pt\/wp-json\/wp\/v2\/pages\/18593"}],"collection":[{"href":"https:\/\/parsi-tours.com\/pt-pt\/wp-json\/wp\/v2\/pages"}],"about":[{"href":"https:\/\/parsi-tours.com\/pt-pt\/wp-json\/wp\/v2\/types\/page"}],"author":[{"embeddable":true,"href":"https:\/\/parsi-tours.com\/pt-pt\/wp-json\/wp\/v2\/users\/1"}],"replies":[{"embeddable":true,"href":"https:\/\/parsi-tours.com\/pt-pt\/wp-json\/wp\/v2\/comments?post=18593"}],"version-history":[{"count":0,"href":"https:\/\/parsi-tours.com\/pt-pt\/wp-json\/wp\/v2\/pages\/18593\/revisions"}],"wp:featuredmedia":[{"embeddable":true,"href":"https:\/\/parsi-tours.com\/pt-pt\/wp-json\/wp\/v2\/media\/18375"}],"wp:attachment":[{"href":"https:\/\/parsi-tours.com\/pt-pt\/wp-json\/wp\/v2\/media?parent=18593"}],"curies":[{"name":"wp","href":"https:\/\/api.w.org\/{rel}","templated":true}]}}